{"id":230409,"date":"2020-01-17T20:58:45","date_gmt":"2020-01-17T20:58:45","guid":{"rendered":"http:\/\/rctvinternational.com\/?post_type=product&#038;p=230409"},"modified":"2025-03-27T13:45:31","modified_gmt":"2025-03-27T13:45:31","slug":"sol-de-antano","status":"publish","type":"product","link":"https:\/\/www.rctvinternational.com\/en\/product\/sol-de-antano\/","title":{"rendered":"Sol De anta\u00f1o"},"content":{"rendered":"<p style=\"text-align: center;\"><div style=\"width: 100%; min-height: 1px;\" id=\"vimeo-wc-video-69efb87dcbde9\" data-js=\"vimeo-wc-video\" data-atts=\"{&quot;autopause&quot;:&quot;true&quot;,&quot;autoplay&quot;:false,&quot;background&quot;:false,&quot;byline&quot;:&quot;true&quot;,&quot;color&quot;:&quot;none&quot;,&quot;controls&quot;:&quot;true&quot;,&quot;dnt&quot;:&quot;true&quot;,&quot;height&quot;:&quot;none&quot;,&quot;id&quot;:false,&quot;loop&quot;:false,&quot;maxheight&quot;:&quot;none&quot;,&quot;maxwidth&quot;:&quot;none&quot;,&quot;muted&quot;:false,&quot;pip&quot;:false,&quot;playsinline&quot;:&quot;true&quot;,&quot;portrait&quot;:&quot;true&quot;,&quot;quality&quot;:&quot;auto&quot;,&quot;responsive&quot;:&quot;true&quot;,&quot;speed&quot;:false,&quot;texttrack&quot;:&quot;none&quot;,&quot;title&quot;:&quot;true&quot;,&quot;transparent&quot;:true,&quot;url&quot;:&quot;https:\\\/\\\/vimeo.com\\\/385091089&quot;,&quot;width&quot;:&quot;none&quot;}\"><\/div><\/p>\n<p style=\"text-align: center;\">","protected":false},"excerpt":{"rendered":"<p><img decoding=\"async\" loading=\"lazy\" class=\"alignnone wp-image-230471 size-medium\" src=\"https:\/\/www.rctvinternational.com\/wp-content\/uploads\/2020\/01\/claquetas_Unitarios-13-230x300.png\" alt=\"\" width=\"230\" height=\"300\" \/><\/p>\n<p><img decoding=\"async\" loading=\"lazy\" class=\"alignnone size-full wp-image-232350\" src=\"http:\/\/www.rctvinternational.com\/wp-content\/uploads\/2020\/10\/Sinopsis.png\" alt=\"\" width=\"125\" height=\"57\" \/><\/p>\n<p style=\"text-align: justify;\">Los excesos de la vida mundana en Europa llevaron al traste los sue\u00f1os de grandeza como artista pl\u00e1stico de Hilario Altares (<strong>Jean Carlos Simancas<\/strong>). Con frecuencia se refugia en los recuerdos de una venturosa ni\u00f1ez y adolescencia, tiempos de exquisitos olores a flores y frutas en su pueblo natal y de su inolvidable primer amor: <strong>Marcolina<\/strong> (Tatiana Capote).<\/p>\n<p style=\"text-align: justify;\">Tras 20 a\u00f1os de ausencia, regresa a su pa\u00eds natal, para complacer a su insistente madre,\u00a0 quien demanda mayor atenci\u00f3n de su parte, luego de la muerte de su esposo Eleuterio Altares.<\/p>\n<p style=\"text-align: justify;\">A su regreso, Hilario conoce a una joven pueblerina de gran atractivo llamada <strong>Eugenia<\/strong> (Tatiana Capote). De inmediato comienzan a conversar y a intercambiar piropos sin conocer el lazo que los une.<\/p>\n<p style=\"text-align: justify;\">Una conversaci\u00f3n con el due\u00f1o de una posada, quien ten\u00eda un cuadro escondido en un rinc\u00f3n polvoriento y obscuro, le revelan las insospechadas consecuencias de su partida hacia Par\u00eds hace dos d\u00e9cadas atr\u00e1s.<\/p>\n<p>&nbsp;<\/p>\n<p style=\"text-align: justify;\"><img decoding=\"async\" loading=\"lazy\" class=\"alignnone size-full wp-image-231431\" src=\"http:\/\/www.rctvinternational.com\/wp-content\/uploads\/2020\/04\/deberias-saber-que.jpg\" alt=\"\" width=\"265\" height=\"39\" \/><\/p>\n<p style=\"text-align: justify;\">Sonia Chocr\u00f3n, escritora venezolana, tuvo la responsabilidad de elaborar los guiones de <strong><em>Sol de Anta\u00f1o<\/em><\/strong> y <strong><em>Los Inmigrantes<\/em><\/strong> pertenecientes al<strong> Ciclo de Oro de R\u00f3mulo Gallegos<\/strong>. Su trabajo literario al igual que los guiones cinematogr\u00e1ficos realizados le ha valido un reconocimiento que trasciende las fronteras venezolanas. Por invitaci\u00f3n del Premio Nobel fund\u00f3 el Escritorio Cinematogr\u00e1fico Gabriel Garc\u00eda M\u00e1rquez.<\/p>","protected":false},"featured_media":231300,"template":"","meta":{"_et_pb_use_builder":"","_et_pb_old_content":"","_et_gb_content_width":""},"product_cat":[24],"product_tag":[271,273,272,231,215,274],"acf":[],"_links":{"self":[{"href":"https:\/\/www.rctvinternational.com\/en\/wp-json\/wp\/v2\/product\/230409"}],"collection":[{"href":"https:\/\/www.rctvinternational.com\/en\/wp-json\/wp\/v2\/product"}],"about":[{"href":"https:\/\/www.rctvinternational.com\/en\/wp-json\/wp\/v2\/types\/product"}],"wp:featuredmedia":[{"embeddable":true,"href":"https:\/\/www.rctvinternational.com\/en\/wp-json\/wp\/v2\/media\/231300"}],"wp:attachment":[{"href":"https:\/\/www.rctvinternational.com\/en\/wp-json\/wp\/v2\/media?parent=230409"}],"wp:term":[{"taxonomy":"product_cat","embeddable":true,"href":"https:\/\/www.rctvinternational.com\/en\/wp-json\/wp\/v2\/product_cat?post=230409"},{"taxonomy":"product_tag","embeddable":true,"href":"https:\/\/www.rctvinternational.com\/en\/wp-json\/wp\/v2\/product_tag?post=230409"}],"curies":[{"name":"wp","href":"https:\/\/api.w.org\/{rel}","templated":true}]}}