{"id":230406,"date":"2020-01-17T19:22:58","date_gmt":"2020-01-17T19:22:58","guid":{"rendered":"http:\/\/rctvinternational.com\/?post_type=product&#038;p=230406"},"modified":"2025-03-27T13:39:38","modified_gmt":"2025-03-27T13:39:38","slug":"la-hora-menguada","status":"publish","type":"product","link":"https:\/\/www.rctvinternational.com\/en\/product\/la-hora-menguada\/","title":{"rendered":"La Hora Menguada"},"content":{"rendered":"<p style=\"text-align: center;\"><div style=\"width: 100%; min-height: 1px;\" id=\"vimeo-wc-video-69f443091a32c\" data-js=\"vimeo-wc-video\" data-atts=\"{&quot;autopause&quot;:&quot;true&quot;,&quot;autoplay&quot;:false,&quot;background&quot;:false,&quot;byline&quot;:&quot;true&quot;,&quot;color&quot;:&quot;none&quot;,&quot;controls&quot;:&quot;true&quot;,&quot;dnt&quot;:&quot;true&quot;,&quot;height&quot;:&quot;none&quot;,&quot;id&quot;:false,&quot;loop&quot;:false,&quot;maxheight&quot;:&quot;none&quot;,&quot;maxwidth&quot;:&quot;none&quot;,&quot;muted&quot;:false,&quot;pip&quot;:false,&quot;playsinline&quot;:&quot;true&quot;,&quot;portrait&quot;:&quot;true&quot;,&quot;quality&quot;:&quot;auto&quot;,&quot;responsive&quot;:&quot;true&quot;,&quot;speed&quot;:false,&quot;texttrack&quot;:&quot;none&quot;,&quot;title&quot;:&quot;true&quot;,&quot;transparent&quot;:true,&quot;url&quot;:&quot;https:\\\/\\\/vimeo.com\\\/384604054&quot;,&quot;width&quot;:&quot;none&quot;}\"><\/div><\/p>\n<p>&nbsp;<\/p>\n<p style=\"text-align: justify;\">","protected":false},"excerpt":{"rendered":"<p>&nbsp;<\/p>\n<p><img decoding=\"async\" loading=\"lazy\" class=\"alignnone wp-image-230436 size-medium\" src=\"https:\/\/www.rctvinternational.com\/wp-content\/uploads\/2020\/01\/claquetas_Unitarios-11-230x300.png\" alt=\"\" width=\"230\" height=\"300\" \/><\/p>\n<p><img decoding=\"async\" loading=\"lazy\" class=\"alignnone size-full wp-image-232350\" src=\"http:\/\/www.rctvinternational.com\/wp-content\/uploads\/2020\/10\/Sinopsis.png\" alt=\"\" width=\"125\" height=\"57\" \/><\/p>\n<p>Enriqueta (<strong>Doris Wells<\/strong>), en medio del dolor por la p\u00e9rdida de su esposo Adolfo (<strong>Aroldo Betancourt<\/strong>) descubre que su hermana Amelia (<strong>Marina Baura<\/strong>) sostuvo encuentros amorosos con \u00e9l y de esa relaci\u00f3n espera un hijo.<\/p>\n<p style=\"text-align: justify;\">Enriqueta encuentra dif\u00edcil lidiar con el sufrimiento, los sentimientos de frustraci\u00f3n y la verg\u00fcenza que le produce ante los dem\u00e1s. La desesperaci\u00f3n la lleva a tomar una medida dr\u00e1stica: simula un embarazo hasta el nacimiento del ni\u00f1o a quien asume como suyo.<\/p>\n<p style=\"text-align: justify;\">Amelia, dolorosamente, acepta el convenio por haber traicionado a su hermana. La relaci\u00f3n entre las ellas se desarrolla en un ambiente de continua conflictividad, pero con dificultad logran mantener las apariencias ante el peque\u00f1o Adolfo durante su crecimiento.<\/p>\n<p style=\"text-align: justify;\">Sin embargo, el dolor entre ambas se hace imposible de desarraigar y el menor desacuerdo desata una andanada de mutuas acusaciones con terribles consecuencias para los tres.<\/p>\n<p>&nbsp;<\/p>\n<p><img decoding=\"async\" loading=\"lazy\" class=\"alignnone size-full wp-image-231431\" src=\"http:\/\/www.rctvinternational.com\/wp-content\/uploads\/2020\/04\/deberias-saber-que.jpg\" alt=\"\" width=\"265\" height=\"39\" \/><\/p>\n<p style=\"text-align: justify;\"><strong>La Hora Menguada<\/strong>\u00a0adem\u00e1s de contar con esta versi\u00f3n de Laura Antillano, ha sido presentada en forma de melodrama en Estados Unidos, obteniendo opiniones positivas de quienes vieron la obra. Las actrices <strong>Indira Leal<\/strong> y <strong>Geisy Rojas<\/strong>, han interpretado a Enriqueta y a Amalia con gran \u00e9xito y aceptaci\u00f3n.<\/p>","protected":false},"featured_media":233158,"template":"","meta":{"_et_pb_use_builder":"","_et_pb_old_content":"","_et_gb_content_width":""},"product_cat":[24],"product_tag":[270,233,221,234,231],"acf":[],"_links":{"self":[{"href":"https:\/\/www.rctvinternational.com\/en\/wp-json\/wp\/v2\/product\/230406"}],"collection":[{"href":"https:\/\/www.rctvinternational.com\/en\/wp-json\/wp\/v2\/product"}],"about":[{"href":"https:\/\/www.rctvinternational.com\/en\/wp-json\/wp\/v2\/types\/product"}],"wp:featuredmedia":[{"embeddable":true,"href":"https:\/\/www.rctvinternational.com\/en\/wp-json\/wp\/v2\/media\/233158"}],"wp:attachment":[{"href":"https:\/\/www.rctvinternational.com\/en\/wp-json\/wp\/v2\/media?parent=230406"}],"wp:term":[{"taxonomy":"product_cat","embeddable":true,"href":"https:\/\/www.rctvinternational.com\/en\/wp-json\/wp\/v2\/product_cat?post=230406"},{"taxonomy":"product_tag","embeddable":true,"href":"https:\/\/www.rctvinternational.com\/en\/wp-json\/wp\/v2\/product_tag?post=230406"}],"curies":[{"name":"wp","href":"https:\/\/api.w.org\/{rel}","templated":true}]}}