{"id":230404,"date":"2020-01-18T22:04:45","date_gmt":"2020-01-18T22:04:45","guid":{"rendered":"http:\/\/rctvinternational.com\/?post_type=product&#038;p=230404"},"modified":"2025-03-27T14:00:34","modified_gmt":"2025-03-27T14:00:34","slug":"maria-de-san-jose","status":"publish","type":"product","link":"https:\/\/www.rctvinternational.com\/en\/product\/maria-de-san-jose\/","title":{"rendered":"Mar\u00eda De San Jos\u00e9"},"content":{"rendered":"<p style=\"text-align: center;\"><div style=\"width: 100%; min-height: 1px;\" id=\"vimeo-wc-video-69efbafeec196\" data-js=\"vimeo-wc-video\" data-atts=\"{&quot;autopause&quot;:&quot;true&quot;,&quot;autoplay&quot;:false,&quot;background&quot;:false,&quot;byline&quot;:&quot;true&quot;,&quot;color&quot;:&quot;none&quot;,&quot;controls&quot;:&quot;true&quot;,&quot;dnt&quot;:&quot;true&quot;,&quot;height&quot;:&quot;none&quot;,&quot;id&quot;:false,&quot;loop&quot;:false,&quot;maxheight&quot;:&quot;none&quot;,&quot;maxwidth&quot;:&quot;none&quot;,&quot;muted&quot;:false,&quot;pip&quot;:false,&quot;playsinline&quot;:&quot;true&quot;,&quot;portrait&quot;:&quot;true&quot;,&quot;quality&quot;:&quot;auto&quot;,&quot;responsive&quot;:&quot;true&quot;,&quot;speed&quot;:false,&quot;texttrack&quot;:&quot;none&quot;,&quot;title&quot;:&quot;true&quot;,&quot;transparent&quot;:true,&quot;url&quot;:&quot;https:\\\/\\\/vimeo.com\\\/385092059&quot;,&quot;width&quot;:&quot;none&quot;}\"><\/div><\/p>\n<p style=\"text-align: justify;\">","protected":false},"excerpt":{"rendered":"<p><img decoding=\"async\" loading=\"lazy\" class=\"alignnone wp-image-230466 size-medium\" src=\"http:\/\/www.rctvinternational.com\/wp-content\/uploads\/2020\/01\/claquetas_Unitarios-15-231x300.png\" alt=\"\" width=\"231\" height=\"300\" \/><\/p>\n<p><img decoding=\"async\" loading=\"lazy\" class=\"alignnone wp-image-232350 size-full\" src=\"http:\/\/www.rctvinternational.com\/wp-content\/uploads\/2020\/10\/Sinopsis.png\" alt=\"\" width=\"125\" height=\"57\" \/><\/p>\n<p style=\"text-align: justify;\">Laura (<strong>Caridad Canel\u00f3n<\/strong>) se abstrae con facilidad de los placeres y vanidades convencionales del entorno familiar al cual pertenece. Lejos de eso, m\u00e1s bien siente la necesidad de ayudar al desvalido, al pobre cuyos recursos econ\u00f3micos no le permiten el menor de los requerimientos b\u00e1sicos.<\/p>\n<p style=\"text-align: justify;\">Su timidez y pureza de coraz\u00f3n la llevan a convertirse en monja con el firme deseo de servir a los dem\u00e1s. Por eso, a los 17 a\u00f1os decide consagrarse a Dios, toma el nombre de <strong>Mar\u00eda de San Jos\u00e9<\/strong> y se dedica a socorrer a los pobres.<\/p>\n<p style=\"text-align: justify;\">Su incansable dedicaci\u00f3n la hicieron s\u00edmbolo de su natal estado Aragua, en Venezuela, donde es venerada con gran fervor. A los 85 a\u00f1os de edad debe abandonar el cargo de Superiora por el avance de su enfermedad. Para algunos, su extraordinaria labor palidece ante el hecho de que sus restos permanecen intactos despu\u00e9s de m\u00e1s de 50 a\u00f1os de haber sido sepultada.<\/p>\n<p>&nbsp;<\/p>\n<p><img decoding=\"async\" loading=\"lazy\" class=\"alignnone wp-image-231431 size-full\" src=\"http:\/\/www.rctvinternational.com\/wp-content\/uploads\/2020\/04\/deberias-saber-que.jpg\" alt=\"\" width=\"265\" height=\"39\" \/><\/p>\n<p>En\u00a0la ciudad de Maracay, capital del estado Aragua, en Venezuela, se encuentra el Santuario de la Madre Mar\u00eda de San Jos\u00e9. All\u00ed se puede apreciar el cuerpo inalterado de la beata en una urna de cristal.<\/p>","protected":false},"featured_media":231302,"template":"","meta":{"_et_pb_use_builder":"","_et_pb_old_content":"","_et_gb_content_width":""},"product_cat":[24],"product_tag":[269,225],"acf":[],"_links":{"self":[{"href":"https:\/\/www.rctvinternational.com\/en\/wp-json\/wp\/v2\/product\/230404"}],"collection":[{"href":"https:\/\/www.rctvinternational.com\/en\/wp-json\/wp\/v2\/product"}],"about":[{"href":"https:\/\/www.rctvinternational.com\/en\/wp-json\/wp\/v2\/types\/product"}],"wp:featuredmedia":[{"embeddable":true,"href":"https:\/\/www.rctvinternational.com\/en\/wp-json\/wp\/v2\/media\/231302"}],"wp:attachment":[{"href":"https:\/\/www.rctvinternational.com\/en\/wp-json\/wp\/v2\/media?parent=230404"}],"wp:term":[{"taxonomy":"product_cat","embeddable":true,"href":"https:\/\/www.rctvinternational.com\/en\/wp-json\/wp\/v2\/product_cat?post=230404"},{"taxonomy":"product_tag","embeddable":true,"href":"https:\/\/www.rctvinternational.com\/en\/wp-json\/wp\/v2\/product_tag?post=230404"}],"curies":[{"name":"wp","href":"https:\/\/api.w.org\/{rel}","templated":true}]}}