{"id":230400,"date":"2020-01-18T23:14:40","date_gmt":"2020-01-18T23:14:40","guid":{"rendered":"http:\/\/rctvinternational.com\/?post_type=product&#038;p=230400"},"modified":"2025-03-27T14:05:18","modified_gmt":"2025-03-27T14:05:18","slug":"virgen-de-coromoto","status":"publish","type":"product","link":"https:\/\/www.rctvinternational.com\/en\/product\/virgen-de-coromoto\/","title":{"rendered":"Virgen De Coromoto"},"content":{"rendered":"<p style=\"text-align: center;\"><div style=\"width: 100%; min-height: 1px;\" id=\"vimeo-wc-video-69efb8f53f3b3\" data-js=\"vimeo-wc-video\" data-atts=\"{&quot;autopause&quot;:&quot;true&quot;,&quot;autoplay&quot;:false,&quot;background&quot;:false,&quot;byline&quot;:&quot;true&quot;,&quot;color&quot;:&quot;none&quot;,&quot;controls&quot;:&quot;true&quot;,&quot;dnt&quot;:&quot;true&quot;,&quot;height&quot;:&quot;none&quot;,&quot;id&quot;:false,&quot;loop&quot;:false,&quot;maxheight&quot;:&quot;none&quot;,&quot;maxwidth&quot;:&quot;none&quot;,&quot;muted&quot;:false,&quot;pip&quot;:false,&quot;playsinline&quot;:&quot;true&quot;,&quot;portrait&quot;:&quot;true&quot;,&quot;quality&quot;:&quot;auto&quot;,&quot;responsive&quot;:&quot;true&quot;,&quot;speed&quot;:false,&quot;texttrack&quot;:&quot;none&quot;,&quot;title&quot;:&quot;true&quot;,&quot;transparent&quot;:true,&quot;url&quot;:&quot;https:\\\/\\\/vimeo.com\\\/385095108&quot;,&quot;width&quot;:&quot;none&quot;}\"><\/div><\/p>\n<p style=\"text-align: justify;\">","protected":false},"excerpt":{"rendered":"<p style=\"text-align: justify;\"><img decoding=\"async\" loading=\"lazy\" class=\"alignnone wp-image-230465 size-medium\" src=\"http:\/\/www.rctvinternational.com\/wp-content\/uploads\/2020\/01\/claquetas_Unitarios-16-230x300.png\" alt=\"\" width=\"230\" height=\"300\" \/><\/p>\n<p style=\"text-align: justify;\"><img decoding=\"async\" loading=\"lazy\" class=\"alignnone size-full wp-image-232350\" src=\"http:\/\/www.rctvinternational.com\/wp-content\/uploads\/2020\/10\/Sinopsis.png\" alt=\"\" width=\"125\" height=\"57\" \/><\/p>\n<p style=\"text-align: justify;\">Ante el grito desesperado de Jos\u00e9 Gabriel, un ind\u00edgena que clama por guerra, se aparece la<strong> Virgen de Coromoto<\/strong> (<strong>Carmen Julia \u00c1lvarez<\/strong>) quien le advierte que no es un hombre de ese tipo de confrontaciones y que debe velar por la paz de su pueblo.<\/p>\n<p style=\"text-align: justify;\">Jos\u00e9 Gabriel est\u00e1 enfrentado a Don Rodrigo, un f\u00e9rreo opresor espa\u00f1ol a quien no le tiembla el pulso para aplicar los castigos m\u00e1s crueles con la intenci\u00f3n de que sirva de ejemplo a quienes siquiera piensen en sublevarse. Considera a los ind\u00edgenas menos que seres humanos y considera que sus creencias son diab\u00f3licas.<\/p>\n<p style=\"text-align: justify;\">Tras la aparici\u00f3n de la virgen, Jos\u00e9 Gabriel se convierte y en lugar de rebeli\u00f3n comienza a dar testimonio de fe mariana a la comunidad. De acuerdo con la leyenda, a partir de entonces sus apariciones se llevan a cabo con m\u00e1s frecuencia y se producen sanaciones de las m\u00e1s diversas enfermedades de la \u00e9poca que son consideradas milagrosas.<\/p>\n<p>&nbsp;<\/p>\n<p><img decoding=\"async\" loading=\"lazy\" class=\"alignnone size-full wp-image-231431\" src=\"http:\/\/www.rctvinternational.com\/wp-content\/uploads\/2020\/04\/deberias-saber-que.jpg\" alt=\"\" width=\"265\" height=\"39\" \/><\/p>\n<p style=\"text-align: justify;\">En varios pa\u00edses de Europa y Latinoam\u00e9rica se encuentran r\u00e9plicas de <strong>La Virgen de Coromoto, patrona de Venezuela<\/strong>. Entre ellos se encuentran: Espa\u00f1a (en Islas Canarias y Madrid) M\u00e9xico (en la Iglesia de San Miguel Arc\u00e1ngel en la Ciudad de Villahermosa) y Buenos Aires, Argentina, en la Parroquia Nuestra Se\u00f1ora de Balvanera entre otros. Por el \u00e9xodo masivo de venezolanos hacia Lima, Per\u00fa, se ha entronizado la imagen de la Virgen de Coromoto en ese pa\u00eds.<\/p>","protected":false},"featured_media":231308,"template":"","meta":{"_et_pb_use_builder":"","_et_pb_old_content":"","_et_gb_content_width":""},"product_cat":[24],"product_tag":[275,227],"acf":[],"_links":{"self":[{"href":"https:\/\/www.rctvinternational.com\/en\/wp-json\/wp\/v2\/product\/230400"}],"collection":[{"href":"https:\/\/www.rctvinternational.com\/en\/wp-json\/wp\/v2\/product"}],"about":[{"href":"https:\/\/www.rctvinternational.com\/en\/wp-json\/wp\/v2\/types\/product"}],"wp:featuredmedia":[{"embeddable":true,"href":"https:\/\/www.rctvinternational.com\/en\/wp-json\/wp\/v2\/media\/231308"}],"wp:attachment":[{"href":"https:\/\/www.rctvinternational.com\/en\/wp-json\/wp\/v2\/media?parent=230400"}],"wp:term":[{"taxonomy":"product_cat","embeddable":true,"href":"https:\/\/www.rctvinternational.com\/en\/wp-json\/wp\/v2\/product_cat?post=230400"},{"taxonomy":"product_tag","embeddable":true,"href":"https:\/\/www.rctvinternational.com\/en\/wp-json\/wp\/v2\/product_tag?post=230400"}],"curies":[{"name":"wp","href":"https:\/\/api.w.org\/{rel}","templated":true}]}}