{"id":230398,"date":"2020-01-18T22:16:49","date_gmt":"2020-01-18T22:16:49","guid":{"rendered":"http:\/\/rctvinternational.com\/?post_type=product&#038;p=230398"},"modified":"2025-03-27T14:02:02","modified_gmt":"2025-03-27T14:02:02","slug":"virgen-de-la-chiquinquira","status":"publish","type":"product","link":"https:\/\/www.rctvinternational.com\/en\/product\/virgen-de-la-chiquinquira\/","title":{"rendered":"Virgen De La Chiquinquir\u00e1"},"content":{"rendered":"<p style=\"text-align: center;\"><div style=\"width: 100%; min-height: 1px;\" id=\"vimeo-wc-video-69efb8f65db90\" data-js=\"vimeo-wc-video\" data-atts=\"{&quot;autopause&quot;:&quot;true&quot;,&quot;autoplay&quot;:false,&quot;background&quot;:false,&quot;byline&quot;:&quot;true&quot;,&quot;color&quot;:&quot;none&quot;,&quot;controls&quot;:&quot;true&quot;,&quot;dnt&quot;:&quot;true&quot;,&quot;height&quot;:&quot;none&quot;,&quot;id&quot;:false,&quot;loop&quot;:false,&quot;maxheight&quot;:&quot;none&quot;,&quot;maxwidth&quot;:&quot;none&quot;,&quot;muted&quot;:false,&quot;pip&quot;:false,&quot;playsinline&quot;:&quot;true&quot;,&quot;portrait&quot;:&quot;true&quot;,&quot;quality&quot;:&quot;auto&quot;,&quot;responsive&quot;:&quot;true&quot;,&quot;speed&quot;:false,&quot;texttrack&quot;:&quot;none&quot;,&quot;title&quot;:&quot;true&quot;,&quot;transparent&quot;:true,&quot;url&quot;:&quot;https:\\\/\\\/vimeo.com\\\/385091474&quot;,&quot;width&quot;:&quot;none&quot;}\"><\/div><\/p>","protected":false},"excerpt":{"rendered":"<p><img decoding=\"async\" loading=\"lazy\" class=\"alignnone wp-image-230472 size-medium\" src=\"http:\/\/www.rctvinternational.com\/wp-content\/uploads\/2020\/01\/claquetas_Unitarios-14-230x300.png\" alt=\"\" width=\"230\" height=\"300\" \/><\/p>\n<p><img decoding=\"async\" loading=\"lazy\" class=\"alignnone size-full wp-image-232350\" src=\"http:\/\/www.rctvinternational.com\/wp-content\/uploads\/2020\/10\/Sinopsis.png\" alt=\"\" width=\"125\" height=\"57\" \/><\/p>\n<p style=\"text-align: justify;\">La leyenda cuenta que una ind\u00edgena de nombre Isabel (<strong>Caridad Canel\u00f3n<\/strong>) de la regi\u00f3n occidental de Venezuela encontr\u00f3 una tabla con la figura de la <strong>Virgen de la Chiquinquir\u00e1<\/strong> y decidi\u00f3 conservarla junto con otros santos por considerar que se trataba de un regalo de la divinidad.<\/p>\n<p style=\"text-align: justify;\">Ella espera que la Virgen le conceda el milagro de poder reunirse con Celestino (<strong>Franklin Virg\u00fcez<\/strong>) el hombre que ama, pero teme a su amo, quien ha prometido quitarle la vida si se atreve acercarse a Isabel.<\/p>\n<p style=\"text-align: justify;\">Los ind\u00edgenas de inmediato consideran que se trata de una enviada para protegerlos de los maltratos e injusticias de sus patronos que inflig\u00edan severos castigos a quienes desobedecen sus mandatos.<\/p>\n<p style=\"text-align: justify;\">Una fuerte peste azota a la comunidad con terribles consecuencias para sus habitantes. Entonces recurren a la Virgen de Chiquinquir\u00e1, a quien le atribuyen el milagro de la sanaci\u00f3n de todos los afectados en la zona.<\/p>\n<p style=\"text-align: justify;\">La noticia se esparce sobre todo el territorio venezolano con el consecuente crecimiento de un de las mayores devociones marianas en el pa\u00eds y Latinoam\u00e9rica.<\/p>\n<p><img decoding=\"async\" loading=\"lazy\" class=\"alignnone wp-image-231431 size-full\" src=\"http:\/\/www.rctvinternational.com\/wp-content\/uploads\/2020\/04\/deberias-saber-que.jpg\" alt=\"\" width=\"265\" height=\"39\" \/><\/p>\n<p style=\"text-align: justify;\">La devoci\u00f3n a la <strong>Virgen de la Chiquinquir\u00e1<\/strong> se lleva a cabo cada a\u00f1o desde el 11 hasta el 18 de noviembre con diversos actos y una procesi\u00f3n que es cubierta por diversas cadenas de televisi\u00f3n en Venezuela. Los devotos, especialmente del estado Zulia, colman las calles para apreciar la representaci\u00f3n de la virgen en un altar.<\/p>","protected":false},"featured_media":231304,"template":"","meta":{"_et_pb_use_builder":"","_et_pb_old_content":"","_et_gb_content_width":""},"product_cat":[24],"product_tag":[269,392,228],"acf":[],"_links":{"self":[{"href":"https:\/\/www.rctvinternational.com\/en\/wp-json\/wp\/v2\/product\/230398"}],"collection":[{"href":"https:\/\/www.rctvinternational.com\/en\/wp-json\/wp\/v2\/product"}],"about":[{"href":"https:\/\/www.rctvinternational.com\/en\/wp-json\/wp\/v2\/types\/product"}],"wp:featuredmedia":[{"embeddable":true,"href":"https:\/\/www.rctvinternational.com\/en\/wp-json\/wp\/v2\/media\/231304"}],"wp:attachment":[{"href":"https:\/\/www.rctvinternational.com\/en\/wp-json\/wp\/v2\/media?parent=230398"}],"wp:term":[{"taxonomy":"product_cat","embeddable":true,"href":"https:\/\/www.rctvinternational.com\/en\/wp-json\/wp\/v2\/product_cat?post=230398"},{"taxonomy":"product_tag","embeddable":true,"href":"https:\/\/www.rctvinternational.com\/en\/wp-json\/wp\/v2\/product_tag?post=230398"}],"curies":[{"name":"wp","href":"https:\/\/api.w.org\/{rel}","templated":true}]}}