{"id":230396,"date":"2020-01-17T23:30:22","date_gmt":"2020-01-17T23:30:22","guid":{"rendered":"http:\/\/rctvinternational.com\/?post_type=product&#038;p=230396"},"modified":"2025-03-27T13:50:39","modified_gmt":"2025-03-27T13:50:39","slug":"la-mano","status":"publish","type":"product","link":"https:\/\/www.rctvinternational.com\/en\/product\/la-mano\/","title":{"rendered":"La Mano"},"content":{"rendered":"<p style=\"text-align: center;\"><div style=\"width: 100%; min-height: 1px;\" id=\"vimeo-wc-video-69efb901951b9\" data-js=\"vimeo-wc-video\" data-atts=\"{&quot;autopause&quot;:&quot;true&quot;,&quot;autoplay&quot;:false,&quot;background&quot;:false,&quot;byline&quot;:&quot;true&quot;,&quot;color&quot;:&quot;none&quot;,&quot;controls&quot;:&quot;true&quot;,&quot;dnt&quot;:&quot;true&quot;,&quot;height&quot;:&quot;none&quot;,&quot;id&quot;:false,&quot;loop&quot;:false,&quot;maxheight&quot;:&quot;none&quot;,&quot;maxwidth&quot;:&quot;none&quot;,&quot;muted&quot;:false,&quot;pip&quot;:false,&quot;playsinline&quot;:&quot;true&quot;,&quot;portrait&quot;:&quot;true&quot;,&quot;quality&quot;:&quot;auto&quot;,&quot;responsive&quot;:&quot;true&quot;,&quot;speed&quot;:false,&quot;texttrack&quot;:&quot;none&quot;,&quot;title&quot;:&quot;true&quot;,&quot;transparent&quot;:true,&quot;url&quot;:&quot;https:\\\/\\\/vimeo.com\\\/384604858&quot;,&quot;width&quot;:&quot;none&quot;}\"><\/div><\/p>\n<p style=\"text-align: center;\">","protected":false},"excerpt":{"rendered":"<p><img decoding=\"async\" loading=\"lazy\" class=\"alignnone wp-image-230470 size-medium\" src=\"http:\/\/www.rctvinternational.com\/wp-content\/uploads\/2020\/01\/claquetas_Unitarios-10-230x300.png\" alt=\"\" width=\"230\" height=\"300\" \/><\/p>\n<p><img decoding=\"async\" loading=\"lazy\" class=\"alignnone size-full wp-image-232350\" src=\"http:\/\/www.rctvinternational.com\/wp-content\/uploads\/2020\/10\/Sinopsis.png\" alt=\"\" width=\"125\" height=\"57\" \/><\/p>\n<p style=\"text-align: justify;\">Armandito (<strong>Tony Rodr\u00edguez<\/strong>) llega a la ciudad y alquila una habitaci\u00f3n en una posada sin tener la menor idea del terror que le espera apenas entre al cuarto del muerto, como lo llaman el resto de los pensionados.<\/p>\n<p style=\"text-align: justify;\">Y es que el dormitorio guarda una espantosa sorpresa para sus hu\u00e9spedes: la mano, una extremidad que posee vida propia, cuyo origen es un misterio aunque definitivamente demon\u00edaco.<\/p>\n<p style=\"text-align: justify;\"><strong>Armandito<\/strong> sufre una descarga el\u00e9ctrica producida por la mano, que lo deja inconsciente. Al despertar se da cuenta que le han injertado la mano y esta toma control de su vida llev\u00e1ndolo a realizar actos que jam\u00e1s hubiera imaginado\u2026 o atrevido.<\/p>\n<p style=\"text-align: justify;\">Su vida es un caos, parecen interminables los problemas en los que se encuentra, pero la \u00fanica opci\u00f3n para liberarse de semejante maleficio podr\u00eda tener un costo muy alto.<\/p>\n<p>&nbsp;<\/p>\n<p><img decoding=\"async\" loading=\"lazy\" class=\"alignnone size-full wp-image-231431\" src=\"http:\/\/www.rctvinternational.com\/wp-content\/uploads\/2020\/04\/deberias-saber-que.jpg\" alt=\"\" width=\"265\" height=\"39\" \/><\/p>\n<p style=\"text-align: justify;\"><strong>RCTV Producciones\u00a0<\/strong>con esta producci\u00f3n incursiona exitosamente dentro del g\u00e9nero de suspenso, con la participaci\u00f3n de Tony Rodr\u00edguez en la direcci\u00f3n y el escritor Kiko Olivieri. Rodr\u00edguez, quien funge como protagonista en este filme, es un avezado director con un sin n\u00famero de producciones dram\u00e1ticas dentro y fuera de Venezuela.<\/p>","protected":false},"featured_media":231301,"template":"","meta":{"_et_pb_use_builder":"","_et_pb_old_content":"","_et_gb_content_width":""},"product_cat":[24],"product_tag":[213,268],"acf":[],"_links":{"self":[{"href":"https:\/\/www.rctvinternational.com\/en\/wp-json\/wp\/v2\/product\/230396"}],"collection":[{"href":"https:\/\/www.rctvinternational.com\/en\/wp-json\/wp\/v2\/product"}],"about":[{"href":"https:\/\/www.rctvinternational.com\/en\/wp-json\/wp\/v2\/types\/product"}],"wp:featuredmedia":[{"embeddable":true,"href":"https:\/\/www.rctvinternational.com\/en\/wp-json\/wp\/v2\/media\/231301"}],"wp:attachment":[{"href":"https:\/\/www.rctvinternational.com\/en\/wp-json\/wp\/v2\/media?parent=230396"}],"wp:term":[{"taxonomy":"product_cat","embeddable":true,"href":"https:\/\/www.rctvinternational.com\/en\/wp-json\/wp\/v2\/product_cat?post=230396"},{"taxonomy":"product_tag","embeddable":true,"href":"https:\/\/www.rctvinternational.com\/en\/wp-json\/wp\/v2\/product_tag?post=230396"}],"curies":[{"name":"wp","href":"https:\/\/api.w.org\/{rel}","templated":true}]}}