{"id":230392,"date":"2020-01-18T23:00:33","date_gmt":"2020-01-18T23:00:33","guid":{"rendered":"http:\/\/rctvinternational.com\/?post_type=product&#038;p=230392"},"modified":"2025-03-27T14:04:35","modified_gmt":"2025-03-27T14:04:35","slug":"expedicion-isla-galapagos","status":"publish","type":"product","link":"https:\/\/www.rctvinternational.com\/en\/product\/expedicion-isla-galapagos\/","title":{"rendered":"Expedici\u00f3n Isla Gal\u00e1pagos"},"content":{"rendered":"<p style=\"text-align: center;\"><div style=\"width: 100%; min-height: 1px;\" id=\"vimeo-wc-video-69efb8f53e017\" data-js=\"vimeo-wc-video\" data-atts=\"{&quot;autopause&quot;:&quot;true&quot;,&quot;autoplay&quot;:false,&quot;background&quot;:false,&quot;byline&quot;:&quot;true&quot;,&quot;color&quot;:&quot;none&quot;,&quot;controls&quot;:&quot;true&quot;,&quot;dnt&quot;:&quot;true&quot;,&quot;height&quot;:&quot;none&quot;,&quot;id&quot;:false,&quot;loop&quot;:false,&quot;maxheight&quot;:&quot;none&quot;,&quot;maxwidth&quot;:&quot;none&quot;,&quot;muted&quot;:false,&quot;pip&quot;:false,&quot;playsinline&quot;:&quot;true&quot;,&quot;portrait&quot;:&quot;true&quot;,&quot;quality&quot;:&quot;auto&quot;,&quot;responsive&quot;:&quot;true&quot;,&quot;speed&quot;:false,&quot;texttrack&quot;:&quot;none&quot;,&quot;title&quot;:&quot;true&quot;,&quot;transparent&quot;:true,&quot;url&quot;:&quot;https:\\\/\\\/vimeo.com\\\/384603172&quot;,&quot;width&quot;:&quot;none&quot;}\"><\/div><\/p>\n<p>&nbsp;<\/p>","protected":false},"excerpt":{"rendered":"<p><img decoding=\"async\" loading=\"lazy\" class=\"alignnone wp-image-230477 size-medium\" src=\"https:\/\/www.rctvinternational.com\/wp-content\/uploads\/2020\/01\/claquetas_Unitarios-17-1-289x300.png\" alt=\"\" width=\"289\" height=\"300\" \/><\/p>\n<p><img decoding=\"async\" loading=\"lazy\" class=\"alignnone size-full wp-image-232350\" src=\"http:\/\/www.rctvinternational.com\/wp-content\/uploads\/2020\/10\/Sinopsis.png\" alt=\"\" width=\"125\" height=\"57\" \/><\/p>\n<p style=\"text-align: justify;\"><strong>Las Gal\u00e1pagos<\/strong> son un grupo extenso de islas e islotes que constituyen un archipi\u00e9lago ubicado en las costas de Ecuador. Son los \u00fanicos archipi\u00e9lagos del mundo que poseen terreno en los hemisferios norte y sur.<\/p>\n<p style=\"text-align: justify;\">Las islas Encantadas, como tambi\u00e9n se les llama, no dan cabida a la ambici\u00f3n humana. La leyenda habla de los horrores que les espera a quienes se atreven a mirarlas con codicia. Y es que la Maldici\u00f3n de la Tortuga se cumple indefectiblemente en ese paraje ubicado a m\u00e1s de mil kil\u00f3metros de oc\u00e9ano de la costa m\u00e1s cercana.<\/p>\n<p style=\"text-align: justify;\">Los piratas ingleses, que aprovecharon estas islas para esconderse y emboscar a las embarcaciones espa\u00f1olas que tra\u00edan riquezas como oro y plata a Am\u00e9rica, fueron v\u00edctimas de esta condenaci\u00f3n.<\/p>\n<p style=\"text-align: justify;\">Estas tienen una antig\u00fcedad de aproximadamente 5 millones de a\u00f1os, formada por la actividad tect\u00f3nica que se lleva a cabo en el fondo marino.\u00a0Varias de ellas, a simple vista asemejan formaciones rocosas, en realidad constituyen la cima de algunos volcanes.<\/p>\n<p>&nbsp;<\/p>\n<p><img decoding=\"async\" loading=\"lazy\" class=\"alignnone size-full wp-image-231431\" src=\"http:\/\/www.rctvinternational.com\/wp-content\/uploads\/2020\/04\/deberias-saber-que.jpg\" alt=\"\" width=\"265\" height=\"39\" \/><\/p>\n<p style=\"text-align: justify;\"><strong>Las Islas Gal\u00e1pagos<\/strong> forma parte de una serie de documentales de car\u00e1cter ecol\u00f3gico y conservacionistas realizados por <strong>RCTV<\/strong> y denominados<strong> Expedici\u00f3n<\/strong>. Para ello, la planta televisiva venezolana cont\u00f3 con la participaci\u00f3n de diversos productores, escritores, cient\u00edficos, actores, editores y camar\u00f3grafos. Por su gran calidad, <strong>Discovery Channel<\/strong> se ha sumado a los canales internacionales que han transmitido estos programas.<\/p>","protected":false},"featured_media":231307,"template":"","meta":{"_et_pb_use_builder":"","_et_pb_old_content":"","_et_gb_content_width":""},"product_cat":[24],"product_tag":[230],"acf":[],"_links":{"self":[{"href":"https:\/\/www.rctvinternational.com\/en\/wp-json\/wp\/v2\/product\/230392"}],"collection":[{"href":"https:\/\/www.rctvinternational.com\/en\/wp-json\/wp\/v2\/product"}],"about":[{"href":"https:\/\/www.rctvinternational.com\/en\/wp-json\/wp\/v2\/types\/product"}],"wp:featuredmedia":[{"embeddable":true,"href":"https:\/\/www.rctvinternational.com\/en\/wp-json\/wp\/v2\/media\/231307"}],"wp:attachment":[{"href":"https:\/\/www.rctvinternational.com\/en\/wp-json\/wp\/v2\/media?parent=230392"}],"wp:term":[{"taxonomy":"product_cat","embeddable":true,"href":"https:\/\/www.rctvinternational.com\/en\/wp-json\/wp\/v2\/product_cat?post=230392"},{"taxonomy":"product_tag","embeddable":true,"href":"https:\/\/www.rctvinternational.com\/en\/wp-json\/wp\/v2\/product_tag?post=230392"}],"curies":[{"name":"wp","href":"https:\/\/api.w.org\/{rel}","templated":true}]}}