{"id":230387,"date":"2020-01-18T22:10:43","date_gmt":"2020-01-18T22:10:43","guid":{"rendered":"http:\/\/rctvinternational.com\/?post_type=product&#038;p=230387"},"modified":"2025-03-27T14:46:00","modified_gmt":"2025-03-27T14:46:00","slug":"expedicion-gran-sabana-tierra-de-tepuyes","status":"publish","type":"product","link":"https:\/\/www.rctvinternational.com\/en\/product\/expedicion-gran-sabana-tierra-de-tepuyes\/","title":{"rendered":"Expedici\u00f3n  Gran Sabana Tierra De Tepuyes"},"content":{"rendered":"<p style=\"text-align: center;\"><div style=\"width: 100%; min-height: 1px;\" id=\"vimeo-wc-video-69efbba3e77b8\" data-js=\"vimeo-wc-video\" data-atts=\"{&quot;autopause&quot;:&quot;true&quot;,&quot;autoplay&quot;:false,&quot;background&quot;:false,&quot;byline&quot;:&quot;true&quot;,&quot;color&quot;:&quot;none&quot;,&quot;controls&quot;:&quot;true&quot;,&quot;dnt&quot;:&quot;true&quot;,&quot;height&quot;:&quot;none&quot;,&quot;id&quot;:false,&quot;loop&quot;:false,&quot;maxheight&quot;:&quot;none&quot;,&quot;maxwidth&quot;:&quot;none&quot;,&quot;muted&quot;:false,&quot;pip&quot;:false,&quot;playsinline&quot;:&quot;true&quot;,&quot;portrait&quot;:&quot;true&quot;,&quot;quality&quot;:&quot;auto&quot;,&quot;responsive&quot;:&quot;true&quot;,&quot;speed&quot;:false,&quot;texttrack&quot;:&quot;none&quot;,&quot;title&quot;:&quot;true&quot;,&quot;transparent&quot;:true,&quot;url&quot;:&quot;https:\\\/\\\/vimeo.com\\\/384601943&quot;,&quot;width&quot;:&quot;none&quot;}\"><\/div><\/p>","protected":false},"excerpt":{"rendered":"<p><img decoding=\"async\" loading=\"lazy\" class=\"alignnone wp-image-230479 size-medium\" src=\"https:\/\/www.rctvinternational.com\/wp-content\/uploads\/2020\/01\/claquetas_Unitarios-18-1-288x300.png\" alt=\"\" width=\"288\" height=\"300\" \/><\/p>\n<p><img decoding=\"async\" loading=\"lazy\" class=\"alignnone size-full wp-image-232350\" src=\"http:\/\/www.rctvinternational.com\/wp-content\/uploads\/2020\/10\/Sinopsis.png\" alt=\"\" width=\"125\" height=\"57\" \/><\/p>\n<p style=\"text-align: justify;\"><strong>La Gran Sabana<\/strong> es una regi\u00f3n selv\u00e1tica ubicada al sureste de Venezuela. Algunos cient\u00edficos le calculan unos dos mil millones de a\u00f1os de antig\u00fcedad, antecediendo la era de los dinosaurios o la divisi\u00f3n de los continentes.<\/p>\n<p style=\"text-align: justify;\">Su excepcional vegetaci\u00f3n y fauna, \u00fanicas en todo el planeta, son objeto de rigurosos estudios por los entendidos en la materia. <strong>La Gran Sabana<\/strong>, en su seno, posee una de las maravillas naturales m\u00e1s impresionantes del mundo: El Salto \u00c1ngel, la ca\u00edda de agua de mayor extensi\u00f3n que se conozca hasta ahora.<\/p>\n<p style=\"text-align: justify;\">Esta impresionante catarata proviene de lo m\u00e1s alto de los <strong>Tepuyes<\/strong>, nombre ind\u00edgena de unas formaciones rocosas de gran tama\u00f1o y antig\u00fcedad. Varios autores han dedicado p\u00e1ginas para documentar el exuberante paisaje venezolano, entre ellos se encuentra Sir Arthur Conan Doyle quien escribi\u00f3 <em>El Mundo Perdido<\/em>, en el que trata de describir este rec\u00f3ndito paraje.<\/p>\n<p>&nbsp;<\/p>\n<p><img decoding=\"async\" loading=\"lazy\" class=\"alignnone size-full wp-image-231431\" src=\"http:\/\/www.rctvinternational.com\/wp-content\/uploads\/2020\/04\/deberias-saber-que.jpg\" alt=\"\" width=\"265\" height=\"39\" \/><\/p>\n<p style=\"text-align: justify;\">De\u00a0acuerdo con la lengua pem\u00f3n, ind\u00edgenas de la regi\u00f3n,<strong> Tepuy<\/strong> significa morada de dioses. Una de estas impresionantes formaciones rocosas denominada Kuken\u00e1n sirvi\u00f3 de inspiraci\u00f3n para los creadores del filme<strong> <em>Avatar<\/em><\/strong> al igual que la pel\u00edcula<strong> <em>Up<\/em><\/strong>, exhibida en 2009 que trata sobre el viaje de un ni\u00f1o y su abuelo, en una casa flotante con globos que se internan en la exuberante vegetaci\u00f3n venezolana.<\/p>","protected":false},"featured_media":231303,"template":"","meta":{"_et_pb_use_builder":"","_et_pb_old_content":"","_et_gb_content_width":""},"product_cat":[24],"product_tag":[267,218,219],"acf":[],"_links":{"self":[{"href":"https:\/\/www.rctvinternational.com\/en\/wp-json\/wp\/v2\/product\/230387"}],"collection":[{"href":"https:\/\/www.rctvinternational.com\/en\/wp-json\/wp\/v2\/product"}],"about":[{"href":"https:\/\/www.rctvinternational.com\/en\/wp-json\/wp\/v2\/types\/product"}],"wp:featuredmedia":[{"embeddable":true,"href":"https:\/\/www.rctvinternational.com\/en\/wp-json\/wp\/v2\/media\/231303"}],"wp:attachment":[{"href":"https:\/\/www.rctvinternational.com\/en\/wp-json\/wp\/v2\/media?parent=230387"}],"wp:term":[{"taxonomy":"product_cat","embeddable":true,"href":"https:\/\/www.rctvinternational.com\/en\/wp-json\/wp\/v2\/product_cat?post=230387"},{"taxonomy":"product_tag","embeddable":true,"href":"https:\/\/www.rctvinternational.com\/en\/wp-json\/wp\/v2\/product_tag?post=230387"}],"curies":[{"name":"wp","href":"https:\/\/api.w.org\/{rel}","templated":true}]}}