{"id":230084,"date":"2019-09-07T22:22:38","date_gmt":"2019-09-07T22:22:38","guid":{"rendered":"http:\/\/rctvinternational.com\/?post_type=product&#038;p=230084"},"modified":"2025-05-07T22:56:18","modified_gmt":"2025-05-07T22:56:18","slug":"la-trepadora","status":"publish","type":"product","link":"https:\/\/www.rctvinternational.com\/en\/product\/la-trepadora\/","title":{"rendered":"La Trepadora"},"content":{"rendered":"<p style=\"text-align: center;\"><div style=\"width: 100%; min-height: 1px;\" id=\"vimeo-wc-video-69ff600789302\" data-js=\"vimeo-wc-video\" data-atts=\"{&quot;autopause&quot;:&quot;true&quot;,&quot;autoplay&quot;:false,&quot;background&quot;:false,&quot;byline&quot;:&quot;true&quot;,&quot;color&quot;:&quot;none&quot;,&quot;controls&quot;:&quot;true&quot;,&quot;dnt&quot;:&quot;true&quot;,&quot;height&quot;:&quot;none&quot;,&quot;id&quot;:false,&quot;loop&quot;:false,&quot;maxheight&quot;:&quot;none&quot;,&quot;maxwidth&quot;:&quot;none&quot;,&quot;muted&quot;:false,&quot;pip&quot;:false,&quot;playsinline&quot;:&quot;true&quot;,&quot;portrait&quot;:&quot;true&quot;,&quot;quality&quot;:&quot;auto&quot;,&quot;responsive&quot;:&quot;true&quot;,&quot;speed&quot;:false,&quot;texttrack&quot;:&quot;none&quot;,&quot;title&quot;:&quot;true&quot;,&quot;transparent&quot;:true,&quot;url&quot;:&quot;https:\\\/\\\/vimeo.com\\\/371980888&quot;,&quot;width&quot;:&quot;none&quot;}\"><\/div><\/p>\n<p>&nbsp;<\/p>\n<p>&nbsp;<\/p>","protected":false},"excerpt":{"rendered":"<p><img decoding=\"async\" loading=\"lazy\" class=\"alignnone wp-image-231443 size-medium\" src=\"http:\/\/www.rctvinternational.com\/wp-content\/uploads\/2019\/09\/claquetas-Corregidas-23-1-225x300.png\" alt=\"\" width=\"225\" height=\"300\" \/><\/p>\n<p><img decoding=\"async\" loading=\"lazy\" class=\"alignnone size-full wp-image-232350\" src=\"http:\/\/www.rctvinternational.com\/wp-content\/uploads\/2020\/10\/Sinopsis.png\" alt=\"\" width=\"125\" height=\"57\" \/><\/p>\n<p style=\"text-align: justify;\">Nicol\u00e1s del Casal (<strong>Jean Paul Leroux<\/strong>) pasa la mayor parte de su vida en Europa, pero constantemente le invade el deseo de regresar a <strong>Cantarrana<\/strong>, la hacienda que fuera propiedad de su padre ya fallecido, Jaimito del Casal, pero que ahora se encuentra bajo el dominio de su medio t\u00edo Hilario Guanipa. A su regreso, conoce a Victoria Guanipa (<strong>Norkys Batista<\/strong>), su media prima, de quien se enamora perdidamente.<\/p>\n<p style=\"text-align: justify;\">Victoria Guanipa siente un inmenso amor por Cantarrana, por eso, la presencia de Nicol\u00e1s en principio le genera conflictos, ya que lo ve como un forastero con intenciones de adue\u00f1arse de lo que hasta ahora consideraba solamente suyo.<\/p>\n<p style=\"text-align: justify;\">Recuperar la hacienda de sus padres demanda gran determinaci\u00f3n y esfuerzo por parte de Nicol\u00e1s, pues, debe encarar a Hilario Guanipa, quien se adue\u00f1\u00f3 de Cantarrana fraudulentamente, llevado por el odio del prejuicio social, toda vez que es hijo ileg\u00edtimo. Esa acci\u00f3n llev\u00f3 al suicidio de Jaimito del Casal.<\/p>\n<p style=\"text-align: justify;\">La lucha de Nicol\u00e1s por recuperar esas tierras tambi\u00e9n puede causar consecuencias irreparables al naciente amor que siente hacia Victoria Guanipa. Las posibilidades de que puedan estar juntos, tal y como procuran, penden de un hilo muy fino.<\/p>\n<p><img decoding=\"async\" loading=\"lazy\" class=\"alignnone wp-image-231431 size-full\" src=\"http:\/\/www.rctvinternational.com\/wp-content\/uploads\/2020\/04\/deberias-saber-que.jpg\" alt=\"\" width=\"265\" height=\"39\" \/><\/p>\n<p style=\"text-align: justify;\"><strong>La Trepadora<\/strong> es una adaptaci\u00f3n para la televisi\u00f3n realizada por Ricardo Hern\u00e1ndez Anzola, de la novela del escritor y pol\u00edtico venezolano <strong>R\u00f3mulo Gallegos, <\/strong>trasmitida\u00a0en marzo de 2008 a trav\u00e9s de <strong>RCTV Internacional<\/strong>. Su r\u00e9cord en audiencia la ubican entre las mejores producciones audiovisuales de ese a\u00f1o.<\/p>\n<p style=\"text-align: justify;\"><strong>Marina Baura<\/strong>, una de las actrices m\u00e1s destacadas de Venezuela, protagoniz\u00f3 la primera versi\u00f3n de la telenovela a principios de los a\u00f1os 70, constituy\u00e9ndose en uno de los iconos de la industria televisiva de la \u00e9poca.<\/p>","protected":false},"featured_media":233689,"template":"","meta":{"_et_pb_use_builder":"","_et_pb_old_content":"","_et_gb_content_width":""},"product_cat":[23],"product_tag":[181,294,295,292,231],"acf":[],"_links":{"self":[{"href":"https:\/\/www.rctvinternational.com\/en\/wp-json\/wp\/v2\/product\/230084"}],"collection":[{"href":"https:\/\/www.rctvinternational.com\/en\/wp-json\/wp\/v2\/product"}],"about":[{"href":"https:\/\/www.rctvinternational.com\/en\/wp-json\/wp\/v2\/types\/product"}],"wp:featuredmedia":[{"embeddable":true,"href":"https:\/\/www.rctvinternational.com\/en\/wp-json\/wp\/v2\/media\/233689"}],"wp:attachment":[{"href":"https:\/\/www.rctvinternational.com\/en\/wp-json\/wp\/v2\/media?parent=230084"}],"wp:term":[{"taxonomy":"product_cat","embeddable":true,"href":"https:\/\/www.rctvinternational.com\/en\/wp-json\/wp\/v2\/product_cat?post=230084"},{"taxonomy":"product_tag","embeddable":true,"href":"https:\/\/www.rctvinternational.com\/en\/wp-json\/wp\/v2\/product_tag?post=230084"}],"curies":[{"name":"wp","href":"https:\/\/api.w.org\/{rel}","templated":true}]}}