{"id":230067,"date":"2019-09-07T20:15:19","date_gmt":"2019-09-07T20:15:19","guid":{"rendered":"http:\/\/rctvinternational.com\/?post_type=product&#038;p=230067"},"modified":"2025-05-07T22:56:59","modified_gmt":"2025-05-07T22:56:59","slug":"toda-una-dama","status":"publish","type":"product","link":"https:\/\/www.rctvinternational.com\/en\/product\/toda-una-dama\/","title":{"rendered":"Toda Una Dama"},"content":{"rendered":"<p style=\"text-align: center;\"><div style=\"width: 100%; min-height: 1px;\" id=\"vimeo-wc-video-69f8f81643998\" data-js=\"vimeo-wc-video\" data-atts=\"{&quot;autopause&quot;:&quot;true&quot;,&quot;autoplay&quot;:false,&quot;background&quot;:false,&quot;byline&quot;:&quot;true&quot;,&quot;color&quot;:&quot;none&quot;,&quot;controls&quot;:&quot;true&quot;,&quot;dnt&quot;:&quot;true&quot;,&quot;height&quot;:&quot;none&quot;,&quot;id&quot;:false,&quot;loop&quot;:false,&quot;maxheight&quot;:&quot;none&quot;,&quot;maxwidth&quot;:&quot;none&quot;,&quot;muted&quot;:false,&quot;pip&quot;:false,&quot;playsinline&quot;:&quot;true&quot;,&quot;portrait&quot;:&quot;true&quot;,&quot;quality&quot;:&quot;auto&quot;,&quot;responsive&quot;:&quot;true&quot;,&quot;speed&quot;:false,&quot;texttrack&quot;:&quot;none&quot;,&quot;title&quot;:&quot;true&quot;,&quot;transparent&quot;:true,&quot;url&quot;:&quot;https:\\\/\\\/vimeo.com\\\/87893705&quot;,&quot;width&quot;:&quot;none&quot;}\"><\/div><\/p>\n<p>&nbsp;<\/p>\n<p style=\"text-align: justify;\">","protected":false},"excerpt":{"rendered":"<p><img decoding=\"async\" loading=\"lazy\" class=\"alignnone wp-image-231141 size-medium\" src=\"http:\/\/www.rctvinternational.com\/wp-content\/uploads\/2019\/09\/claquetas-Corregidas-25-225x300.png\" alt=\"\" width=\"225\" height=\"300\" \/><\/p>\n<p><img decoding=\"async\" loading=\"lazy\" class=\"alignnone size-full wp-image-232350\" src=\"http:\/\/www.rctvinternational.com\/wp-content\/uploads\/2020\/10\/Sinopsis.png\" alt=\"\" width=\"125\" height=\"57\" \/><\/p>\n<p style=\"text-align: justify;\">La adversidad y el infortunio han sido elementos constantes en la vida de Valeria Aguirre (<strong>Christina Dieckmann<\/strong>). Su origen es todo un misterio. Creci\u00f3 en un orfanato y con las carencias econ\u00f3micas la llevan a tomar decisiones erradas hasta ser arrestada por un delito menor. Sin embargo, debe cumplir siete a\u00f1os de condena gracias a los oficios del fiscal Miguel Reyes (<strong>Ricardo \u00c1lamo<\/strong>) quien la acus\u00f3 en los tribunales.<\/p>\n<p style=\"text-align: justify;\">Al salir de la c\u00e1rcel, Valeria jura vengarse de Miguel, pues considera que los a\u00f1os de presidio fueron demasiados por el delito que cometi\u00f3. Sin embargo, sus planes se derrumban al darse cuenta de que est\u00e1 enamorada de \u00e9l. Miguel, que atraviesa por dificultades en su matrimonio, no deja de pensar en Valeria y comienzan un t\u00f3rrido romance.<\/p>\n<p style=\"text-align: justify;\">Imperio Laya De Trujillo (<strong>Nohel\u00ed Arteaga<\/strong>) es una mujer poderosa, acostumbrada a obtener lo que quiere y se obsesiona por Miguel. Por eso ve en Valeria un obst\u00e1culo y har\u00e1 lo que sea para quitarla de su camino. Ignacio Caballero, amante de Imperio, tambi\u00e9n se fija en Valeria e intenta conquistarla.<\/p>\n<p style=\"text-align: justify;\">Imperio se ensa\u00f1a con gran fiereza sobre Valeria y hace que pierda todo, sin saber que se trata de su propia hija, y al desvelarse el secreto cambiar\u00e1 la vida de todos.<\/p>\n<p><img decoding=\"async\" loading=\"lazy\" class=\"alignnone wp-image-231431 size-full\" src=\"http:\/\/www.rctvinternational.com\/wp-content\/uploads\/2020\/04\/deberias-saber-que.jpg\" alt=\"\" width=\"265\" height=\"39\" \/><\/p>\n<p style=\"text-align: justify;\"><strong>Toda Una Dama<\/strong> se trata de una versi\u00f3n de la telenovela <strong>Se\u00f1ora<\/strong>, que se transmiti\u00f3 por <strong>RCTV<\/strong> entre 1988 y 1989, producida por Mar\u00eda Auxiliadora Barrios y protagonizada por <strong>Caridad Canel\u00f3n, Maricarmen Regueiro, Carlos Mata <\/strong>y<strong> Flavio Caballero<\/strong>.<\/p>\n<p style=\"text-align: justify;\">En M\u00e9xico se realizaron dos versiones de esta telenovela por parte de TV Azteca. La primera llev\u00f3 el t\u00edtulo original de <strong>Se\u00f1ora<\/strong> (1998) y la segunda se realiz\u00f3 en 2003 y llev\u00f3 el t\u00edtulo de<strong> Un nuevo amor<\/strong>.<\/p>","protected":false},"featured_media":231261,"template":"","meta":{"_et_pb_use_builder":"","_et_pb_old_content":"","_et_gb_content_width":""},"product_cat":[23],"product_tag":[269,245,296,243,242,297,249,88],"acf":[],"_links":{"self":[{"href":"https:\/\/www.rctvinternational.com\/en\/wp-json\/wp\/v2\/product\/230067"}],"collection":[{"href":"https:\/\/www.rctvinternational.com\/en\/wp-json\/wp\/v2\/product"}],"about":[{"href":"https:\/\/www.rctvinternational.com\/en\/wp-json\/wp\/v2\/types\/product"}],"wp:featuredmedia":[{"embeddable":true,"href":"https:\/\/www.rctvinternational.com\/en\/wp-json\/wp\/v2\/media\/231261"}],"wp:attachment":[{"href":"https:\/\/www.rctvinternational.com\/en\/wp-json\/wp\/v2\/media?parent=230067"}],"wp:term":[{"taxonomy":"product_cat","embeddable":true,"href":"https:\/\/www.rctvinternational.com\/en\/wp-json\/wp\/v2\/product_cat?post=230067"},{"taxonomy":"product_tag","embeddable":true,"href":"https:\/\/www.rctvinternational.com\/en\/wp-json\/wp\/v2\/product_tag?post=230067"}],"curies":[{"name":"wp","href":"https:\/\/api.w.org\/{rel}","templated":true}]}}