{"id":230047,"date":"2019-05-31T16:34:32","date_gmt":"2019-05-31T16:34:32","guid":{"rendered":"http:\/\/rctvinternational.com\/?post_type=product&#038;p=230047"},"modified":"2025-03-13T14:01:07","modified_gmt":"2025-03-13T14:01:07","slug":"viva-la-pepa","status":"publish","type":"product","link":"https:\/\/www.rctvinternational.com\/en\/product\/viva-la-pepa\/","title":{"rendered":"Viva La Pepa"},"content":{"rendered":"<p style=\"text-align: center;\"><div style=\"width: 100%; min-height: 1px;\" id=\"vimeo-wc-video-69d0d1a89dcbd\" data-js=\"vimeo-wc-video\" data-atts=\"{&quot;autopause&quot;:&quot;true&quot;,&quot;autoplay&quot;:false,&quot;background&quot;:false,&quot;byline&quot;:&quot;true&quot;,&quot;color&quot;:&quot;none&quot;,&quot;controls&quot;:&quot;true&quot;,&quot;dnt&quot;:&quot;true&quot;,&quot;height&quot;:&quot;none&quot;,&quot;id&quot;:false,&quot;loop&quot;:false,&quot;maxheight&quot;:&quot;none&quot;,&quot;maxwidth&quot;:&quot;none&quot;,&quot;muted&quot;:false,&quot;pip&quot;:false,&quot;playsinline&quot;:&quot;true&quot;,&quot;portrait&quot;:&quot;true&quot;,&quot;quality&quot;:&quot;auto&quot;,&quot;responsive&quot;:&quot;true&quot;,&quot;speed&quot;:false,&quot;texttrack&quot;:&quot;none&quot;,&quot;title&quot;:&quot;true&quot;,&quot;transparent&quot;:true,&quot;url&quot;:&quot;https:\\\/\\\/vimeo.com\\\/686763895&quot;,&quot;width&quot;:&quot;none&quot;}\"><\/div><\/p>\n<p>&nbsp;<\/p>\n<p style=\"text-align: justify;\">","protected":false},"excerpt":{"rendered":"<p><img decoding=\"async\" loading=\"lazy\" class=\"alignnone wp-image-231140 size-medium\" src=\"http:\/\/www.rctvinternational.com\/wp-content\/uploads\/2019\/05\/claquetas-Corregidas-26-225x300.png\" alt=\"\" width=\"225\" height=\"300\" \/><\/p>\n<p><img decoding=\"async\" loading=\"lazy\" class=\"alignnone size-full wp-image-232350\" src=\"http:\/\/www.rctvinternational.com\/wp-content\/uploads\/2020\/10\/Sinopsis.png\" alt=\"\" width=\"125\" height=\"57\" \/><\/p>\n<p style=\"text-align: justify;\">Pepita (<strong>Catherine Correia<\/strong>), que nunca ha tenido novio ahora, debe deshojar la margarita ante dos pretendientes: Luis Ra\u00fal Graziani (<strong>Juan Carlos Alarc\u00f3n<\/strong>) y Luis \u00c1ngel Perdomo (<strong>Juan Pablo Raba<\/strong>). Los tres se conocen en medio de un terrible malentendido, bajo una fuerte lluvia mientras Pepita iba camino a la universidad.<\/p>\n<p style=\"text-align: justify;\">Pepita despierta en Ra\u00fal, quien tampoco conoc\u00eda el amor, unos deseos irrefrenables. Es torpe al momento de demostrar sus sentimientos y Pepita huye de \u00e9l por temor a convertirse en v\u00edctima de una violaci\u00f3n. En ese momento aparece Luis \u00c1ngel Perdomo quien funge como una suerte de h\u00e9roe al rescate.<\/p>\n<p style=\"text-align: justify;\">Pero Luis Ra\u00fal no desiste y se empe\u00f1a en conquistar a Pepita, quien se debate entre la impetuosidad de Luis Ra\u00fal y la seriedad y estabilidad emocional de Luis \u00c1ngel.<\/p>\n<p style=\"text-align: justify;\">Pepa Lunar (<strong>Julie Restifo)\u00a0<\/strong>es la madre de Pepita. Ella est\u00e1 dispuesta a hacer cuanto pueda para que su hija vaya a la universidad y se grad\u00fae, a pesar de las objeciones de Perucho Gal\u00e1n, su esposo, un taxista de inesperada procedencia.<\/p>\n<p style=\"text-align: justify;\">Un amor del pasado regresa a la vida de Pepa y surgen temores que crey\u00f3 enterrados. Este reencuentro trae consigo un secreto que pudiera cambiar las vidas del entorno familiar.<\/p>\n<p style=\"text-align: justify;\">Las cualidades profesionales de Mari Pepi (<strong>Lilibeth Morillo)<\/strong>, madrina de Pepita, son incuestionables, pero su situaci\u00f3n amorosa lo es. En el tri\u00e1ngulo amoroso en el que se encuentra, le toc\u00f3 ser la amante de psiquiatra Ismael Bencecry. Pero Jota Jota, un joven m\u00e9dico pasante, le muestra una alternativa imposible de rechazar.<\/p>\n<p style=\"text-align: justify;\">Esta es la historia de tres mujeres que deben decidir si lo apuestan todo por el amor verdadero.<\/p>\n<p>&nbsp;<\/p>\n<p><img decoding=\"async\" loading=\"lazy\" class=\"alignnone wp-image-231431 size-full\" src=\"http:\/\/www.rctvinternational.com\/wp-content\/uploads\/2020\/04\/deberias-saber-que.jpg\" alt=\"\" width=\"265\" height=\"39\" \/><\/p>\n<p style=\"text-align: justify;\"><strong>Viva la Pepa<\/strong> es una realizaci\u00f3n de la escritora Valentina P\u00e1rraga, que cautiv\u00f3 los corazones de los amantes de las telenovelas. Desde el a\u00f1o 2002, este dram\u00e1tico ha estado presente tanto en pa\u00edses latinoamericanos como en Europa, destacando Rusia, que obtuvo los derechos de transmisi\u00f3n desde 2004 hasta 2006.<\/p>","protected":false},"featured_media":231193,"template":"","meta":{"_et_pb_use_builder":"","_et_pb_old_content":"","_et_gb_content_width":""},"product_cat":[23],"product_tag":[326,304,281,327,310,206],"acf":[],"_links":{"self":[{"href":"https:\/\/www.rctvinternational.com\/en\/wp-json\/wp\/v2\/product\/230047"}],"collection":[{"href":"https:\/\/www.rctvinternational.com\/en\/wp-json\/wp\/v2\/product"}],"about":[{"href":"https:\/\/www.rctvinternational.com\/en\/wp-json\/wp\/v2\/types\/product"}],"wp:featuredmedia":[{"embeddable":true,"href":"https:\/\/www.rctvinternational.com\/en\/wp-json\/wp\/v2\/media\/231193"}],"wp:attachment":[{"href":"https:\/\/www.rctvinternational.com\/en\/wp-json\/wp\/v2\/media?parent=230047"}],"wp:term":[{"taxonomy":"product_cat","embeddable":true,"href":"https:\/\/www.rctvinternational.com\/en\/wp-json\/wp\/v2\/product_cat?post=230047"},{"taxonomy":"product_tag","embeddable":true,"href":"https:\/\/www.rctvinternational.com\/en\/wp-json\/wp\/v2\/product_tag?post=230047"}],"curies":[{"name":"wp","href":"https:\/\/api.w.org\/{rel}","templated":true}]}}