{"id":230044,"date":"2019-09-05T18:32:48","date_gmt":"2019-09-05T18:32:48","guid":{"rendered":"http:\/\/rctvinternational.com\/?post_type=product&#038;p=230044"},"modified":"2025-03-13T13:28:16","modified_gmt":"2025-03-13T13:28:16","slug":"negra-consentida","status":"publish","type":"product","link":"https:\/\/www.rctvinternational.com\/en\/product\/negra-consentida\/","title":{"rendered":"Negra Consentida"},"content":{"rendered":"<p style=\"text-align: center;\"><div style=\"width: 100%; min-height: 1px;\" id=\"vimeo-wc-video-6a021dbdde38e\" data-js=\"vimeo-wc-video\" data-atts=\"{&quot;autopause&quot;:&quot;true&quot;,&quot;autoplay&quot;:false,&quot;background&quot;:false,&quot;byline&quot;:&quot;true&quot;,&quot;color&quot;:&quot;none&quot;,&quot;controls&quot;:&quot;true&quot;,&quot;dnt&quot;:&quot;true&quot;,&quot;height&quot;:&quot;none&quot;,&quot;id&quot;:false,&quot;loop&quot;:false,&quot;maxheight&quot;:&quot;none&quot;,&quot;maxwidth&quot;:&quot;none&quot;,&quot;muted&quot;:false,&quot;pip&quot;:false,&quot;playsinline&quot;:&quot;true&quot;,&quot;portrait&quot;:&quot;true&quot;,&quot;quality&quot;:&quot;auto&quot;,&quot;responsive&quot;:&quot;true&quot;,&quot;speed&quot;:false,&quot;texttrack&quot;:&quot;none&quot;,&quot;title&quot;:&quot;true&quot;,&quot;transparent&quot;:true,&quot;url&quot;:&quot;https:\\\/\\\/vimeo.com\\\/374000597&quot;,&quot;width&quot;:&quot;none&quot;}\"><\/div><\/p>\n<p>&nbsp;<\/p>\n<p>&nbsp;<\/p>","protected":false},"excerpt":{"rendered":"<p><img decoding=\"async\" loading=\"lazy\" class=\"alignnone wp-image-231142 size-medium\" src=\"http:\/\/www.rctvinternational.com\/wp-content\/uploads\/2019\/09\/claquetas-Corregidas-24-225x300.png\" alt=\"\" width=\"225\" height=\"300\" \/><\/p>\n<p><img decoding=\"async\" loading=\"lazy\" class=\"alignnone size-full wp-image-232350\" src=\"http:\/\/www.rctvinternational.com\/wp-content\/uploads\/2020\/10\/Sinopsis.png\" alt=\"\" width=\"125\" height=\"57\" \/><\/p>\n<p style=\"text-align: justify;\">Barbarita (<strong>Ligia Petit<\/strong>) es una joven venezolana que afronta algunas dificultades en su entorno gracias a su color moreno. Adem\u00e1s, un incidente en el que se le acusa de un crimen que no cometi\u00f3, hace que abandone de su pueblo natal. En su huida conoce a Miguel \u00c1ngel Aristiguieta (<strong>Pedro Rend\u00f3n<\/strong>), un hombre de negocios interesado en la industria de los supermercados.<\/p>\n<p style=\"text-align: justify;\">Barbarita no tiene del todo claros sus or\u00edgenes. Su madre es de Barlovento, una regi\u00f3n costera al oriente de Venezuela y su padre, de quien no posee mayor informaci\u00f3n, es un portugu\u00e9s de piel blanca.<\/p>\n<p style=\"text-align: justify;\">Debido al acoso de las autoridades, Barbarita decide usurpar el nombre de una mujer bogotana que al fallecer se llev\u00f3 un gran secreto. Todo se complica cuando el esposo de la mujer a quien ella suplant\u00f3 regresa y descubre el enga\u00f1o. A partir de all\u00ed conoce a la familia Aristigueta, quienes le demuestran su desprecio por el color de su piel.<\/p>\n<p style=\"text-align: justify;\">Los celos, rencores y la envidia se incrementan cuando Barbarita recibe una cuantiosa herencia proveniente de la familia Nascimento, sus verdaderos parientes. Mientras tanto, Miguel, enfocado en los negocios, ha pasado gran parte de su vida neg\u00e1ndose a la posibilidad del amor. Pero todo cambia luego de conocer a Barbarita.<\/p>\n<p style=\"text-align: justify;\">Barbarita y Miguel se convierten en el epicentro de una batalla encarnizada entre el amor, los prejuicios sociales y raciales en una sociedad en la que el mestizaje se ha mantenido por m\u00e1s de 500 a\u00f1os de historia.<\/p>\n<p>&nbsp;<\/p>\n<p><img decoding=\"async\" loading=\"lazy\" class=\"alignnone wp-image-231431 size-full\" src=\"http:\/\/www.rctvinternational.com\/wp-content\/uploads\/2020\/04\/deberias-saber-que.jpg\" alt=\"\" width=\"265\" height=\"39\" \/><\/p>\n<p style=\"text-align: justify;\"><strong>Negra consentida<\/strong> es una producci\u00f3n de <strong>RCTV<\/strong> realizada entre los a\u00f1os 2004 y 2005. Original de Valentina P\u00e1rraga y escrita por Henry Herrera.<\/p>\n<p style=\"text-align: justify;\">Adem\u00e1s de la aceptaci\u00f3n de la teleaudiencia venezolana, esta telenovela lleg\u00f3 a pa\u00edses como: Costa de Marfil, en el continente africano, as\u00ed como en la Rep\u00fablica del Congo, entre otros. En Europa, los italianos se deleitaron con el dram\u00e1tico, al igual que los franceses.<\/p>","protected":false},"featured_media":231250,"template":"","meta":{"_et_pb_use_builder":"","_et_pb_old_content":"","_et_gb_content_width":""},"product_cat":[23],"product_tag":[298,302],"acf":[],"_links":{"self":[{"href":"https:\/\/www.rctvinternational.com\/en\/wp-json\/wp\/v2\/product\/230044"}],"collection":[{"href":"https:\/\/www.rctvinternational.com\/en\/wp-json\/wp\/v2\/product"}],"about":[{"href":"https:\/\/www.rctvinternational.com\/en\/wp-json\/wp\/v2\/types\/product"}],"wp:featuredmedia":[{"embeddable":true,"href":"https:\/\/www.rctvinternational.com\/en\/wp-json\/wp\/v2\/media\/231250"}],"wp:attachment":[{"href":"https:\/\/www.rctvinternational.com\/en\/wp-json\/wp\/v2\/media?parent=230044"}],"wp:term":[{"taxonomy":"product_cat","embeddable":true,"href":"https:\/\/www.rctvinternational.com\/en\/wp-json\/wp\/v2\/product_cat?post=230044"},{"taxonomy":"product_tag","embeddable":true,"href":"https:\/\/www.rctvinternational.com\/en\/wp-json\/wp\/v2\/product_tag?post=230044"}],"curies":[{"name":"wp","href":"https:\/\/api.w.org\/{rel}","templated":true}]}}