{"id":230031,"date":"2019-07-06T15:56:20","date_gmt":"2019-07-06T15:56:20","guid":{"rendered":"http:\/\/rctvinternational.com\/?post_type=product&#038;p=230031"},"modified":"2025-06-16T16:35:12","modified_gmt":"2025-06-16T16:35:12","slug":"a-calzon-quitao","status":"publish","type":"product","link":"https:\/\/www.rctvinternational.com\/en\/product\/a-calzon-quitao\/","title":{"rendered":"A Calz\u00f3n Quita&#8217;o"},"content":{"rendered":"<p style=\"text-align: center;\"><div style=\"width: 100%; min-height: 1px;\" id=\"vimeo-wc-video-69fbb1bd923e8\" data-js=\"vimeo-wc-video\" data-atts=\"{&quot;autopause&quot;:&quot;true&quot;,&quot;autoplay&quot;:false,&quot;background&quot;:false,&quot;byline&quot;:&quot;true&quot;,&quot;color&quot;:&quot;none&quot;,&quot;controls&quot;:&quot;true&quot;,&quot;dnt&quot;:&quot;true&quot;,&quot;height&quot;:&quot;none&quot;,&quot;id&quot;:false,&quot;loop&quot;:false,&quot;maxheight&quot;:&quot;none&quot;,&quot;maxwidth&quot;:&quot;none&quot;,&quot;muted&quot;:false,&quot;pip&quot;:false,&quot;playsinline&quot;:&quot;true&quot;,&quot;portrait&quot;:&quot;true&quot;,&quot;quality&quot;:&quot;auto&quot;,&quot;responsive&quot;:&quot;true&quot;,&quot;speed&quot;:false,&quot;texttrack&quot;:&quot;none&quot;,&quot;title&quot;:&quot;true&quot;,&quot;transparent&quot;:true,&quot;url&quot;:&quot;https:\\\/\\\/vimeo.com\\\/371985481&quot;,&quot;width&quot;:&quot;none&quot;}\"><\/div><\/p>\n<p>&nbsp;<\/p>\n<p>&nbsp;<\/p>","protected":false},"excerpt":{"rendered":"<p><img decoding=\"async\" loading=\"lazy\" class=\"alignnone wp-image-231147 size-medium\" src=\"http:\/\/www.rctvinternational.com\/wp-content\/uploads\/2019\/07\/claquetas-Corregidas-19-225x300.png\" alt=\"\" width=\"225\" height=\"300\" \/><\/p>\n<p><img decoding=\"async\" loading=\"lazy\" class=\"alignnone size-full wp-image-232350\" src=\"http:\/\/www.rctvinternational.com\/wp-content\/uploads\/2020\/10\/Sinopsis.png\" alt=\"\" width=\"125\" height=\"57\" \/><\/p>\n<p style=\"text-align: justify;\">Pedro El\u00edas Ferrer (<strong>Carlos Cruz<\/strong>) y Clara Ram\u00edrez de Almeida (<strong>Alba Roversi<\/strong>) se parecen mucho, tal vez demasiado. La lucha por la justicia y los derechos humanos les quita el sue\u00f1o y desde sus trincheras hacen todo cuanto pueden para alcanzar el clich\u00e9 de un mundo mejor para todos.<\/p>\n<p style=\"text-align: justify;\">Clara es periodista y deber realizar un reportaje sobre un abogado que defiende los derechos de los m\u00e1s necesitados gratuitamente. As\u00ed es como conoce a Pedro El\u00edas. Ambos se sumergen con tes\u00f3n en sus trabajos para huir del desastroso matrimonio que los agobia en sus respectivos hogares.<\/p>\n<p style=\"text-align: justify;\">Pedro El\u00edas debe lidiar con A\u00edda, su esposa. Ella siente poco inter\u00e9s por los ideales de su esposo y le reprocha el hecho de que preste sus servicios profesionales sin costo. La situaci\u00f3n de Clara tambi\u00e9n es conflictiva, su marido, Paulino, es un funcionario ambicioso y corrupto que busca beneficios econ\u00f3micos a todo costo.<\/p>\n<p style=\"text-align: justify;\">Ese primer encuentro le cost\u00f3 el empleo a Clara al no llevar el reportaje a tiempo, debido a un accidente automovil\u00edstico del que responsabiliza a Pedro. Pero tambi\u00e9n se convierte en el principio de una relaci\u00f3n que debe encarar valores morales fuertemente arraigados en los dos. Adem\u00e1s, Pedro El\u00edas est\u00e1 por descubrir su parentesco con Paulino, otra traba que dificultar\u00e1 el disfrute de ese amor <strong>A calz\u00f3n quita&#8217;o<\/strong>.<\/p>\n<p>&nbsp;<\/p>\n<p><img decoding=\"async\" loading=\"lazy\" class=\"alignnone wp-image-231431 size-full\" src=\"http:\/\/www.rctvinternational.com\/wp-content\/uploads\/2020\/04\/deberias-saber-que.jpg\" alt=\"\" width=\"265\" height=\"39\" \/><\/p>\n<p style=\"text-align: justify;\"><strong>A calz\u00f3n quita&#8217;o<\/strong>\u00a0no solo se convirti\u00f3 en un \u00e9xito televisivo en Venezuela y Latinoam\u00e9rica, esta producci\u00f3n de <strong>RCTV<\/strong> conquist\u00f3 al p\u00fablico estadounidense tanto en 2004, como en 2007, a\u00f1os de su transmisi\u00f3n. En enero de 2008, Ruman\u00eda engros\u00f3 la lista de pa\u00edses que llevaron las incidencias de esta telenovela a su audiencia.<\/p>","protected":false},"featured_media":231197,"template":"","meta":{"_et_pb_use_builder":"","_et_pb_old_content":"","_et_gb_content_width":""},"product_cat":[23],"product_tag":[205,328,250],"acf":[],"_links":{"self":[{"href":"https:\/\/www.rctvinternational.com\/en\/wp-json\/wp\/v2\/product\/230031"}],"collection":[{"href":"https:\/\/www.rctvinternational.com\/en\/wp-json\/wp\/v2\/product"}],"about":[{"href":"https:\/\/www.rctvinternational.com\/en\/wp-json\/wp\/v2\/types\/product"}],"wp:featuredmedia":[{"embeddable":true,"href":"https:\/\/www.rctvinternational.com\/en\/wp-json\/wp\/v2\/media\/231197"}],"wp:attachment":[{"href":"https:\/\/www.rctvinternational.com\/en\/wp-json\/wp\/v2\/media?parent=230031"}],"wp:term":[{"taxonomy":"product_cat","embeddable":true,"href":"https:\/\/www.rctvinternational.com\/en\/wp-json\/wp\/v2\/product_cat?post=230031"},{"taxonomy":"product_tag","embeddable":true,"href":"https:\/\/www.rctvinternational.com\/en\/wp-json\/wp\/v2\/product_tag?post=230031"}],"curies":[{"name":"wp","href":"https:\/\/api.w.org\/{rel}","templated":true}]}}