{"id":228447,"date":"2019-10-08T16:55:50","date_gmt":"2019-10-08T16:55:50","guid":{"rendered":"http:\/\/beta.rctvintl.com\/?post_type=product&#038;p=228447"},"modified":"2024-05-28T20:09:13","modified_gmt":"2024-05-28T20:09:13","slug":"la-hija-de-juana-crespo-2","status":"publish","type":"product","link":"https:\/\/www.rctvinternational.com\/en\/product\/la-hija-de-juana-crespo-2\/","title":{"rendered":"La Hija De Juana Crespo"},"content":{"rendered":"<p style=\"text-align: center;\"><div style=\"width: 100%; min-height: 1px;\" id=\"vimeo-wc-video-69e4cc2eede4e\" data-js=\"vimeo-wc-video\" data-atts=\"{&quot;autopause&quot;:&quot;true&quot;,&quot;autoplay&quot;:false,&quot;background&quot;:false,&quot;byline&quot;:&quot;true&quot;,&quot;color&quot;:&quot;none&quot;,&quot;controls&quot;:&quot;true&quot;,&quot;dnt&quot;:&quot;true&quot;,&quot;height&quot;:&quot;none&quot;,&quot;id&quot;:false,&quot;loop&quot;:false,&quot;maxheight&quot;:&quot;none&quot;,&quot;maxwidth&quot;:&quot;none&quot;,&quot;muted&quot;:false,&quot;pip&quot;:false,&quot;playsinline&quot;:&quot;true&quot;,&quot;portrait&quot;:&quot;true&quot;,&quot;quality&quot;:&quot;auto&quot;,&quot;responsive&quot;:&quot;true&quot;,&quot;speed&quot;:false,&quot;texttrack&quot;:&quot;none&quot;,&quot;title&quot;:&quot;true&quot;,&quot;transparent&quot;:true,&quot;url&quot;:&quot;https:\\\/\\\/vimeo.com\\\/368118866&quot;,&quot;width&quot;:&quot;none&quot;}\"><\/div><\/p>\n<p style=\"text-align: justify;\">","protected":false},"excerpt":{"rendered":"<p><img decoding=\"async\" loading=\"lazy\" class=\"alignnone wp-image-232358 size-medium\" src=\"http:\/\/www.rctvinternational.com\/wp-content\/uploads\/2019\/10\/La-hija-de-Juana-Crespo--231x300.png\" alt=\"\" width=\"231\" height=\"300\" \/><\/p>\n<p style=\"text-align: justify;\"><img decoding=\"async\" loading=\"lazy\" class=\"alignnone size-full wp-image-232350\" src=\"http:\/\/www.rctvinternational.com\/wp-content\/uploads\/2020\/10\/Sinopsis.png\" alt=\"\" width=\"125\" height=\"57\" \/><\/p>\n<p style=\"text-align: justify;\">Entre el amor y el deber ser encuentra la vida de <b>l<\/b><b>a <\/b><b>h<\/b><b>ija de<\/b> <b>Juana Crespo, Diana<\/b>, quien suspira de ilusi\u00f3n e indecisi\u00f3n ante las pretensiones de <b>Gustavo<\/b>, l\u00edder de una banda de delincuentes de quien se enamora, y de <b>David,<\/b> un detective que, a trav\u00e9s de delicadas atenciones, se va ganando su cari\u00f1o y consideraci\u00f3n.<\/p>\n<p style=\"text-align: justify;\">A pesar de que Gustavo permanece en su coraz\u00f3n, Diana decide casarse con David; sin embargo, poco antes de la boda rompe el compromiso contra\u00eddo para hacerle caso a sus sentimientos; pero su gran temor se materializa, queda embarazada de David y sus sue\u00f1os de superaci\u00f3n est\u00e1n ahora en riesgo.<\/p>\n<p style=\"text-align: justify;\">A Diana le tocar\u00e1 decidir entre formar una familia monoparental, en una sociedad ahora m\u00e1s abierta, sin los prejuicios y se\u00f1alamientos por los que pas\u00f3 su mam\u00e1, <b>Juana Crespo<\/b>, cuando decidi\u00f3 ser madre soltera o sucumbir ante la insistencia de Gustavo y confiar en que el amor que le profesa es verdadero.<\/p>\n<p>&nbsp;<\/p>\n<p><img decoding=\"async\" loading=\"lazy\" class=\"alignnone wp-image-231431 size-full\" src=\"http:\/\/www.rctvinternational.com\/wp-content\/uploads\/2020\/04\/deberias-saber-que.jpg\" alt=\"\" width=\"265\" height=\"39\" \/><\/p>\n<p style=\"text-align: justify;\"><strong>La Hija de Juana Crespo<\/strong> es una versi\u00f3n remasterizada y en formato de TV, de la telenovela hom\u00f3nima realizada por <strong>RCTV<\/strong> en el a\u00f1o 1977. Es una producci\u00f3n original de Salvador Garmendia, que fue protagonizada por <strong>Mayra Alejandra Rodr\u00edguez, Jos\u00e9 Luis Rodr\u00edguez y Jean Carlo Simancas<\/strong>. El actor y cantante, <strong>Jos\u00e9 Luis Rodr\u00edguez<\/strong>, <strong>El Puma<\/strong>, escribi\u00f3 e interpret\u00f3 la canci\u00f3n que lleva por nombre Diana, que se convirti\u00f3 en el tema principal de la telenovela.<\/p>\n<p style=\"text-align: justify;\">Los n\u00fameros indicaron la imbatibilidad de la pel\u00edcula cuando se exhibi\u00f3 en Venezuela. En <em>rating<\/em>, la puntaci\u00f3n fue de 8,4 mientras que en <em>share<\/em> se impuso con un contundente 36% por encima del 22,8% del competidor m\u00e1s cercano.<\/p>","protected":false},"featured_media":231291,"template":"","meta":{"_et_pb_use_builder":"","_et_pb_old_content":"","_et_gb_content_width":""},"product_cat":[24],"product_tag":[318,320,321,322,114,317,286,319,323],"acf":[],"_links":{"self":[{"href":"https:\/\/www.rctvinternational.com\/en\/wp-json\/wp\/v2\/product\/228447"}],"collection":[{"href":"https:\/\/www.rctvinternational.com\/en\/wp-json\/wp\/v2\/product"}],"about":[{"href":"https:\/\/www.rctvinternational.com\/en\/wp-json\/wp\/v2\/types\/product"}],"wp:featuredmedia":[{"embeddable":true,"href":"https:\/\/www.rctvinternational.com\/en\/wp-json\/wp\/v2\/media\/231291"}],"wp:attachment":[{"href":"https:\/\/www.rctvinternational.com\/en\/wp-json\/wp\/v2\/media?parent=228447"}],"wp:term":[{"taxonomy":"product_cat","embeddable":true,"href":"https:\/\/www.rctvinternational.com\/en\/wp-json\/wp\/v2\/product_cat?post=228447"},{"taxonomy":"product_tag","embeddable":true,"href":"https:\/\/www.rctvinternational.com\/en\/wp-json\/wp\/v2\/product_tag?post=228447"}],"curies":[{"name":"wp","href":"https:\/\/api.w.org\/{rel}","templated":true}]}}