{"id":228442,"date":"2019-10-08T16:49:30","date_gmt":"2019-10-08T16:49:30","guid":{"rendered":"http:\/\/beta.rctvintl.com\/?post_type=product&#038;p=228442"},"modified":"2025-03-27T13:35:59","modified_gmt":"2025-03-27T13:35:59","slug":"chao-cristina-3","status":"publish","type":"product","link":"https:\/\/www.rctvinternational.com\/en\/product\/chao-cristina-3\/","title":{"rendered":"Chao Cristina"},"content":{"rendered":"<p style=\"text-align: center;\"><div style=\"width: 100%; min-height: 1px;\" id=\"vimeo-wc-video-69fba7ba4b987\" data-js=\"vimeo-wc-video\" data-atts=\"{&quot;autopause&quot;:&quot;true&quot;,&quot;autoplay&quot;:false,&quot;background&quot;:false,&quot;byline&quot;:&quot;true&quot;,&quot;color&quot;:&quot;none&quot;,&quot;controls&quot;:&quot;true&quot;,&quot;dnt&quot;:&quot;true&quot;,&quot;height&quot;:&quot;none&quot;,&quot;id&quot;:false,&quot;loop&quot;:false,&quot;maxheight&quot;:&quot;none&quot;,&quot;maxwidth&quot;:&quot;none&quot;,&quot;muted&quot;:false,&quot;pip&quot;:false,&quot;playsinline&quot;:&quot;true&quot;,&quot;portrait&quot;:&quot;true&quot;,&quot;quality&quot;:&quot;auto&quot;,&quot;responsive&quot;:&quot;true&quot;,&quot;speed&quot;:false,&quot;texttrack&quot;:&quot;none&quot;,&quot;title&quot;:&quot;true&quot;,&quot;transparent&quot;:true,&quot;url&quot;:&quot;https:\\\/\\\/vimeo.com\\\/368118481&quot;,&quot;width&quot;:&quot;none&quot;}\"><\/div><\/p>","protected":false},"excerpt":{"rendered":"<p><img decoding=\"async\" loading=\"lazy\" class=\"alignnone wp-image-232359 size-medium\" src=\"http:\/\/www.rctvinternational.com\/wp-content\/uploads\/2019\/10\/Chao-Cristina-231x300.png\" alt=\"\" width=\"231\" height=\"300\" \/><\/p>\n<p><img decoding=\"async\" loading=\"lazy\" class=\"alignnone size-full wp-image-232350\" src=\"http:\/\/www.rctvinternational.com\/wp-content\/uploads\/2020\/10\/Sinopsis.png\" alt=\"\" width=\"125\" height=\"57\" \/><\/p>\n<p style=\"text-align: justify;\">La vida de\u00a0<b>Cristina<\/b>\u00a0cambia inesperadamente al morir su esposo y descubrir los negocios il\u00edcitos en los cuales estaba envuelto.\u00a0<b>\u00c1lvaro <\/b><b>Troconis<\/b>, esposo de su mejor amiga, le brinda apoyo terap\u00e9utico como psiquiatra, para manejar el controversial duelo que debe afrontar.<\/p>\n<p style=\"text-align: justify;\">Pero la relaci\u00f3n entre ellos se entrelaza, a pesar de las objeciones de Cristina, cuando ambos laboran en un correccional para mujeres; lugar donde se topar\u00e1n con el caso de <b>Dulce Mar\u00eda, <\/b>una joven con muchos resentimientos,\u00a0v\u00edctima de una violaci\u00f3n y que espera sentencia por acusaciones de presunto homicidio.<\/p>\n<p style=\"text-align: justify;\">\u00c1lvaro Troconis\u00a0se apunta una victoria al lograr un cambio radical de la joven Dulce Mar\u00eda. Este logro se convierte en un punto de encuentro entre Cristina y \u00c1lvaro, una suerte de incentivo para dar un paso postergado por un sin n\u00famero de circunstancias que los mantienen separados.<\/p>\n<p>&nbsp;<\/p>\n<p><img decoding=\"async\" loading=\"lazy\" class=\"alignnone wp-image-231431 size-full\" src=\"http:\/\/www.rctvinternational.com\/wp-content\/uploads\/2020\/04\/deberias-saber-que.jpg\" alt=\"\" width=\"265\" height=\"39\" \/><\/p>\n<p>&nbsp;<\/p>\n<p style=\"text-align: justify;\">La escritora Iraida Tapia se encarg\u00f3 del guion de esta adaptaci\u00f3n para pel\u00edcula de TV que se llev\u00f3 a cabo totalmente en exteriores. En su estreno obtuvo 51 % de <em>share<\/em>, m\u00e1s del doble sobre su m\u00e1s cercano rival que alcanz\u00f3 24.9 %.<\/p>\n<p style=\"text-align: justify;\">La versi\u00f3n original, que pertenece a Jos\u00e9 Ignacio Cabrujas, marc\u00f3 pauta en la industria de la televisi\u00f3n venezolana en 1983, al brindar personajes m\u00e1s reales, dejando a un lado las historias rosas caracter\u00edsticas de la \u00e9poca.<\/p>","protected":false},"featured_media":231290,"template":"","meta":{"_et_pb_use_builder":"","_et_pb_old_content":"","_et_gb_content_width":""},"product_cat":[24],"product_tag":[312,110,313,310],"acf":[],"_links":{"self":[{"href":"https:\/\/www.rctvinternational.com\/en\/wp-json\/wp\/v2\/product\/228442"}],"collection":[{"href":"https:\/\/www.rctvinternational.com\/en\/wp-json\/wp\/v2\/product"}],"about":[{"href":"https:\/\/www.rctvinternational.com\/en\/wp-json\/wp\/v2\/types\/product"}],"wp:featuredmedia":[{"embeddable":true,"href":"https:\/\/www.rctvinternational.com\/en\/wp-json\/wp\/v2\/media\/231290"}],"wp:attachment":[{"href":"https:\/\/www.rctvinternational.com\/en\/wp-json\/wp\/v2\/media?parent=228442"}],"wp:term":[{"taxonomy":"product_cat","embeddable":true,"href":"https:\/\/www.rctvinternational.com\/en\/wp-json\/wp\/v2\/product_cat?post=228442"},{"taxonomy":"product_tag","embeddable":true,"href":"https:\/\/www.rctvinternational.com\/en\/wp-json\/wp\/v2\/product_tag?post=228442"}],"curies":[{"name":"wp","href":"https:\/\/api.w.org\/{rel}","templated":true}]}}