{"id":228154,"date":"2019-09-09T22:09:17","date_gmt":"2019-09-09T22:09:17","guid":{"rendered":"http:\/\/beta.rctvintl.com\/?post_type=product&#038;p=228154"},"modified":"2025-05-07T22:49:36","modified_gmt":"2025-05-07T22:49:36","slug":"corazon-traicionado-2","status":"publish","type":"product","link":"https:\/\/www.rctvinternational.com\/en\/product\/corazon-traicionado-2\/","title":{"rendered":"Coraz\u00f3n Traicionado"},"content":{"rendered":"<p style=\"text-align: center;\"><div style=\"width: 100%; min-height: 1px;\" id=\"vimeo-wc-video-69f446fdf2033\" data-js=\"vimeo-wc-video\" data-atts=\"{&quot;autopause&quot;:&quot;true&quot;,&quot;autoplay&quot;:false,&quot;background&quot;:false,&quot;byline&quot;:&quot;true&quot;,&quot;color&quot;:&quot;none&quot;,&quot;controls&quot;:&quot;true&quot;,&quot;dnt&quot;:&quot;true&quot;,&quot;height&quot;:&quot;none&quot;,&quot;id&quot;:false,&quot;loop&quot;:false,&quot;maxheight&quot;:&quot;none&quot;,&quot;maxwidth&quot;:&quot;none&quot;,&quot;muted&quot;:false,&quot;pip&quot;:false,&quot;playsinline&quot;:&quot;true&quot;,&quot;portrait&quot;:&quot;true&quot;,&quot;quality&quot;:&quot;auto&quot;,&quot;responsive&quot;:&quot;true&quot;,&quot;speed&quot;:false,&quot;texttrack&quot;:&quot;none&quot;,&quot;title&quot;:&quot;true&quot;,&quot;transparent&quot;:true,&quot;url&quot;:&quot;https:\\\/\\\/vimeo.com\\\/363432861&quot;,&quot;width&quot;:&quot;none&quot;}\"><\/div><\/p>\n<p>&nbsp;<\/p>\n<p style=\"text-align: justify;\">","protected":false},"excerpt":{"rendered":"<p><img decoding=\"async\" loading=\"lazy\" class=\"alignnone wp-image-228165 size-medium\" src=\"http:\/\/www.rctvinternational.com\/wp-content\/uploads\/2019\/09\/CT-claqueta-01-01-275x300.png\" alt=\"\" width=\"275\" height=\"300\" \/><\/p>\n<p style=\"text-align: justify;\"><img decoding=\"async\" loading=\"lazy\" class=\"alignnone size-full wp-image-232350\" src=\"http:\/\/www.rctvinternational.com\/wp-content\/uploads\/2020\/10\/Sinopsis.png\" alt=\"\" width=\"125\" height=\"57\" \/><\/p>\n<p style=\"text-align: justify;\">Lorena Garc\u00eda (<strong>Yelena Maciel<\/strong>) es forzada a cometer un asesinato para salvar la vida de su hijo secuestrado por Guillermo, su esposo, un homicida a sueldo, que fall\u00f3 al intentar asesinar al abogado Marco Aurelio Corona.<\/p>\n<p style=\"text-align: justify;\">El plan es que trabaje como enfermera en la casa del abogado para matarlo. Sin embargo, se expone a ser descubierta pues, 15 a\u00f1os atr\u00e1s, trabaj\u00f3 en ese lugar junto a su hermana. All\u00ed conoci\u00f3 a Alberto Corona (<strong>Crist\u00f3bal Lander<\/strong>) de quien se enamor\u00f3 plat\u00f3nicamente.<\/p>\n<p style=\"text-align: justify;\">El amor\u00a0renace entre Alberto y Lorena, a pesar de las dificultades que se presentan en la casa, aunque \u00e9l desconoce el complot para asesinar a su padre en el cual Lorena est\u00e1 involucrada.<\/p>\n<p style=\"text-align: justify;\">Marco Aurelio es v\u00edctima, nuevamente, de otro atentado en el cual pierde la vida. Situaci\u00f3n que sumerge a Alberto en un profundo dolor y jura hacer justicia.<\/p>\n<p style=\"text-align: justify;\">Pero su pena se incrementa cuando se entera de que Gertrudis Sotillo (Caridad Canel\u00f3n), su madre, fue la autora intelectual y que Lorena, entonces su esposa, est\u00e1 relacionada con el suceso.<\/p>\n<p style=\"text-align: justify;\">En medio de todo el conflicto, Malena Corona Sotillo (Norkys Batista), hermana de Alberto, vive el horror en carne propia, pues su esposo, Pablo Miranda (Claudio de la Torre), abusa constantemente de ella, adem\u00e1s la acusa de estar enamorada de otra mujer para justificar sus &#8216;castigos&#8217;. Y una de las tantas peleas terminar\u00e1 en tragedia.<\/p>\n<p style=\"text-align: justify;\">En tanto,\u00a0Lorena debe probar que su participaci\u00f3n fue forzada para recuperar a su hijo y as\u00ed tratar de aplacar el <strong>coraz\u00f3n traicionado<\/strong> de Alberto.<\/p>\n<p><img decoding=\"async\" loading=\"lazy\" class=\"alignnone wp-image-231431 size-full\" src=\"http:\/\/www.rctvinternational.com\/wp-content\/uploads\/2020\/04\/deberias-saber-que.jpg\" alt=\"\" width=\"265\" height=\"39\" \/><\/p>\n<p style=\"text-align: justify;\">El drama, el suspenso y el misterio son los ingredientes esenciales de esta producci\u00f3n que lleva la marca del escritor<strong> Martin Hahn<\/strong> y que devela hasta d\u00f3nde llegar\u00eda una mujer para salvar la vida de su hijo.<\/p>\n<p style=\"text-align: justify;\">Esta telenovela ha sido transmitida con \u00e9xito en varios pa\u00edses como: Rep\u00fablica Dominicana, Colombia, Honduras, Panam\u00e1, Bolivia, El Salvador, Costa Rica, Paraguay y M\u00e9xico, entre otros.<\/p>","protected":false},"featured_media":231276,"template":"","meta":{"_et_pb_use_builder":"","_et_pb_old_content":"","_et_gb_content_width":""},"product_cat":[23],"product_tag":[269,95,290,293,292,291],"acf":[],"_links":{"self":[{"href":"https:\/\/www.rctvinternational.com\/en\/wp-json\/wp\/v2\/product\/228154"}],"collection":[{"href":"https:\/\/www.rctvinternational.com\/en\/wp-json\/wp\/v2\/product"}],"about":[{"href":"https:\/\/www.rctvinternational.com\/en\/wp-json\/wp\/v2\/types\/product"}],"wp:featuredmedia":[{"embeddable":true,"href":"https:\/\/www.rctvinternational.com\/en\/wp-json\/wp\/v2\/media\/231276"}],"wp:attachment":[{"href":"https:\/\/www.rctvinternational.com\/en\/wp-json\/wp\/v2\/media?parent=228154"}],"wp:term":[{"taxonomy":"product_cat","embeddable":true,"href":"https:\/\/www.rctvinternational.com\/en\/wp-json\/wp\/v2\/product_cat?post=228154"},{"taxonomy":"product_tag","embeddable":true,"href":"https:\/\/www.rctvinternational.com\/en\/wp-json\/wp\/v2\/product_tag?post=228154"}],"curies":[{"name":"wp","href":"https:\/\/api.w.org\/{rel}","templated":true}]}}