{"id":228053,"date":"2019-09-03T13:39:46","date_gmt":"2019-09-03T13:39:46","guid":{"rendered":"http:\/\/beta.rctvintl.com\/?post_type=product&#038;p=228053"},"modified":"2025-05-07T23:23:14","modified_gmt":"2025-05-07T23:23:14","slug":"juana-la-virgen-2","status":"publish","type":"product","link":"https:\/\/www.rctvinternational.com\/en\/product\/juana-la-virgen-2\/","title":{"rendered":"Juana La Virgen"},"content":{"rendered":"<p style=\"text-align: center;\"><div style=\"width: 100%; min-height: 1px;\" id=\"vimeo-wc-video-69e19bfa53092\" data-js=\"vimeo-wc-video\" data-atts=\"{&quot;autopause&quot;:&quot;true&quot;,&quot;autoplay&quot;:false,&quot;background&quot;:false,&quot;byline&quot;:&quot;true&quot;,&quot;color&quot;:&quot;none&quot;,&quot;controls&quot;:&quot;true&quot;,&quot;dnt&quot;:&quot;true&quot;,&quot;height&quot;:&quot;none&quot;,&quot;id&quot;:false,&quot;loop&quot;:false,&quot;maxheight&quot;:&quot;none&quot;,&quot;maxwidth&quot;:&quot;none&quot;,&quot;muted&quot;:false,&quot;pip&quot;:false,&quot;playsinline&quot;:&quot;true&quot;,&quot;portrait&quot;:&quot;true&quot;,&quot;quality&quot;:&quot;auto&quot;,&quot;responsive&quot;:&quot;true&quot;,&quot;speed&quot;:false,&quot;texttrack&quot;:&quot;none&quot;,&quot;title&quot;:&quot;true&quot;,&quot;transparent&quot;:true,&quot;url&quot;:&quot;https:\\\/\\\/vimeo.com\\\/266557543&quot;,&quot;width&quot;:&quot;none&quot;}\"><\/div><\/p>\n<p>&nbsp;<\/p>\n<p>&nbsp;<\/p>","protected":false},"excerpt":{"rendered":"<p><img decoding=\"async\" loading=\"lazy\" class=\"alignnone wp-image-231168 size-medium\" src=\"http:\/\/www.rctvinternational.com\/wp-content\/uploads\/2019\/09\/claquetas-Corregidas-08-1-225x300.png\" alt=\"\" width=\"225\" height=\"300\" \/><\/p>\n<p style=\"text-align: justify;\"><img decoding=\"async\" loading=\"lazy\" class=\"alignnone size-full wp-image-232350\" src=\"http:\/\/www.rctvinternational.com\/wp-content\/uploads\/2020\/10\/Sinopsis.png\" alt=\"\" width=\"125\" height=\"57\" \/><\/p>\n<p style=\"text-align: justify;\">Una simple visita al ginec\u00f3logo puede cambiar\u00a0de manera inesperada la vida de una mujer. Este fue el caso de\u00a0Juana P\u00e9rez (<strong>Daniela Alvarado<\/strong>), una muchacha virgen que acude a una consulta regular, pero por equivocaci\u00f3n le realizan una inseminaci\u00f3n artificial que la deja embarazada.<\/p>\n<p style=\"text-align: justify;\">El error cometido en la cl\u00ednica trajo terribles consecuencias a <strong>Juana<\/strong>. A pesar de ser una excelente estudiante, fue expulsada del colegio por conducta inapropiada y adem\u00e1s despojada de una beca para estudiar fotograf\u00eda en el extranjero, debido a su nueva condici\u00f3n.<\/p>\n<p style=\"text-align: justify;\">Mauricio de la Vega (<strong>Ricardo \u00c1lamo<\/strong>), un empresario due\u00f1o de una revista exitosa, resulta ser el padre del hijo de <strong>Juana<\/strong>. \u00c9l accedi\u00f3 a la idea de procrear a trav\u00e9s de la inseminaci\u00f3n, por la imposibilidad de tenerlo naturalmente con su esposa. Pero nunca imagin\u00f3 todas las complicaciones que se dar\u00edan en torno a su paternidad.<\/p>\n<p style=\"text-align: justify;\"><strong>Mauricio\u00a0<\/strong>pronto descubre lo ocurrido y la identidad de quien lleva a su futuro hijo y comienza una fren\u00e9tica b\u00fasqueda hasta dar con la muchacha. El afecto entre ambos, que casualmente ya se hab\u00edan conocido, se incrementa y se convierte en un conflicto para el matrimonio de Mauricio.<\/p>\n<p><img decoding=\"async\" loading=\"lazy\" class=\"alignnone wp-image-231431 size-full\" src=\"http:\/\/www.rctvinternational.com\/wp-content\/uploads\/2020\/04\/deberias-saber-que.jpg\" alt=\"\" width=\"265\" height=\"39\" \/><\/p>\n<p style=\"text-align: justify;\"><strong>Juana La Virgen<\/strong> caus\u00f3 un gran impacto en los pa\u00edses donde fue transmitida, al punto que en Estados Unidos se realiz\u00f3 una adaptaci\u00f3n en formato de serie que tiene el nombre de &#8216;Jane the Virgin&#8217;, versi\u00f3n que ha sido galardonada en varias oportunidades.<\/p>","protected":false},"featured_media":231241,"template":"","meta":{"_et_pb_use_builder":"","_et_pb_old_content":"","_et_gb_content_width":""},"product_cat":[23],"product_tag":[84,85,86],"acf":[],"_links":{"self":[{"href":"https:\/\/www.rctvinternational.com\/en\/wp-json\/wp\/v2\/product\/228053"}],"collection":[{"href":"https:\/\/www.rctvinternational.com\/en\/wp-json\/wp\/v2\/product"}],"about":[{"href":"https:\/\/www.rctvinternational.com\/en\/wp-json\/wp\/v2\/types\/product"}],"wp:featuredmedia":[{"embeddable":true,"href":"https:\/\/www.rctvinternational.com\/en\/wp-json\/wp\/v2\/media\/231241"}],"wp:attachment":[{"href":"https:\/\/www.rctvinternational.com\/en\/wp-json\/wp\/v2\/media?parent=228053"}],"wp:term":[{"taxonomy":"product_cat","embeddable":true,"href":"https:\/\/www.rctvinternational.com\/en\/wp-json\/wp\/v2\/product_cat?post=228053"},{"taxonomy":"product_tag","embeddable":true,"href":"https:\/\/www.rctvinternational.com\/en\/wp-json\/wp\/v2\/product_tag?post=228053"}],"curies":[{"name":"wp","href":"https:\/\/api.w.org\/{rel}","templated":true}]}}