{"id":228048,"date":"2019-08-03T13:26:17","date_gmt":"2019-08-03T13:26:17","guid":{"rendered":"http:\/\/beta.rctvintl.com\/?post_type=product&#038;p=228048"},"modified":"2025-05-08T00:44:49","modified_gmt":"2025-05-08T00:44:49","slug":"senora-2","status":"publish","type":"product","link":"https:\/\/www.rctvinternational.com\/en\/product\/senora-2\/","title":{"rendered":"Se\u00f1ora"},"content":{"rendered":"<p style=\"text-align: center;\"><div style=\"width: 100%; min-height: 1px;\" id=\"vimeo-wc-video-69f7b4ec00b4c\" data-js=\"vimeo-wc-video\" data-atts=\"{&quot;autopause&quot;:&quot;true&quot;,&quot;autoplay&quot;:false,&quot;background&quot;:false,&quot;byline&quot;:&quot;true&quot;,&quot;color&quot;:&quot;none&quot;,&quot;controls&quot;:&quot;true&quot;,&quot;dnt&quot;:&quot;true&quot;,&quot;height&quot;:&quot;none&quot;,&quot;id&quot;:false,&quot;loop&quot;:false,&quot;maxheight&quot;:&quot;none&quot;,&quot;maxwidth&quot;:&quot;none&quot;,&quot;muted&quot;:false,&quot;pip&quot;:false,&quot;playsinline&quot;:&quot;true&quot;,&quot;portrait&quot;:&quot;true&quot;,&quot;quality&quot;:&quot;auto&quot;,&quot;responsive&quot;:&quot;true&quot;,&quot;speed&quot;:false,&quot;texttrack&quot;:&quot;none&quot;,&quot;title&quot;:&quot;true&quot;,&quot;transparent&quot;:true,&quot;url&quot;:&quot;https:\\\/\\\/vimeo.com\\\/702843727&quot;,&quot;width&quot;:&quot;none&quot;}\"><\/div><\/p>\n<p>&nbsp;<\/p>\n<p>&nbsp;<\/p>","protected":false},"excerpt":{"rendered":"<p><img decoding=\"async\" loading=\"lazy\" class=\"alignnone wp-image-231439 size-medium\" src=\"http:\/\/www.rctvinternational.com\/wp-content\/uploads\/2019\/08\/claquetas-Corregidas-17-2-225x300.png\" alt=\"\" width=\"225\" height=\"300\" \/><\/p>\n<p style=\"text-align: justify;\"><img decoding=\"async\" loading=\"lazy\" class=\"alignnone size-full wp-image-232350\" src=\"http:\/\/www.rctvinternational.com\/wp-content\/uploads\/2020\/10\/Sinopsis.png\" alt=\"\" width=\"125\" height=\"57\" \/><\/p>\n<p style=\"text-align: justify;\"><strong>Eugenia <\/strong>(Maricarmen Regueiro) pasa cinco a\u00f1os en un reclusorio para mujeres, sin recibir sentencia, tras cometer un delito menor por el cual debi\u00f3 pagar un a\u00f1o de condena. <strong>Diego Mendoza<\/strong> (Carlos Mata) es el fiscal del caso y a quien <strong>Eugenia<\/strong> responsabiliza de estar m\u00e1s tiempo en prisi\u00f3n.<\/p>\n<p style=\"text-align: justify;\">La libertad de <strong>Eugenia<\/strong> se produce luego de una ri\u00f1a en la c\u00e1rcel, que la deja moment\u00e1neamente ciega, y es bajo esta condici\u00f3n que tiene su primer contacto con <strong>Diego Mendoza<\/strong>.<\/p>\n<p style=\"text-align: justify;\">A pesar del odio que siente <strong>Eugenia<\/strong>, <strong>Diego<\/strong> se compadece y se hace pasar por un m\u00e9dico para tratar de cuidarla, hasta que ella lo descubre y le confiesa sus deseos de venganza. Por juegos del destino, <strong>Eugenia<\/strong> se ve involucrada en la muerte de Pilar Luj\u00e1n, esposa de <strong>Diego<\/strong>, raz\u00f3n por la cual debe escapar y adoptar una identidad falsa.<\/p>\n<p style=\"text-align: justify;\">En su huida llega a la casa de la poderosa\u00a0<strong>Constituci\u00f3n M\u00e9ndez<\/strong>, quien le da empleo sin saber que es su madre. Y por casualidad,\u00a0<strong>Constituci\u00f3n<\/strong> contrata a <strong>Diego<\/strong> para saber si la hija que tuvo en la juventud <del>\u00a0 \u00a0<\/del>producto de una violaci\u00f3n<del>\u00a0 \u00a0<\/del>\u00a0 se encuentra con vida.<\/p>\n<p style=\"text-align: justify;\"><strong>Constituci\u00f3n<\/strong> se enamora del joven viudo; sin embargo, \u00e9l solo tiene ojos para <strong>Eugenia.\u00a0<\/strong>A partir de all\u00ed comienza una batalla encarnizada entre madre e hija que llevar\u00e1 a <strong>Eugenia<\/strong> a refugiarse en el exterior y regresar, a\u00f1os despu\u00e9s, convertida en una <strong>Se\u00f1ora.<\/strong><\/p>\n<p><img decoding=\"async\" loading=\"lazy\" class=\"alignnone size-full wp-image-231431\" src=\"http:\/\/www.rctvinternational.com\/wp-content\/uploads\/2020\/04\/deberias-saber-que.jpg\" alt=\"\" width=\"265\" height=\"39\" \/><\/p>\n<p style=\"text-align: justify;\"><strong>Se\u00f1ora<\/strong> contribuy\u00f3 a la consolidaci\u00f3n de <strong>RCTV<\/strong> como una de las televisoras m\u00e1s importantes e influyentes en Latinoam\u00e9rica. Esta producci\u00f3n dram\u00e1tica venezolana cruz\u00f3 el Atl\u00e1ntico para conquistar los corazones de espa\u00f1oles, italianos e irlandeses, inclusive en el a\u00f1o 2002 fue transmitida en Australia.<\/p>","protected":false},"featured_media":231210,"template":"","meta":{"_et_pb_use_builder":"","_et_pb_old_content":"","_et_gb_content_width":""},"product_cat":[22],"product_tag":[245,242,88],"acf":[],"_links":{"self":[{"href":"https:\/\/www.rctvinternational.com\/en\/wp-json\/wp\/v2\/product\/228048"}],"collection":[{"href":"https:\/\/www.rctvinternational.com\/en\/wp-json\/wp\/v2\/product"}],"about":[{"href":"https:\/\/www.rctvinternational.com\/en\/wp-json\/wp\/v2\/types\/product"}],"wp:featuredmedia":[{"embeddable":true,"href":"https:\/\/www.rctvinternational.com\/en\/wp-json\/wp\/v2\/media\/231210"}],"wp:attachment":[{"href":"https:\/\/www.rctvinternational.com\/en\/wp-json\/wp\/v2\/media?parent=228048"}],"wp:term":[{"taxonomy":"product_cat","embeddable":true,"href":"https:\/\/www.rctvinternational.com\/en\/wp-json\/wp\/v2\/product_cat?post=228048"},{"taxonomy":"product_tag","embeddable":true,"href":"https:\/\/www.rctvinternational.com\/en\/wp-json\/wp\/v2\/product_tag?post=228048"}],"curies":[{"name":"wp","href":"https:\/\/api.w.org\/{rel}","templated":true}]}}