{"id":227995,"date":"2019-08-06T18:05:22","date_gmt":"2019-08-06T18:05:22","guid":{"rendered":"http:\/\/beta.rctvintl.com\/?post_type=product&#038;p=227995"},"modified":"2025-08-28T10:12:25","modified_gmt":"2025-08-28T10:12:25","slug":"el-desprecio-1991-2","status":"publish","type":"product","link":"https:\/\/www.rctvinternational.com\/en\/product\/el-desprecio-1991-2\/","title":{"rendered":"Betrayed (El Desprecio)"},"content":{"rendered":"<p style=\"text-align: center;\"><div style=\"width: 100%; min-height: 1px;\" id=\"vimeo-wc-video-69fe0a76db6df\" data-js=\"vimeo-wc-video\" data-atts=\"{&quot;autopause&quot;:&quot;true&quot;,&quot;autoplay&quot;:false,&quot;background&quot;:false,&quot;byline&quot;:&quot;true&quot;,&quot;color&quot;:&quot;none&quot;,&quot;controls&quot;:&quot;true&quot;,&quot;dnt&quot;:&quot;true&quot;,&quot;height&quot;:&quot;none&quot;,&quot;id&quot;:false,&quot;loop&quot;:false,&quot;maxheight&quot;:&quot;none&quot;,&quot;maxwidth&quot;:&quot;none&quot;,&quot;muted&quot;:false,&quot;pip&quot;:false,&quot;playsinline&quot;:&quot;true&quot;,&quot;portrait&quot;:&quot;true&quot;,&quot;quality&quot;:&quot;auto&quot;,&quot;responsive&quot;:&quot;true&quot;,&quot;speed&quot;:false,&quot;texttrack&quot;:&quot;none&quot;,&quot;title&quot;:&quot;true&quot;,&quot;transparent&quot;:true,&quot;url&quot;:&quot;https:\\\/\\\/vimeo.com\\\/361167213&quot;,&quot;width&quot;:&quot;none&quot;}\"><\/div><\/p>\n<p>&nbsp;<\/p>\n<p>&nbsp;<\/p>\n<p>&nbsp;<\/p>\n<p style=\"text-align: justify;\">","protected":false},"excerpt":{"rendered":"<p><img decoding=\"async\" loading=\"lazy\" class=\"alignnone wp-image-231166 size-medium\" src=\"https:\/\/www.rctvinternational.com\/wp-content\/uploads\/2019\/08\/claquetas-Corregidas-06-1-225x300.png\" alt=\"\" width=\"225\" height=\"300\" \/><\/p>\n<p style=\"text-align: justify;\"><img decoding=\"async\" loading=\"lazy\" class=\"alignnone size-full wp-image-232350\" src=\"http:\/\/www.rctvinternational.com\/wp-content\/uploads\/2020\/10\/Sinopsis.png\" alt=\"\" width=\"125\" height=\"57\" \/><\/p>\n<p style=\"text-align: justify;\" class=\"translation-block\"><strong>The contempt and betrayed<\/strong> are feeling that accompanies Clara In\u00e9s (Maricarmen Regueiro) from a very early age.\nShe leaves the hostelry where she lives under the tutoring of nuns, to change the course of her life, once she finds out that she comes from a very powerful family.<\/p>\n<p style=\"text-align: justify;\" class=\"translation-block\">On her way to the capital, she happens to meet Ra\u00fal Velandr\u00f3 (Flavio Caballero), who confesses to her that he is part of the family group she is looking for and offers to accompany her. From then on, the young stutterer knows love.<\/p>\n<p style=\"text-align: justify;\" class=\"translation-block\">Clara In\u00e9s' trip to the capital is not to the liking of Pastora Lara-Portillo de Santamar\u00eda, Ra\u00fal's mother and wife of the powerful Israel Santamar\u00eda.  So Pastora contract-killers to prevent her from reaching her destination, but they fail, so she must accept Clara at the Santa Maria mansion.<\/p>\n<p style=\"text-align: justify;\" class=\"translation-block\">Once there, Clara becomes the center of humiliation. The contempt is evident but the greatest pain for Clara In\u00e9s occurs when she discovers that Ra\u00fal Velandr\u00f3 is married. Clara In\u00e9s is expelled from the house without being able to explain that Israel Santamar\u00eda is her father.<\/p>\n<p style=\"text-align: justify;\">But her uncle Cyril intervenes, proves every one of her consanguineous bonds and takes her back to the family home, in spite of Pastora's refusal. \nClara accumulates all that resentment due to the disdain and harshness she was treated and prepares to return, an eye for eye and tooth for a tooth, all the wickedness she was a victim.<\/p>\n<p style=\"text-align: justify;\">To do this, she will sometimes use the same gimmicks practiced by Pastora, even though putting at risk the love she feels for Ra\u00fal.<\/p>\n<p><img decoding=\"async\" loading=\"lazy\" class=\"alignnone wp-image-231431 size-full\" src=\"https:\/\/www.rctvinternational.com\/wp-content\/uploads\/2020\/04\/deberias-saber-que.jpg\" alt=\"\" width=\"265\" height=\"39\" \/><\/p>\n<p style=\"text-align: justify;\">Esta producci\u00f3n dram\u00e1tica original de Julio C\u00e9sar M\u00e1rmol, realizada por primera en el a\u00f1o 1991, cont\u00f3 con la coproducci\u00f3n de la cadena espa\u00f1ola Antena 3.<\/p>\n<p style=\"text-align: justify;\">En el a\u00f1o 2006, <strong>RCTV<\/strong> realiz\u00f3 una adaptaci\u00f3n que, al igual que su antecesora, fue muy exitosa. M\u00e1s de 10 pa\u00edses adquirieron los derechos de transmisi\u00f3n para la primera versi\u00f3n.<\/p>","protected":false},"featured_media":228246,"template":"","meta":{"_et_pb_use_builder":"","_et_pb_old_content":"","_et_gb_content_width":""},"product_cat":[22],"product_tag":[107,243,242],"acf":[],"_links":{"self":[{"href":"https:\/\/www.rctvinternational.com\/en\/wp-json\/wp\/v2\/product\/227995"}],"collection":[{"href":"https:\/\/www.rctvinternational.com\/en\/wp-json\/wp\/v2\/product"}],"about":[{"href":"https:\/\/www.rctvinternational.com\/en\/wp-json\/wp\/v2\/types\/product"}],"wp:featuredmedia":[{"embeddable":true,"href":"https:\/\/www.rctvinternational.com\/en\/wp-json\/wp\/v2\/media\/228246"}],"wp:attachment":[{"href":"https:\/\/www.rctvinternational.com\/en\/wp-json\/wp\/v2\/media?parent=227995"}],"wp:term":[{"taxonomy":"product_cat","embeddable":true,"href":"https:\/\/www.rctvinternational.com\/en\/wp-json\/wp\/v2\/product_cat?post=227995"},{"taxonomy":"product_tag","embeddable":true,"href":"https:\/\/www.rctvinternational.com\/en\/wp-json\/wp\/v2\/product_tag?post=227995"}],"curies":[{"name":"wp","href":"https:\/\/api.w.org\/{rel}","templated":true}]}}