{"id":227990,"date":"2019-09-08T19:12:41","date_gmt":"2019-09-08T19:12:41","guid":{"rendered":"http:\/\/beta.rctvintl.com\/?post_type=product&#038;p=227990"},"modified":"2024-05-09T21:53:21","modified_gmt":"2024-05-09T21:53:21","slug":"piel-salvaje","status":"publish","type":"product","link":"https:\/\/www.rctvinternational.com\/en\/product\/piel-salvaje\/","title":{"rendered":"Piel Salvaje"},"content":{"rendered":"<p style=\"text-align: center;\"><div style=\"width: 100%; min-height: 1px;\" id=\"vimeo-wc-video-69f80e44b84c8\" data-js=\"vimeo-wc-video\" data-atts=\"{&quot;autopause&quot;:&quot;true&quot;,&quot;autoplay&quot;:false,&quot;background&quot;:false,&quot;byline&quot;:&quot;true&quot;,&quot;color&quot;:&quot;none&quot;,&quot;controls&quot;:&quot;true&quot;,&quot;dnt&quot;:&quot;true&quot;,&quot;height&quot;:&quot;none&quot;,&quot;id&quot;:false,&quot;loop&quot;:false,&quot;maxheight&quot;:&quot;none&quot;,&quot;maxwidth&quot;:&quot;none&quot;,&quot;muted&quot;:false,&quot;pip&quot;:false,&quot;playsinline&quot;:&quot;true&quot;,&quot;portrait&quot;:&quot;true&quot;,&quot;quality&quot;:&quot;auto&quot;,&quot;responsive&quot;:&quot;true&quot;,&quot;speed&quot;:false,&quot;texttrack&quot;:&quot;none&quot;,&quot;title&quot;:&quot;true&quot;,&quot;transparent&quot;:true,&quot;url&quot;:&quot;https:\\\/\\\/vimeo.com\\\/254056427&quot;,&quot;width&quot;:&quot;none&quot;}\"><\/div><\/p>\n<p>&nbsp;<\/p>\n<p style=\"text-align: justify;\">","protected":false},"excerpt":{"rendered":"<p><img decoding=\"async\" loading=\"lazy\" class=\"alignnone wp-image-232776 size-medium\" src=\"http:\/\/www.rctvinternational.com\/wp-content\/uploads\/2019\/09\/PielS-claqueta-01-01-01-18-225x300.png\" alt=\"\" width=\"225\" height=\"300\" \/><\/p>\n<p><img decoding=\"async\" loading=\"lazy\" class=\"alignnone wp-image-232350 size-full\" src=\"http:\/\/www.rctvinternational.com\/wp-content\/uploads\/2020\/10\/Sinopsis.png\" alt=\"\" width=\"125\" height=\"57\" \/><\/p>\n<p style=\"text-align: justify;\">Camila Espino (<strong>Irene Esser<\/strong>) y Maximiliano Esquivel (<strong>Carlos Felipe \u00c1lvarez<\/strong>), comparten el entorno urbano donde se desarrolla esta historia de amor que debe superar la intriga, el poder del dinero y los negocios turbios, en medio del glamour, la moda y la belleza.<\/p>\n<p style=\"text-align: justify;\">Camila, hu\u00e9rfana y abandonada en la calle durante su infancia, forj\u00f3 un recio car\u00e1cter que contrasta con la dulzura capaz de entregar para ayudar a los ni\u00f1os de un orfanato. El amor que recibi\u00f3 de una monja, a quien considera como una madre, es el \u00fanico afecto que recuerda de su ni\u00f1ez y juventud.<\/p>\n<p style=\"text-align: justify;\">Pero esa percepci\u00f3n cambia cuando Camila conoce a Maximiliano, prominente abogado mercantil que presta sus servicios para <em>Mascarada Makeup<\/em>, la compa\u00f1\u00eda de su padre <strong>Ezequiel L\u00f3pez M\u00e9ndez<\/strong> (Carlos Cruz), poderoso empresario con quien lleva una relaci\u00f3n llena de conflictos.<\/p>\n<p style=\"text-align: justify;\">Ezequiel manipula a su esposa para obtener los fondos necesarios con los que desata una encarnizada rivalidad con <em>Capricho\u00b4s<\/em>, la empresa de la competencia, y as\u00ed apoderarse del mercado cosmetol\u00f3gico.<\/p>\n<p style=\"text-align: justify;\">Las transacciones y estrategias empresariales que rayan en la criminalidad, la enorme distancia econ\u00f3mica que los separa, junto con los prejuicios sociales, son algunos de los muchos obst\u00e1culos que Camila y Maximiliano tendr\u00e1n superar para alcanzar su gran anhelo de estar juntos.<\/p>\n<p style=\"text-align: justify;\"><img decoding=\"async\" loading=\"lazy\" class=\"alignnone size-full wp-image-231431\" src=\"http:\/\/www.rctvinternational.com\/wp-content\/uploads\/2020\/04\/deberias-saber-que.jpg\" alt=\"\" width=\"265\" height=\"39\" \/><\/p>\n<p style=\"text-align: justify;\"><strong>Piel Salvaje<\/strong> es la segunda adaptaci\u00f3n que se realiza en Venezuela de <strong>\u2018La Fiera\u2019<\/strong>. Previamente, la obra original de <strong>Julio C\u00e9sar M\u00e1rmol<\/strong>, fue versionada con el t\u00edtulo de <strong>\u2018Pura Sangre\u2019<\/strong>. Esta vez Martin Hahn recrea la historia en un ambiente moderno y con glamur.<\/p>\n<p style=\"text-align: justify;\">Esta versi\u00f3n result\u00f3 un \u00e9xito absoluto en pa\u00edses de Europa y \u00c1frica.<\/p>","protected":false},"featured_media":231273,"template":"","meta":{"_et_pb_use_builder":"","_et_pb_old_content":"","_et_gb_content_width":""},"product_cat":[23],"product_tag":[250,288,287,289,66,92],"acf":[],"_links":{"self":[{"href":"https:\/\/www.rctvinternational.com\/en\/wp-json\/wp\/v2\/product\/227990"}],"collection":[{"href":"https:\/\/www.rctvinternational.com\/en\/wp-json\/wp\/v2\/product"}],"about":[{"href":"https:\/\/www.rctvinternational.com\/en\/wp-json\/wp\/v2\/types\/product"}],"wp:featuredmedia":[{"embeddable":true,"href":"https:\/\/www.rctvinternational.com\/en\/wp-json\/wp\/v2\/media\/231273"}],"wp:attachment":[{"href":"https:\/\/www.rctvinternational.com\/en\/wp-json\/wp\/v2\/media?parent=227990"}],"wp:term":[{"taxonomy":"product_cat","embeddable":true,"href":"https:\/\/www.rctvinternational.com\/en\/wp-json\/wp\/v2\/product_cat?post=227990"},{"taxonomy":"product_tag","embeddable":true,"href":"https:\/\/www.rctvinternational.com\/en\/wp-json\/wp\/v2\/product_tag?post=227990"}],"curies":[{"name":"wp","href":"https:\/\/api.w.org\/{rel}","templated":true}]}}