{"id":227942,"date":"2019-08-01T18:09:29","date_gmt":"2019-08-01T18:09:29","guid":{"rendered":"http:\/\/beta.rctvintl.com\/?post_type=product&#038;p=227942"},"modified":"2025-05-08T00:46:18","modified_gmt":"2025-05-08T00:46:18","slug":"la-dama-de-rosa-2","status":"publish","type":"product","link":"https:\/\/www.rctvinternational.com\/en\/product\/la-dama-de-rosa-2\/","title":{"rendered":"La Dama De Rosa"},"content":{"rendered":"<p style=\"text-align: center;\"><div style=\"width: 100%; min-height: 1px;\" id=\"vimeo-wc-video-69e631b6cfdce\" data-js=\"vimeo-wc-video\" data-atts=\"{&quot;autopause&quot;:&quot;true&quot;,&quot;autoplay&quot;:false,&quot;background&quot;:false,&quot;byline&quot;:&quot;true&quot;,&quot;color&quot;:&quot;none&quot;,&quot;controls&quot;:&quot;true&quot;,&quot;dnt&quot;:&quot;true&quot;,&quot;height&quot;:&quot;none&quot;,&quot;id&quot;:false,&quot;loop&quot;:false,&quot;maxheight&quot;:&quot;none&quot;,&quot;maxwidth&quot;:&quot;none&quot;,&quot;muted&quot;:false,&quot;pip&quot;:false,&quot;playsinline&quot;:&quot;true&quot;,&quot;portrait&quot;:&quot;true&quot;,&quot;quality&quot;:&quot;auto&quot;,&quot;responsive&quot;:&quot;true&quot;,&quot;speed&quot;:false,&quot;texttrack&quot;:&quot;none&quot;,&quot;title&quot;:&quot;true&quot;,&quot;transparent&quot;:true,&quot;url&quot;:&quot;https:\\\/\\\/vimeo.com\\\/686401775&quot;,&quot;width&quot;:&quot;none&quot;}\"><\/div><\/p>\n<p>&nbsp;<\/p>\n<p>&nbsp;<\/p>\n<p style=\"text-align: justify;\">","protected":false},"excerpt":{"rendered":"<p><img decoding=\"async\" loading=\"lazy\" class=\"alignnone wp-image-232233 size-medium\" src=\"http:\/\/www.rctvinternational.com\/wp-content\/uploads\/2019\/08\/claquetas-Corregidas-11-3-225x300.png\" alt=\"\" width=\"225\" height=\"300\" \/><\/p>\n<p style=\"text-align: justify;\"><img decoding=\"async\" loading=\"lazy\" class=\"alignnone size-full wp-image-232350\" src=\"http:\/\/www.rctvinternational.com\/wp-content\/uploads\/2020\/10\/Sinopsis.png\" alt=\"\" width=\"125\" height=\"57\" \/><\/p>\n<p style=\"text-align: justify;\" class=\"translation-block\">Gabriela (<strong>Jeannette Rodr\u00edguez<\/strong>) is a young woman whose biggest dream is to become an actress, but she has to give up her hopes to help her family, which is going through serious economic difficulties. That's why she agrees to work in a car wash owned by Tito Clemente  (<strong>Carlos Mata<\/strong>).<\/p>\n<p style=\"text-align: justify;\">El exitoso empresario ha construido todo un emporio econ\u00f3mico, junto a su esposa, con quien comparte una vida llena de frustraciones, sin hijos y con el dinero como \u00fanico lazo importante.<\/p>\n<p style=\"text-align: justify;\">Gabriela and Tito meet during the opening of the business premises. But a clumsiness on the part of the young woman provokes her immediate dismissal. In her attempt to keep her job, the attraction that gives way to the romance between them arises. But, he is trimmed when Tito discovers that Gabriela is accused of drug trafficking.<\/p>\n<p style=\"text-align: justify;\">Tito decides not to support her because of the overwhelming evidence, while Gabriela, once imprisoned, realizes that she is pregnant. When her son is born, she entrusts him to her mother and from the prison, begins an escape plan and revenge. She fulfills the first part of her purpose by changing her face and identity to seduce Tito and keep his companies.<\/p>\n<p style=\"text-align: justify;\">Pero el secreto de Gabriela est\u00e1 por descubrirse, lo que la llevar\u00eda nuevamente a la c\u00e1rcel; sin embargo, el destino tiene otros planes. Tito, quien, parad\u00f3jicamente, pudiera terminar sus d\u00edas tras las rejas, deber\u00e1 luchar no solo por su libertad, sino para convencer a Gabriela del sincero amor que siente por ella.<\/p>\n<p><img decoding=\"async\" loading=\"lazy\" class=\"alignnone size-full wp-image-231431\" src=\"http:\/\/www.rctvinternational.com\/wp-content\/uploads\/2020\/04\/deberias-saber-que.jpg\" alt=\"\" width=\"265\" height=\"39\" \/><\/p>\n<p style=\"text-align: justify;\"><strong>Lady in Rose (La Dama de Rosa)<\/strong> fue vista por millones de personas en m\u00e1s de 30 pa\u00edses, 14 de ellos transmitieron la telenovela en m\u00e1s de una oportunidad, como fue el caso de: Estados Unidos 10 veces, Espa\u00f1a 8, Portugal 6 y Canad\u00e1 5.<\/p>\n<p style=\"text-align: justify;\" class=\"translation-block\"><strong>RCTV<\/strong> dramatic production caused a great furor in the Spanish audiences, which eagerly awaited its transmission at 3:30 in the afternoon.<\/p>","protected":false},"featured_media":231205,"template":"","meta":{"_et_pb_use_builder":"","_et_pb_old_content":"","_et_gb_content_width":""},"product_cat":[22],"product_tag":[245,244,69],"acf":[],"_links":{"self":[{"href":"https:\/\/www.rctvinternational.com\/en\/wp-json\/wp\/v2\/product\/227942"}],"collection":[{"href":"https:\/\/www.rctvinternational.com\/en\/wp-json\/wp\/v2\/product"}],"about":[{"href":"https:\/\/www.rctvinternational.com\/en\/wp-json\/wp\/v2\/types\/product"}],"wp:featuredmedia":[{"embeddable":true,"href":"https:\/\/www.rctvinternational.com\/en\/wp-json\/wp\/v2\/media\/231205"}],"wp:attachment":[{"href":"https:\/\/www.rctvinternational.com\/en\/wp-json\/wp\/v2\/media?parent=227942"}],"wp:term":[{"taxonomy":"product_cat","embeddable":true,"href":"https:\/\/www.rctvinternational.com\/en\/wp-json\/wp\/v2\/product_cat?post=227942"},{"taxonomy":"product_tag","embeddable":true,"href":"https:\/\/www.rctvinternational.com\/en\/wp-json\/wp\/v2\/product_tag?post=227942"}],"curies":[{"name":"wp","href":"https:\/\/api.w.org\/{rel}","templated":true}]}}