{"id":227936,"date":"2019-09-06T18:01:31","date_gmt":"2019-09-06T18:01:31","guid":{"rendered":"http:\/\/beta.rctvintl.com\/?post_type=product&#038;p=227936"},"modified":"2025-05-07T22:57:26","modified_gmt":"2025-05-07T22:57:26","slug":"mi-prima-ciela-2","status":"publish","type":"product","link":"https:\/\/www.rctvinternational.com\/en\/product\/mi-prima-ciela-2\/","title":{"rendered":"Mi Prima Ciela"},"content":{"rendered":"<p style=\"text-align: center;\"><div style=\"width: 100%; min-height: 1px;\" id=\"vimeo-wc-video-69e1a10f21921\" data-js=\"vimeo-wc-video\" data-atts=\"{&quot;autopause&quot;:&quot;true&quot;,&quot;autoplay&quot;:false,&quot;background&quot;:false,&quot;byline&quot;:&quot;true&quot;,&quot;color&quot;:&quot;none&quot;,&quot;controls&quot;:&quot;true&quot;,&quot;dnt&quot;:&quot;true&quot;,&quot;height&quot;:&quot;none&quot;,&quot;id&quot;:false,&quot;loop&quot;:false,&quot;maxheight&quot;:&quot;none&quot;,&quot;maxwidth&quot;:&quot;none&quot;,&quot;muted&quot;:false,&quot;pip&quot;:false,&quot;playsinline&quot;:&quot;true&quot;,&quot;portrait&quot;:&quot;true&quot;,&quot;quality&quot;:&quot;auto&quot;,&quot;responsive&quot;:&quot;true&quot;,&quot;speed&quot;:false,&quot;texttrack&quot;:&quot;none&quot;,&quot;title&quot;:&quot;true&quot;,&quot;transparent&quot;:true,&quot;url&quot;:&quot;https:\\\/\\\/vimeo.com\\\/683929926&quot;,&quot;width&quot;:&quot;none&quot;}\"><\/div><\/p>\n<p>&nbsp;<\/p>\n<p style=\"text-align: justify;\"><strong>\u00a0<\/strong><\/p>","protected":false},"excerpt":{"rendered":"<p><img decoding=\"async\" loading=\"lazy\" class=\"alignnone wp-image-231155 size-medium\" src=\"http:\/\/www.rctvinternational.com\/wp-content\/uploads\/2019\/09\/claquetas-Corregidas-13-1-225x300.png\" alt=\"\" width=\"225\" height=\"300\" \/><\/p>\n<p><img decoding=\"async\" loading=\"lazy\" class=\"alignnone size-full wp-image-232350\" src=\"http:\/\/www.rctvinternational.com\/wp-content\/uploads\/2020\/10\/Sinopsis.png\" alt=\"\" width=\"125\" height=\"57\" \/><\/p>\n<p style=\"text-align: justify;\">Graciela o Ciela <strong>(M\u00f3nica Spear<\/strong>) es una hermosa, alegre y joven estudiante, que a la par de encontrar su primer amor\u00a0David <strong>(Manuel Sosa<\/strong>), descubre fuertes complicaciones en la vida.<\/p>\n<p style=\"text-align: justify;\"><strong>Ciela<\/strong>, que es la menor de tres primas, conoce a <strong>David<\/strong> (Manuel Sosa) en medio de un disturbio que se produce cerca del colegio donde estudia. A partir de all\u00ed florece un romance que se ver\u00e1 afectado por los s\u00edntomas de la grave enfermedad que padece la joven.<\/p>\n<p style=\"text-align: justify;\">Lo que comenz\u00f3 como una atracci\u00f3n juvenil pronto se convierte en todo un reto que pone a prueba la persistencia, la valent\u00eda, la madurez y el amor entre ambos para enfrentar tan dif\u00edcil situaci\u00f3n.<\/p>\n<p style=\"text-align: justify;\">Entre tanto, los problemas de salud de la chica obliga a sus padres a considerar la posibilidad de revelar que<strong> Ciela<\/strong> fue adoptada cuando era una beb\u00e9.<\/p>\n<p style=\"text-align: justify;\">Silvia (<strong>Raquel Y\u00e1nez<\/strong>) es una de las primas de <strong>Ciela,<\/strong> quien se enamora de\u00a0Rafael. Pero esa relaci\u00f3n no es vista con agrado entre los familiares, especialmente por Arminda, la mam\u00e1 de Silvia, pues el humilde joven es un ex convicto. El t\u00f3rrido noviazgo conlleva al embarazo de Silvia, situaci\u00f3n que siembra la incertidumbre sobre su futuro.<\/p>\n<p style=\"text-align: justify;\">A Maite (<strong>Flavia Gleske<\/strong>), la mayor de las primas, desea dedicarse a la m\u00fasica, pero estudia Ciencias para complacer a su madre. Sin embargo, su pasi\u00f3n por la melod\u00eda y los acordes la impulsan a realizar un doble esfuerzo para ingresar en la Escuela Superior de M\u00fasica.<\/p>\n<p style=\"text-align: justify;\">En el conservatorio conoce a Abel, un reconocido pianista, de quien se enamora. Ellos contraen matrimonio, pero poco tiempo despu\u00e9s comienzan las dificultades que parecen insalvables.<\/p>\n<p style=\"text-align: justify;\">Las tres primas deber\u00e1n sortear pruebas dif\u00edciles en la que el amor se constituye en la base fundamental para sobrellevarlas y superarlas. \u00bfEl amor surgir\u00e1 triunfante para Graciela, Silvia y Maite?<\/p>\n<p>&nbsp;<\/p>\n<p><img decoding=\"async\" loading=\"lazy\" class=\"alignnone wp-image-231431 size-full\" src=\"http:\/\/www.rctvinternational.com\/wp-content\/uploads\/2020\/04\/deberias-saber-que.jpg\" alt=\"\" width=\"265\" height=\"39\" \/><\/p>\n<p>&nbsp;<\/p>\n<p style=\"text-align: justify;\"><strong>Mi Prima Ciela<\/strong> es una de las telenovelas m\u00e1s vendidas fuera de Venezuela y parad\u00f3jicamente se convirti\u00f3 en la \u00faltima producci\u00f3n de ese tipo transmitida por el <strong>RCTV C.A.<\/strong> en se\u00f1al abierta, antes del arbitrario cierre de 2007.<\/p>\n<p style=\"text-align: justify;\">Se trata de una adaptaci\u00f3n del dram\u00e1tico<strong> &#8216;Elizabeth&#8217;<\/strong>, original de Pilar Romero.<\/p>","protected":false},"featured_media":231257,"template":"","meta":{"_et_pb_use_builder":"","_et_pb_old_content":"","_et_gb_content_width":""},"product_cat":[23],"product_tag":[104,300,299,286,103,285,301],"acf":[],"_links":{"self":[{"href":"https:\/\/www.rctvinternational.com\/en\/wp-json\/wp\/v2\/product\/227936"}],"collection":[{"href":"https:\/\/www.rctvinternational.com\/en\/wp-json\/wp\/v2\/product"}],"about":[{"href":"https:\/\/www.rctvinternational.com\/en\/wp-json\/wp\/v2\/types\/product"}],"wp:featuredmedia":[{"embeddable":true,"href":"https:\/\/www.rctvinternational.com\/en\/wp-json\/wp\/v2\/media\/231257"}],"wp:attachment":[{"href":"https:\/\/www.rctvinternational.com\/en\/wp-json\/wp\/v2\/media?parent=227936"}],"wp:term":[{"taxonomy":"product_cat","embeddable":true,"href":"https:\/\/www.rctvinternational.com\/en\/wp-json\/wp\/v2\/product_cat?post=227936"},{"taxonomy":"product_tag","embeddable":true,"href":"https:\/\/www.rctvinternational.com\/en\/wp-json\/wp\/v2\/product_tag?post=227936"}],"curies":[{"name":"wp","href":"https:\/\/api.w.org\/{rel}","templated":true}]}}