{"id":227906,"date":"2019-09-11T16:29:40","date_gmt":"2019-09-11T16:29:40","guid":{"rendered":"http:\/\/beta.rctvintl.com\/?post_type=product&#038;p=227906"},"modified":"2024-05-09T21:47:39","modified_gmt":"2024-05-09T21:47:39","slug":"eneamiga","status":"publish","type":"product","link":"https:\/\/www.rctvinternational.com\/en\/product\/eneamiga\/","title":{"rendered":"#Eneamiga"},"content":{"rendered":"<p style=\"text-align: center;\"><div style=\"width: 100%; min-height: 1px;\" id=\"vimeo-wc-video-69e15859b7ac5\" data-js=\"vimeo-wc-video\" data-atts=\"{&quot;autopause&quot;:&quot;true&quot;,&quot;autoplay&quot;:false,&quot;background&quot;:false,&quot;byline&quot;:&quot;true&quot;,&quot;color&quot;:&quot;none&quot;,&quot;controls&quot;:&quot;true&quot;,&quot;dnt&quot;:&quot;true&quot;,&quot;height&quot;:&quot;none&quot;,&quot;id&quot;:false,&quot;loop&quot;:false,&quot;maxheight&quot;:&quot;none&quot;,&quot;maxwidth&quot;:&quot;none&quot;,&quot;muted&quot;:false,&quot;pip&quot;:false,&quot;playsinline&quot;:&quot;true&quot;,&quot;portrait&quot;:&quot;true&quot;,&quot;quality&quot;:&quot;auto&quot;,&quot;responsive&quot;:&quot;true&quot;,&quot;speed&quot;:false,&quot;texttrack&quot;:&quot;none&quot;,&quot;title&quot;:&quot;true&quot;,&quot;transparent&quot;:true,&quot;url&quot;:&quot;https:\\\/\\\/vimeo.com\\\/349519190&quot;,&quot;width&quot;:&quot;none&quot;}\"><\/div><\/p>\n<p style=\"text-align: justify;\">","protected":false},"excerpt":{"rendered":"<p><img decoding=\"async\" loading=\"lazy\" class=\"alignnone wp-image-231169 size-medium\" src=\"http:\/\/www.rctvinternational.com\/wp-content\/uploads\/2019\/09\/claquetas-Corregidas-09-1-225x300.png\" alt=\"\" width=\"225\" height=\"300\" \/><\/p>\n<p style=\"text-align: justify;\"><img decoding=\"async\" loading=\"lazy\" class=\"alignnone wp-image-232350 size-full\" src=\"http:\/\/www.rctvinternational.com\/wp-content\/uploads\/2020\/10\/Sinopsis.png\" alt=\"\" width=\"125\" height=\"57\" \/><\/p>\n<p style=\"text-align: justify;\">La vida se ve diferente desde las redes sociales, sobre todo si eres una gran <em>influencer<\/em> como Paula, (<strong>Diana D\u00edaz<\/strong>) una famosa <em>youtuber<\/em>, que muestra su d\u00eda a d\u00eda en un <em>reality show<\/em>.<\/p>\n<p style=\"text-align: justify;\">A la vista del mundo, Paula tiene la existencia perfecta, hasta que el reencuentro con Mariale (<strong>Charyl Chac\u00f3n<\/strong>), Diego (<strong>Leonardo Aldana<\/strong>), y Guille (<strong>Dami\u00e1n Genovese<\/strong>) sus amigos de la adolescencia, le hacen ver que la felicidad virtual esconde muchos vac\u00edos de su realidad.<\/p>\n<p style=\"text-align: justify;\">Lo que debe ser una reuni\u00f3n fraternal, deja aflorar la intriga, los celos, la envidia y el resquemor dejado por viejas promesas rotas.<\/p>\n<p style=\"text-align: justify;\">Los amigos y amores del pasado est\u00e1n de vuelta para cuestionar el modelo de felicidad de este cuarteto, lo que provocar\u00e1 una gran crisis de la edad adulta. <strong>Se abre as\u00ed la posibilidad de que tu mejor amiga se convierta en tu peor enemiga.<\/strong><\/p>\n<p>&nbsp;<\/p>\n<p><img decoding=\"async\" loading=\"lazy\" class=\"alignnone wp-image-231431 size-full\" src=\"http:\/\/www.rctvinternational.com\/wp-content\/uploads\/2020\/04\/deberias-saber-que.jpg\" alt=\"\" width=\"265\" height=\"39\" \/><\/p>\n<p style=\"text-align: justify;\">La versatilidad de este dram\u00e1tico permite programarlo como una telenovela. Sin embargo, puede ser transmitido perfectamente como una miniserie de cinco temporadas que aborda el tema de las redes sociales.<\/p>\n<p style=\"text-align: justify;\">Una producci\u00f3n realizada en <em>High Definition<\/em> por <strong>RCTV Producciones<\/strong> en coproducci\u00f3n con IVC Networks.<\/p>","protected":false},"featured_media":231233,"template":"","meta":{"_et_pb_use_builder":"off","_et_pb_old_content":"<div style=\"text-align: center;\">[maxbutton id=\"6\" url=\"\" extraclass=\" popmake-228212\" ]<\/div><div style=\"padding: 56% 0 0 0; position: relative;\"><iframe style=\"position: absolute; top: 0; left: 0; width: 100%; height: 100%;\" src=\"https:\/\/player.vimeo.com\/video\/349519190?title=0&byline=0&portrait=0\" frameborder=\"0\" allowfullscreen=\"allowfullscreen\"><\/iframe><\/div><p><script src=\"https:\/\/player.vimeo.com\/api\/player.js\"><\/script><\/p>","_et_gb_content_width":""},"product_cat":[27,23],"product_tag":[330,329,332,46,331],"acf":[],"_links":{"self":[{"href":"https:\/\/www.rctvinternational.com\/en\/wp-json\/wp\/v2\/product\/227906"}],"collection":[{"href":"https:\/\/www.rctvinternational.com\/en\/wp-json\/wp\/v2\/product"}],"about":[{"href":"https:\/\/www.rctvinternational.com\/en\/wp-json\/wp\/v2\/types\/product"}],"wp:featuredmedia":[{"embeddable":true,"href":"https:\/\/www.rctvinternational.com\/en\/wp-json\/wp\/v2\/media\/231233"}],"wp:attachment":[{"href":"https:\/\/www.rctvinternational.com\/en\/wp-json\/wp\/v2\/media?parent=227906"}],"wp:term":[{"taxonomy":"product_cat","embeddable":true,"href":"https:\/\/www.rctvinternational.com\/en\/wp-json\/wp\/v2\/product_cat?post=227906"},{"taxonomy":"product_tag","embeddable":true,"href":"https:\/\/www.rctvinternational.com\/en\/wp-json\/wp\/v2\/product_tag?post=227906"}],"curies":[{"name":"wp","href":"https:\/\/api.w.org\/{rel}","templated":true}]}}