{"id":227898,"date":"2019-09-10T18:28:05","date_gmt":"2019-09-10T18:28:05","guid":{"rendered":"http:\/\/beta.rctvintl.com\/?post_type=product&#038;p=227898"},"modified":"2025-05-07T22:44:07","modified_gmt":"2025-05-07T22:44:07","slug":"ellas-aman-ellos-mienten-2","status":"publish","type":"product","link":"https:\/\/www.rctvinternational.com\/en\/product\/ellas-aman-ellos-mienten-2\/","title":{"rendered":"Ellas Aman, Ellos Mienten"},"content":{"rendered":"<p style=\"text-align: center;\"><div style=\"width: 100%; min-height: 1px;\" id=\"vimeo-wc-video-69e7c2e4bc89c\" data-js=\"vimeo-wc-video\" data-atts=\"{&quot;autopause&quot;:&quot;true&quot;,&quot;autoplay&quot;:false,&quot;background&quot;:false,&quot;byline&quot;:&quot;true&quot;,&quot;color&quot;:&quot;none&quot;,&quot;controls&quot;:&quot;true&quot;,&quot;dnt&quot;:&quot;true&quot;,&quot;height&quot;:&quot;none&quot;,&quot;id&quot;:false,&quot;loop&quot;:false,&quot;maxheight&quot;:&quot;none&quot;,&quot;maxwidth&quot;:&quot;none&quot;,&quot;muted&quot;:false,&quot;pip&quot;:false,&quot;playsinline&quot;:&quot;true&quot;,&quot;portrait&quot;:&quot;true&quot;,&quot;quality&quot;:&quot;auto&quot;,&quot;responsive&quot;:&quot;true&quot;,&quot;speed&quot;:false,&quot;texttrack&quot;:&quot;none&quot;,&quot;title&quot;:&quot;true&quot;,&quot;transparent&quot;:true,&quot;url&quot;:&quot;https:\\\/\\\/vimeo.com\\\/302168118&quot;,&quot;width&quot;:&quot;none&quot;}\"><\/div><\/p>\n<p>&nbsp;<\/p>\n<p>&nbsp;<\/p>\n<p style=\"text-align: justify; margin: 0in 0in 8.0pt 0in;\">","protected":false},"excerpt":{"rendered":"<p><img decoding=\"async\" loading=\"lazy\" class=\"alignnone wp-image-231167 size-medium\" src=\"http:\/\/www.rctvinternational.com\/wp-content\/uploads\/2019\/09\/claquetas-Corregidas-07-1-225x300.png\" alt=\"\" width=\"225\" height=\"300\" \/><\/p>\n<p><img decoding=\"async\" loading=\"lazy\" class=\"alignnone size-full wp-image-232350\" src=\"http:\/\/www.rctvinternational.com\/wp-content\/uploads\/2020\/10\/Sinopsis.png\" alt=\"\" width=\"125\" height=\"57\" \/><\/p>\n<p style=\"text-align: justify;\">Ana Isabel\u00a0(<strong>Patricia Amenta<\/strong>) y Salvador (<strong>H\u00e9ctor Pe\u00f1a<\/strong>) son dos j\u00f3venes con realidades muy distintas. Ella, una muchacha de origen humilde que creci\u00f3 en un hogar conformado por mujeres <del>\u00a0\u00a0<\/del>La Casa de las Catiras<del>\u00a0\u00a0<\/del> bajo la estricta supervisi\u00f3n de su madre y su abuela, quienes desconf\u00edan de los hombres, porque ambas fueron abandonadas por sus respectivas parejas.<\/p>\n<p style=\"text-align: justify;\">\u00c9l, un muchacho que siempre se escud\u00f3 bajo la sombra de la fortuna de su padre. Es un amante de la velocidad y participa constantemente en competencias automovil\u00edsticas callejeras. Y se encuentra involucrado con una joven tan bella como posesiva y celosa, Marielena Castillo (<strong>Raquel Y\u00e1nez<\/strong>).<\/p>\n<p style=\"text-align: justify;\">Los caminos de Ana y Salvador se entrecruzan en un inolvidable ambiente de sol y mar. De inmediato surge una poderosa atracci\u00f3n entre ambos. Ella olvida los consejos de su familia, y decide dar rienda suelta a lo que siente, sin saber que una imprudencia al volante del hombre que acabar de entrar en su vida, provocar\u00e1 la muerte de su mejor amiga -casi hermana-.<\/p>\n<p style=\"text-align: justify;\">Adem\u00e1s de este gran obst\u00e1culo, los j\u00f3venes Salvador y Ana, deber\u00e1n enfrentar la oposici\u00f3n de quienes luchar\u00e1n por separarlos.<\/p>\n<p style=\"text-align: justify;\">El amor y la justicia se debaten en esta historia, que cuenta la vida de un grupo de j\u00f3venes y hermosas mujeres, que aman a hombres que ocultan importantes secretos.<\/p>\n<p>&nbsp;<\/p>\n<p><img decoding=\"async\" loading=\"lazy\" class=\"alignnone wp-image-231431 size-full\" src=\"http:\/\/www.rctvinternational.com\/wp-content\/uploads\/2020\/04\/deberias-saber-que.jpg\" alt=\"\" width=\"265\" height=\"39\" \/><\/p>\n<p style=\"text-align: justify;\">Esta producci\u00f3n fue transmitida en Venezuela en horario estelar con \u00e9xito rotundo de sinton\u00eda. Por lo tanto, Televen, cadena que la coloc\u00f3 en pantalla por primera vez, decidi\u00f3 adquirirla nuevamente para programarla en el horario de la tarde, donde tambi\u00e9n report\u00f3 un excelente comportamiento. Igualmente, esta producci\u00f3n ha generado notables estad\u00edsticas en plataformas OTT.<\/p>","protected":false},"featured_media":231285,"template":"","meta":{"_et_pb_use_builder":"off","_et_pb_old_content":"<p style=\"text-align: center\">[vimeography id=\"49\"]<\/p>\r\n\u00a0\r\n\r\n\u00a0\r\n<p style=\"text-align: justify;margin: 0in 0in 8.0pt 0in\"><\/p>","_et_gb_content_width":""},"product_cat":[23],"product_tag":[178,36],"acf":[],"_links":{"self":[{"href":"https:\/\/www.rctvinternational.com\/en\/wp-json\/wp\/v2\/product\/227898"}],"collection":[{"href":"https:\/\/www.rctvinternational.com\/en\/wp-json\/wp\/v2\/product"}],"about":[{"href":"https:\/\/www.rctvinternational.com\/en\/wp-json\/wp\/v2\/types\/product"}],"wp:featuredmedia":[{"embeddable":true,"href":"https:\/\/www.rctvinternational.com\/en\/wp-json\/wp\/v2\/media\/231285"}],"wp:attachment":[{"href":"https:\/\/www.rctvinternational.com\/en\/wp-json\/wp\/v2\/media?parent=227898"}],"wp:term":[{"taxonomy":"product_cat","embeddable":true,"href":"https:\/\/www.rctvinternational.com\/en\/wp-json\/wp\/v2\/product_cat?post=227898"},{"taxonomy":"product_tag","embeddable":true,"href":"https:\/\/www.rctvinternational.com\/en\/wp-json\/wp\/v2\/product_tag?post=227898"}],"curies":[{"name":"wp","href":"https:\/\/api.w.org\/{rel}","templated":true}]}}