{"id":227732,"date":"2019-09-05T18:10:18","date_gmt":"2019-09-05T18:10:18","guid":{"rendered":"http:\/\/beta.rctvintl.com\/?post_type=product&#038;p=227732"},"modified":"2025-05-07T23:05:22","modified_gmt":"2025-05-07T23:05:22","slug":"migordabella","status":"publish","type":"product","link":"https:\/\/www.rctvinternational.com\/en\/product\/migordabella\/","title":{"rendered":"Mi Gorda Bella"},"content":{"rendered":"<p style=\"text-align: center;\"><div style=\"width: 100%; min-height: 1px;\" id=\"vimeo-wc-video-69e19c33a6b7a\" data-js=\"vimeo-wc-video\" data-atts=\"{&quot;autopause&quot;:&quot;true&quot;,&quot;autoplay&quot;:false,&quot;background&quot;:false,&quot;byline&quot;:&quot;true&quot;,&quot;color&quot;:&quot;none&quot;,&quot;controls&quot;:&quot;true&quot;,&quot;dnt&quot;:&quot;true&quot;,&quot;height&quot;:&quot;none&quot;,&quot;id&quot;:false,&quot;loop&quot;:false,&quot;maxheight&quot;:&quot;none&quot;,&quot;maxwidth&quot;:&quot;none&quot;,&quot;muted&quot;:false,&quot;pip&quot;:false,&quot;playsinline&quot;:&quot;true&quot;,&quot;portrait&quot;:&quot;true&quot;,&quot;quality&quot;:&quot;auto&quot;,&quot;responsive&quot;:&quot;true&quot;,&quot;speed&quot;:false,&quot;texttrack&quot;:&quot;none&quot;,&quot;title&quot;:&quot;true&quot;,&quot;transparent&quot;:true,&quot;url&quot;:&quot;https:\\\/\\\/vimeo.com\\\/261925247&quot;,&quot;width&quot;:&quot;none&quot;}\"><\/div><\/p>\n<p>&nbsp;<\/p>\n<p>&nbsp;<\/p>","protected":false},"excerpt":{"rendered":"<p style=\"text-align: justify;\"><img decoding=\"async\" loading=\"lazy\" class=\"alignnone wp-image-231157 size-medium\" src=\"http:\/\/www.rctvinternational.com\/wp-content\/uploads\/2019\/09\/claquetas-Corregidas-12-2-225x300.png\" alt=\"\" width=\"225\" height=\"300\" \/><\/p>\n<p style=\"text-align: justify;\"><img decoding=\"async\" loading=\"lazy\" class=\"alignnone size-full wp-image-232350\" src=\"http:\/\/www.rctvinternational.com\/wp-content\/uploads\/2020\/10\/Sinopsis.png\" alt=\"\" width=\"125\" height=\"57\" \/><\/p>\n<p style=\"text-align: justify;\">Valentina Villanueva Lanz (<strong>Natalia Streignard<\/strong>) es una jovencita con la capacidad natural de ganarse el cari\u00f1o de quien llegue a conocerla. Sin embargo, es v\u00edctima de constantes ataques y burlas por su gordura.<\/p>\n<p style=\"text-align: justify;\">Enfermedad o condici\u00f3n, lo cierto es que su corpulencia le trae muchos problemas y hasta divertidos enredos. El desorden alimenticio de Valentina inicia con la muerte de su padre cuando era una ni\u00f1a, y empeora con el deceso de su madre en un accidente automovil\u00edstico, el d\u00eda del acto de promoci\u00f3n de la secundaria.<\/p>\n<p style=\"text-align: justify;\">Valentina queda bajo la tutela de su t\u00edo Juan \u00c1ngel Villanueva y su esposa Olimpia Mercouri y es en casa de los Villanueva donde conoce el amor con Orestes Mercouri (<strong>Juan Pablo Raba<\/strong>). La ingenuidad y sencillez que irradia la gorda bella atrae a Orestes, quien se enamora irremediablemente.<\/p>\n<p style=\"text-align: justify;\">Sin embargo, el constante <em>bullying<\/em> y las decepciones provocan que Valentina escape a Espa\u00f1a donde lleva a cabo un dr\u00e1stico cambio de apariencia. Entre tanto, Orestes se convierte en secreto en el llamado\u00a0<strong>\u201cLirio de Plata<\/strong>\u201d, una suerte de h\u00e9roe enmascarado que se encarga de hacer justicia por sus propios medios.<\/p>\n<p style=\"text-align: justify;\">Tiempo despu\u00e9s, Valentina regresa a su pa\u00eds y entabla una dura batalla contra Olimpia con la intenci\u00f3n de limpiar el nombre de sus padres y recuperar su herencia, aunque eso signifique echar por la borda cualquier oportunidad de estar con el amor de su vida: Orestes Mercouri.<\/p>\n<p>&nbsp;<\/p>\n<p><img decoding=\"async\" loading=\"lazy\" class=\"alignnone wp-image-231431 size-full\" src=\"http:\/\/www.rctvinternational.com\/wp-content\/uploads\/2020\/04\/deberias-saber-que.jpg\" alt=\"\" width=\"265\" height=\"39\" \/><\/p>\n<p>&nbsp;<\/p>\n<p style=\"text-align: justify;\">La comunidad hispana de los \u00c1ngeles se rindi\u00f3 ante esta producci\u00f3n de <strong>RCTV<\/strong> en 2004. Fue un dominio contundente de\u00a0<em>rating.<\/em><\/p>\n<p style=\"text-align: justify;\">M\u00e1s de 45 pa\u00edses confirman la calidad de la producci\u00f3n venezolana al adquirir este producto, que es uno de los m\u00e1s apreciados y seguido en su tipo.<\/p>","protected":false},"featured_media":233487,"template":"","meta":{"_et_pb_use_builder":"","_et_pb_old_content":"","_et_gb_content_width":""},"product_cat":[23],"product_tag":[65,281,62,303,64,63],"acf":[],"_links":{"self":[{"href":"https:\/\/www.rctvinternational.com\/en\/wp-json\/wp\/v2\/product\/227732"}],"collection":[{"href":"https:\/\/www.rctvinternational.com\/en\/wp-json\/wp\/v2\/product"}],"about":[{"href":"https:\/\/www.rctvinternational.com\/en\/wp-json\/wp\/v2\/types\/product"}],"wp:featuredmedia":[{"embeddable":true,"href":"https:\/\/www.rctvinternational.com\/en\/wp-json\/wp\/v2\/media\/233487"}],"wp:attachment":[{"href":"https:\/\/www.rctvinternational.com\/en\/wp-json\/wp\/v2\/media?parent=227732"}],"wp:term":[{"taxonomy":"product_cat","embeddable":true,"href":"https:\/\/www.rctvinternational.com\/en\/wp-json\/wp\/v2\/product_cat?post=227732"},{"taxonomy":"product_tag","embeddable":true,"href":"https:\/\/www.rctvinternational.com\/en\/wp-json\/wp\/v2\/product_tag?post=227732"}],"curies":[{"name":"wp","href":"https:\/\/api.w.org\/{rel}","templated":true}]}}