{"id":227673,"date":"2019-08-02T03:18:23","date_gmt":"2019-08-02T03:18:23","guid":{"rendered":"http:\/\/beta.rctvintl.com\/?post_type=product&#038;p=227673"},"modified":"2025-05-08T00:45:48","modified_gmt":"2025-05-08T00:45:48","slug":"abigail-2","status":"publish","type":"product","link":"https:\/\/www.rctvinternational.com\/en\/product\/abigail-2\/","title":{"rendered":"Abiga\u00edl"},"content":{"rendered":"<p style=\"text-align: center;\"><div style=\"width: 100%; min-height: 1px;\" id=\"vimeo-wc-video-69ebabbc88160\" data-js=\"vimeo-wc-video\" data-atts=\"{&quot;autopause&quot;:&quot;true&quot;,&quot;autoplay&quot;:false,&quot;background&quot;:false,&quot;byline&quot;:&quot;true&quot;,&quot;color&quot;:&quot;none&quot;,&quot;controls&quot;:&quot;true&quot;,&quot;dnt&quot;:&quot;true&quot;,&quot;height&quot;:&quot;none&quot;,&quot;id&quot;:false,&quot;loop&quot;:false,&quot;maxheight&quot;:&quot;none&quot;,&quot;maxwidth&quot;:&quot;none&quot;,&quot;muted&quot;:false,&quot;pip&quot;:false,&quot;playsinline&quot;:&quot;true&quot;,&quot;portrait&quot;:&quot;true&quot;,&quot;quality&quot;:&quot;auto&quot;,&quot;responsive&quot;:&quot;true&quot;,&quot;speed&quot;:false,&quot;texttrack&quot;:&quot;none&quot;,&quot;title&quot;:&quot;true&quot;,&quot;transparent&quot;:true,&quot;url&quot;:&quot;https:\\\/\\\/vimeo.com\\\/365349475&quot;,&quot;width&quot;:&quot;none&quot;}\"><\/div><\/p>\n<p>&nbsp;<\/p>\n<p style=\"text-align: justify;\">","protected":false},"excerpt":{"rendered":"<p><img decoding=\"async\" loading=\"lazy\" class=\"alignnone wp-image-231162 size-medium\" src=\"http:\/\/www.rctvinternational.com\/wp-content\/uploads\/2019\/08\/claquetas-Corregidas-01-225x300.png\" alt=\"\" width=\"225\" height=\"300\" \/><\/p>\n<p style=\"text-align: justify;\"><img decoding=\"async\" loading=\"lazy\" class=\"alignnone size-full wp-image-232350\" src=\"http:\/\/www.rctvinternational.com\/wp-content\/uploads\/2020\/10\/Sinopsis.png\" alt=\"\" width=\"125\" height=\"57\" \/><\/p>\n<p><strong>Abiga\u00edl<\/strong>\u00a0(Catherine Fulop) es una joven malcriada y atribulada por la p\u00e9rdida de su madre, en plena infancia, y la falta de atenci\u00f3n de su padre, un acaudalado hombre de negocios con quien comparte muy poco tiempo.<\/p>\n<p>La actitud arrogante y rebelde de\u00a0<strong>Abiga\u00edl<\/strong>\u00a0la convierte en el centro de atenci\u00f3n del colegio religioso donde estudia, y donde encuentra su mayor capricho: el profesor\u00a0<strong>Carlos Alfredo<\/strong>\u00a0(Fernando Carrillo).<\/p>\n<p>Carlos refuses to give in to the evident attractiveness of the young student and fixes his attention on the teacher Mar\u00eda Clara Mart\u00ednez (Hilda Abrahamz) who is extremely in love with him.<\/p>\n<p>But age and social status differences were not enough to contain the growing desire of Abigail and Carlos.\u00a0<strong>Abigail y Carlos<\/strong>.<\/p>\n<p>De esta relaci\u00f3n nace un hijo que\u00a0<strong>Abiga\u00edl<\/strong>\u00a0extrav\u00eda durante un\u00a0brote psic\u00f3tico. Tras recuperar la cordura comenzar\u00e1 una incansable b\u00fasqueda hasta dar con su hijo de la manera m\u00e1s inesperada.<\/p>\n<p>In the meantime, she must deal with a failed marriage, although the hope of a happy reunion with Carlos Alfredo serves as an inspiration to move forward.<\/p>\n<p>&nbsp;<\/p>\n<p><img decoding=\"async\" loading=\"lazy\" class=\"alignnone size-full wp-image-231431\" src=\"http:\/\/www.rctvinternational.com\/wp-content\/uploads\/2020\/04\/deberias-saber-que.jpg\" alt=\"\" width=\"265\" height=\"39\" \/><\/p>\n<p><strong>Abiga\u00edl<\/strong>\u00a0es una de las producciones emblem\u00e1ticas de\u00a0<strong>RCTV<\/strong>. Vendida en m\u00e1s de 25 pa\u00edses, evidencia de la aceptaci\u00f3n del p\u00fablico de Europa, Norteam\u00e9rica, Asia, Latinoam\u00e9rica, y \u00c1frica.<\/p>\n<p><strong>Abiga\u00edl<\/strong>\u00a0fue el dram\u00e1tico m\u00e1s visto en el horario vespertino en Espa\u00f1a, incluso de 20 a\u00f1os despu\u00e9s de su estreno, la teleaudiencia de Ecuador la ubic\u00f3 en el primer lugar de\u00a0<em>rating<\/em>, confirmando su preferencia por la telenovela venezolana.<\/p>","protected":false},"featured_media":227840,"template":"","meta":{"_et_pb_use_builder":"off","_et_pb_old_content":"","_et_gb_content_width":""},"product_cat":[22],"product_tag":[52,53],"acf":[],"_links":{"self":[{"href":"https:\/\/www.rctvinternational.com\/en\/wp-json\/wp\/v2\/product\/227673"}],"collection":[{"href":"https:\/\/www.rctvinternational.com\/en\/wp-json\/wp\/v2\/product"}],"about":[{"href":"https:\/\/www.rctvinternational.com\/en\/wp-json\/wp\/v2\/types\/product"}],"wp:featuredmedia":[{"embeddable":true,"href":"https:\/\/www.rctvinternational.com\/en\/wp-json\/wp\/v2\/media\/227840"}],"wp:attachment":[{"href":"https:\/\/www.rctvinternational.com\/en\/wp-json\/wp\/v2\/media?parent=227673"}],"wp:term":[{"taxonomy":"product_cat","embeddable":true,"href":"https:\/\/www.rctvinternational.com\/en\/wp-json\/wp\/v2\/product_cat?post=227673"},{"taxonomy":"product_tag","embeddable":true,"href":"https:\/\/www.rctvinternational.com\/en\/wp-json\/wp\/v2\/product_tag?post=227673"}],"curies":[{"name":"wp","href":"https:\/\/api.w.org\/{rel}","templated":true}]}}