{"id":85,"date":"2018-08-06T13:46:51","date_gmt":"2018-08-06T13:46:51","guid":{"rendered":"http:\/\/18.224.214.88\/?page_id=85"},"modified":"2023-09-12T13:17:44","modified_gmt":"2023-09-12T13:17:44","slug":"quienes-somos","status":"publish","type":"page","link":"https:\/\/www.rctvinternational.com\/en\/quienes-somos\/","title":{"rendered":"QUIENES SOMOS"},"content":{"rendered":"<p>[et_pb_section fb_built=\u00bb1&#8243; fullwidth=\u00bbon\u00bb custom_padding_last_edited=\u00bbon|phone\u00bb admin_label=\u00bbImagen principal\u00bb _builder_version=\u00bb4.16&#8243; custom_margin=\u00bb77px|||\u00bb custom_padding_tablet=\u00bb\u00bb custom_padding_phone=\u00bb|||\u00bb collapsed=\u00bboff\u00bb global_colors_info=\u00bb{}\u00bb][et_pb_fullwidth_slider _builder_version=\u00bb4.21.0&#8243; _module_preset=\u00bbdefault\u00bb global_colors_info=\u00bb{}\u00bb locked=\u00bboff\u00bb][et_pb_slide _builder_version=\u00bb4.21.0&#8243; _module_preset=\u00bbdefault\u00bb background_image=\u00bbhttps:\/\/www.rctvinternational.com\/wp-content\/uploads\/2023\/08\/RCTV-INTERNATIONAL-1-scaled.jpg\u00bb background_enable_image=\u00bbon\u00bb global_colors_info=\u00bb{}\u00bb sticky_transition=\u00bbon\u00bb locked=\u00bboff\u00bb][\/et_pb_slide][et_pb_slide _builder_version=\u00bb4.21.0&#8243; _module_preset=\u00bbdefault\u00bb background_image=\u00bbhttps:\/\/www.rctvinternational.com\/wp-content\/uploads\/2023\/08\/RCTV-PRODUCCIONES-1-scaled.jpg\u00bb background_enable_image=\u00bbon\u00bb global_colors_info=\u00bb{}\u00bb sticky_transition=\u00bbon\u00bb locked=\u00bboff\u00bb][\/et_pb_slide][et_pb_slide _builder_version=\u00bb4.21.0&#8243; _module_preset=\u00bbdefault\u00bb background_image=\u00bbhttps:\/\/www.rctvinternational.com\/wp-content\/uploads\/2023\/08\/RCTV-SONOGRAFICA-1-scaled.jpg\u00bb background_enable_image=\u00bbon\u00bb global_colors_info=\u00bb{}\u00bb sticky_transition=\u00bbon\u00bb locked=\u00bboff\u00bb][\/et_pb_slide][\/et_pb_fullwidth_slider][\/et_pb_section][et_pb_section fb_built=\u00bb1&#8243; admin_label=\u00bbOrigen\u00bb _builder_version=\u00bb4.21.0&#8243; use_background_color_gradient=\u00bbon\u00bb background_color_gradient_stops=\u00bb#000756 50%|#161782 100%\u00bb custom_padding=\u00bb0|0px|16px|0px|false|false\u00bb collapsed=\u00bboff\u00bb global_colors_info=\u00bb{}\u00bb locked=\u00bboff\u00bb][et_pb_row column_structure=\u00bb3_5,2_5&#8243; _builder_version=\u00bb4.21.0&#8243; width=\u00bb100%\u00bb max_width=\u00bb1472px\u00bb module_alignment=\u00bbleft\u00bb custom_padding=\u00bb0|0px|27px|0px|false|false\u00bb global_colors_info=\u00bb{}\u00bb][et_pb_column type=\u00bb3_5&#8243; _builder_version=\u00bb4.16&#8243; custom_padding=\u00bb|||\u00bb global_colors_info=\u00bb{}\u00bb custom_padding__hover=\u00bb|||\u00bb][et_pb_image src=\u00bbhttps:\/\/www.rctvinternational.com\/wp-content\/uploads\/2023\/08\/Origen-RCTV-1.png\u00bb title_text=\u00bbOrigen-RCTV-1&#8243; _builder_version=\u00bb4.21.0&#8243; _module_preset=\u00bbdefault\u00bb custom_margin=\u00bb184px||||false|false\u00bb border_width_bottom=\u00bb5px\u00bb border_color_bottom=\u00bb#EDF000&#8243; global_colors_info=\u00bb{}\u00bb][\/et_pb_image][\/et_pb_column][et_pb_column type=\u00bb2_5&#8243; _builder_version=\u00bb4.16&#8243; custom_padding=\u00bb|||\u00bb global_colors_info=\u00bb{}\u00bb custom_padding__hover=\u00bb|||\u00bb][et_pb_text _builder_version=\u00bb4.21.0&#8243; _module_preset=\u00bbdefault\u00bb text_text_color=\u00bb#FFFFFF\u00bb header_text_color=\u00bb#FFFFFF\u00bb max_width=\u00bb68%\u00bb module_alignment=\u00bbcenter\u00bb custom_margin=\u00bb50px||||false|false\u00bb global_colors_info=\u00bb{}\u00bb]<\/p>\n<h1>ORIGEN<\/h1>\n<p>[\/et_pb_text][et_pb_divider color=\u00bb#ffef47&#8243; divider_weight=\u00bb4px\u00bb _builder_version=\u00bb4.21.0&#8243; _module_preset=\u00bbdefault\u00bb width=\u00bb11%\u00bb custom_margin=\u00bb-37px|||85px|false|false\u00bb custom_padding=\u00bb0px||||false|false\u00bb global_colors_info=\u00bb{}\u00bb][\/et_pb_divider][et_pb_text _builder_version=\u00bb4.21.0&#8243; _module_preset=\u00bbdefault\u00bb text_text_color=\u00bb#FFFFFF\u00bb header_text_color=\u00bb#FFFFFF\u00bb header_3_text_color=\u00bb#FFFFFF\u00bb text_orientation=\u00bbjustified\u00bb width=\u00bb100%\u00bb max_width=\u00bb68%\u00bb module_alignment=\u00bbcenter\u00bb custom_margin=\u00bb|80px|||false|false\u00bb global_colors_info=\u00bb{}\u00bb]<\/p>\n<h3 style=\"text-align: left;\"><strong>RCTV International Corporation<\/strong>, fundada en 1982 bajo el nombre de\u00a0<strong>Coral Pictures<\/strong>, es una compa\u00f1\u00eda venezolano estadounidense encargada de la comercializaci\u00f3n y distribuci\u00f3n de contenidos, principalmente de su empresa matriz\u00a0<strong>Radio Caracas Televisi\u00f3n<\/strong>, una de las primeras cadenas televisivas en se\u00f1al abierta creada en Suram\u00e9rica.<\/h3>\n<p style=\"text-align: left;\">\n<h3 style=\"text-align: left;\"><strong>RCTV International<\/strong>\u00a0comparte con\u00a0<strong>RCTV<\/strong>\u00a0de Venezuela, su legado y su historia que inicia de la mano del emprendedor hombre de negocios, William H. Phelps, quien en 1930 fund\u00f3 la primera emisora radial de Venezuela,<strong>\u00a0Radio Caracas Radio<\/strong>.<\/h3>\n<p style=\"text-align: left;\">\n<h3 style=\"text-align: left;\">El 8 de octubre de 1953\u00a0<strong>RCTV<\/strong>\u00a0lleva a cabo una transmisi\u00f3n experimental con el encuentro inaugural de la XIV Serie Mundial de B\u00e9isbol Amateur, disputado entre la selecci\u00f3n de Venezuela contra la de Cuba.<\/h3>\n<p style=\"text-align: left;\">\n<h3 style=\"text-align: left;\">Gracias a los esfuerzos realizados por el Grupo Phelps y la\u00a0<strong>Corporaci\u00f3n Radiof\u00f3nica de Venezuela<\/strong>\u00a0(<strong>Coraven<\/strong>), se produjo la primera trasmisi\u00f3n oficial de<strong>\u00a0RCTV<\/strong>\u00a0el 15 de noviembre de ese mismo a\u00f1o, momento que marc\u00f3 el nacimiento de la televisora.<\/h3>\n<p style=\"text-align: left;\">\n<h3 style=\"text-align: left;\">A partir de entonces,\u00a0<strong>RCTV<\/strong>\u00a0se gana la preferencia de la teleaudiencia gracias a la difusi\u00f3n de programaci\u00f3n innovadora, tanto de producciones propias como de Latinoam\u00e9rica y Estados Unidos. Desde el mismo d\u00eda de su lanzamiento, se convirti\u00f3 en referente tanto por sus productos como por los profesionales\u00a0 y el talento de primer nivel en todas las \u00e1reas que involucran esta industria.<\/h3>\n<p>[\/et_pb_text][\/et_pb_column][\/et_pb_row][et_pb_row column_structure=\u00bb2_5,3_5&#8243; _builder_version=\u00bb4.21.0&#8243; _module_preset=\u00bbdefault\u00bb width=\u00bb100%\u00bb max_width=\u00bb1478px\u00bb module_alignment=\u00bbright\u00bb global_colors_info=\u00bb{}\u00bb][et_pb_column type=\u00bb2_5&#8243; _builder_version=\u00bb4.21.0&#8243; _module_preset=\u00bbdefault\u00bb global_colors_info=\u00bb{}\u00bb][et_pb_text _builder_version=\u00bb4.21.0&#8243; _module_preset=\u00bbdefault\u00bb text_text_color=\u00bb#FFFFFF\u00bb header_text_color=\u00bb#FFFFFF\u00bb custom_margin=\u00bb50px|||88px|false|false\u00bb global_colors_info=\u00bb{}\u00bb]<\/p>\n<h1>VOCACI\u00d3N<\/h1>\n<p>[\/et_pb_text][et_pb_divider color=\u00bb#ffef47&#8243; divider_weight=\u00bb4px\u00bb _builder_version=\u00bb4.21.0&#8243; _module_preset=\u00bbdefault\u00bb width=\u00bb11%\u00bb custom_margin=\u00bb-37px|||88px|false|false\u00bb custom_padding=\u00bb0px||||false|false\u00bb global_colors_info=\u00bb{}\u00bb][\/et_pb_divider][et_pb_text _builder_version=\u00bb4.21.0&#8243; _module_preset=\u00bbdefault\u00bb text_text_color=\u00bb#FFFFFF\u00bb header_3_text_color=\u00bb#FFFFFF\u00bb text_orientation=\u00bbjustified\u00bb max_width=\u00bb68%\u00bb module_alignment=\u00bbcenter\u00bb custom_margin=\u00bb|-29px||80px|false|false\u00bb global_colors_info=\u00bb{}\u00bb]<\/p>\n<h3 style=\"text-align: left;\">Desde sus inicios\u00a0<strong>RCTV<\/strong>\u00a0se ha mantenido a la par de los avances tecnol\u00f3gicos. Estableci\u00f3 la primera red de microondas del pa\u00eds, para garantizar la nitidez y claridad de las transmisiones a sus telespectadores.<\/h3>\n<p style=\"text-align: left;\">\n<h3 style=\"text-align: left;\">Los esfuerzos del Grupo Phelps dieron sus frutos cuando el 21 de junio de 1969 se transmite\u00a0<strong>la llegada del hombre a la luna<\/strong>. La organizaci\u00f3n marca un hito al difundir el evento hist\u00f3rico y, a su vez, complace a la teleaudiencia venezolana.<\/h3>\n<p style=\"text-align: left;\">\n<h3 style=\"text-align: left;\">En 1970\u00a0<strong>RCTV<\/strong>\u00a0estaba en capacidad de realizar transmisiones a color, pero las regulaciones gubernamentales lo impidieron.Y fue a partir de 1981 cuando las televisoras, de manera oficial, reciben la autorizaci\u00f3n.<\/h3>\n<p style=\"text-align: left;\">\n<h3 style=\"text-align: left;\">Al cumplir sus 50 a\u00f1os de funcionamiento,\u00a0<strong>RCTV<\/strong>\u00a0se manten\u00eda s\u00f3lida como el primer canal de Venezuela en las preferencias de la audiencia, con gran reconocimiento a nivel mundial por sus contenidos y por encontrarse siempre a la vanguardia de producci\u00f3n y tecnolog\u00eda.<\/h3>\n<p style=\"text-align: left;\">\n<h3 style=\"text-align: left;\">En el a\u00f1o 2007 por una arbitraria decisi\u00f3n gubernamental y bajo el rechazo popular nacional e internacional, cesan sus transmisiones por televisi\u00f3n abierta. Pero incursiona de manera exitosa en la Televisi\u00f3n por suscripci\u00f3n. Sin embargo en 2010, en un nuevo acto de retaliaci\u00f3n pol\u00edtica, la se\u00f1al de\u00a0<strong>RCTV<\/strong>\u00a0es retirada de las cable-operadoras.<\/h3>\n<p style=\"text-align: left;\">\n<h3 style=\"text-align: left;\">Conocedores del arte y oficio de contar historias y generar emociones,\u00a0<strong>RCTV\u00a0\u00a0<\/strong>comienza su nueva y actual etapa, en la cual sigue siendo uno de los mejores creadores de contenido audiovisual de Latinoam\u00e9rica, de la mano de\u00a0su comercializadora\u00a0<strong>RCTV International<\/strong>.<\/h3>\n<h3 style=\"text-align: left;\"><\/h3>\n<p>[\/et_pb_text][\/et_pb_column][et_pb_column type=\u00bb3_5&#8243; _builder_version=\u00bb4.21.0&#8243; _module_preset=\u00bbdefault\u00bb global_colors_info=\u00bb{}\u00bb][et_pb_image src=\u00bbhttps:\/\/www.rctvinternational.com\/wp-content\/uploads\/2023\/09\/Vocacion.png\u00bb title_text=\u00bbVocacion\u00bb align=\u00bbright\u00bb _builder_version=\u00bb4.21.0&#8243; _module_preset=\u00bbdefault\u00bb max_height=\u00bb1000px\u00bb custom_margin=\u00bb288px|0px||0px|false|false\u00bb border_width_bottom=\u00bb5px\u00bb border_color_bottom=\u00bb#EDF000&#8243; global_colors_info=\u00bb{}\u00bb][\/et_pb_image][\/et_pb_column][\/et_pb_row][et_pb_row column_structure=\u00bb3_5,2_5&#8243; _builder_version=\u00bb4.21.0&#8243; width=\u00bb100%\u00bb max_width=\u00bb1478px\u00bb module_alignment=\u00bbleft\u00bb custom_padding=\u00bb0|0px|27px|0px|false|false\u00bb global_colors_info=\u00bb{}\u00bb][et_pb_column type=\u00bb3_5&#8243; _builder_version=\u00bb4.16&#8243; custom_padding=\u00bb|||\u00bb global_colors_info=\u00bb{}\u00bb custom_padding__hover=\u00bb|||\u00bb][et_pb_image src=\u00bbhttps:\/\/www.rctvinternational.com\/wp-content\/uploads\/2023\/08\/Telenovelas.png\u00bb title_text=\u00bbTelenovelas\u00bb admin_label=\u00bbImagen\u00bb _builder_version=\u00bb4.21.0&#8243; _module_preset=\u00bbdefault\u00bb background_color=\u00bbRGBA(255,255,255,0)\u00bb background_image=\u00bbhttps:\/\/www.rctvinternational.com\/wp-content\/uploads\/2023\/08\/Origen-1.jpg\u00bb custom_margin=\u00bb38px||||false|false\u00bb border_width_bottom=\u00bb5px\u00bb border_color_bottom=\u00bb#EDF000&#8243; global_colors_info=\u00bb{}\u00bb][\/et_pb_image][\/et_pb_column][et_pb_column type=\u00bb2_5&#8243; _builder_version=\u00bb4.16&#8243; custom_padding=\u00bb|||\u00bb global_colors_info=\u00bb{}\u00bb custom_padding__hover=\u00bb|||\u00bb][et_pb_text _builder_version=\u00bb4.21.0&#8243; _module_preset=\u00bbdefault\u00bb text_text_color=\u00bb#FFFFFF\u00bb header_text_color=\u00bb#FFFFFF\u00bb max_width=\u00bb68%\u00bb module_alignment=\u00bbcenter\u00bb custom_margin=\u00bb50px|100px|||false|false\u00bb global_colors_info=\u00bb{}\u00bb]<\/p>\n<h1>TELENOVELAS<\/h1>\n<p>[\/et_pb_text][et_pb_divider color=\u00bb#ffef47&#8243; divider_weight=\u00bb4px\u00bb _builder_version=\u00bb4.21.0&#8243; _module_preset=\u00bbdefault\u00bb width=\u00bb11%\u00bb custom_margin=\u00bb-37px|100px||85px|false|false\u00bb custom_padding=\u00bb0px||||false|false\u00bb global_colors_info=\u00bb{}\u00bb][\/et_pb_divider][et_pb_text _builder_version=\u00bb4.21.0&#8243; _module_preset=\u00bbdefault\u00bb text_text_color=\u00bb#FFFFFF\u00bb header_3_text_color=\u00bb#FFFFFF\u00bb text_orientation=\u00bbjustified\u00bb max_width=\u00bb68%\u00bb module_alignment=\u00bbcenter\u00bb custom_margin=\u00bb|100px|||false|false\u00bb global_colors_info=\u00bb{}\u00bb]<\/p>\n<h3 style=\"text-align: left;\"><strong>RCTV<\/strong>, caracterizada por la calidad de sus producciones, cuenta con un historial en telenovelas que por su complejidad en la trama, adem\u00e1s de abordar temas de inter\u00e9s social y pol\u00edtico, han creado una inusual lealtad en los telespectadores.<\/h3>\n<h3 style=\"text-align: left;\">Un ejemplo de ello lo constituye <strong>Raquel<\/strong>, un dram\u00e1tico producido en 1973 que destroza todas las barreras de<em>\u00a0rating<\/em>\u00a0establecidas en esa fecha.\u00a0<strong>Estefan\u00eda<\/strong>\u00a0se convierte en el primer dram\u00e1tico transmitido a color por\u00a0<strong>RCTV<\/strong>\u00a0y adem\u00e1s, rompe paradigmas de la telenovela tradicional al mostrar los entramados del r\u00e9gimen perezjimenista.<\/h3>\n<h3 style=\"text-align: left;\">El triunfo contundente de\u00a0<strong>Cristal<\/strong>\u00a0en 1986 abre las puertas del mercado europeo de los dram\u00e1ticos venezolanos.\u00a0<strong>Abigail<\/strong>, entre muchas otras, le sigue los pasos, mientras que\u00a0<strong>Por Estas Calles<\/strong>, que surge como respuesta a la situaci\u00f3n econ\u00f3mica, social y pol\u00edtica que atraviesa la naci\u00f3n, se convierte entonces en la telenovela de mayor transmisi\u00f3n registrada, con 1.328 cap\u00edtulos desde 1992 hasta 1994.<\/h3>\n<p>[\/et_pb_text][\/et_pb_column][\/et_pb_row][et_pb_row column_structure=\u00bb2_5,3_5&#8243; _builder_version=\u00bb4.21.0&#8243; _module_preset=\u00bbdefault\u00bb width=\u00bb100%\u00bb max_width=\u00bb1478px\u00bb module_alignment=\u00bbright\u00bb global_colors_info=\u00bb{}\u00bb][et_pb_column type=\u00bb2_5&#8243; _builder_version=\u00bb4.21.0&#8243; _module_preset=\u00bbdefault\u00bb global_colors_info=\u00bb{}\u00bb][et_pb_text _builder_version=\u00bb4.21.0&#8243; _module_preset=\u00bbdefault\u00bb text_text_color=\u00bb#FFFFFF\u00bb header_text_color=\u00bb#FFFFFF\u00bb custom_margin=\u00bb50px|||88px|false|false\u00bb global_colors_info=\u00bb{}\u00bb]<\/p>\n<h1>EXPANSI\u00d3N<\/h1>\n<p>[\/et_pb_text][et_pb_divider color=\u00bb#ffef47&#8243; divider_weight=\u00bb4px\u00bb _builder_version=\u00bb4.21.0&#8243; _module_preset=\u00bbdefault\u00bb width=\u00bb11%\u00bb custom_margin=\u00bb-37px|||88px|false|false\u00bb custom_padding=\u00bb0px||||false|false\u00bb global_colors_info=\u00bb{}\u00bb][\/et_pb_divider][et_pb_text _builder_version=\u00bb4.21.0&#8243; _module_preset=\u00bbdefault\u00bb text_text_color=\u00bb#FFFFFF\u00bb header_text_color=\u00bb#FFFFFF\u00bb header_3_text_color=\u00bb#FFFFFF\u00bb text_orientation=\u00bbjustified\u00bb max_width=\u00bb68%\u00bb module_alignment=\u00bbcenter\u00bb custom_margin=\u00bb|-30px||100px|false|false\u00bb global_colors_info=\u00bb{}\u00bb]<\/p>\n<h3 style=\"text-align: left;\">El contundente \u00e9xito de\u00a0<strong>RCTV<\/strong>\u00a0la lleva a explorar el mercado internacional. La telenovela Cristal se constituye en la punta de lanza y triunfa en Europa y Latinoam\u00e9rica en 1986.<\/h3>\n<h3 style=\"text-align: left;\">Le siguen varias producciones como\u00a0<strong>Abiga<\/strong>il,\u00a0<strong>Betrayed (El Desprecio)<\/strong>,\u00a0<strong>la Dama de Rosa<\/strong>\u00a0y\u00a0<strong>Kassandra<\/strong>\u00a0que recibi\u00f3, en 1992, el reconocimiento del libro de r\u00e9cords\u00a0<em>Guinness\u00a0<\/em>como la telenovela m\u00e1s vendida del mundo, traducida al menos a 80 idiomas.<\/h3>\n<h3 style=\"text-align: left;\">Pa\u00edses como Bosnia, Espa\u00f1a, Italia, Jap\u00f3n, Israel y Turqu\u00eda, en reiteradas oportunidades se han mostrado interesados en adquirir los derechos de trasmisi\u00f3n de las producciones dram\u00e1ticas de<strong>\u00a0RCTV<\/strong>.<\/h3>\n<h3 style=\"text-align: left;\">Por eso, en la actualidad no extra\u00f1a escuchar algunas de las telenovelas en alem\u00e1n, turco, griego, japon\u00e9s, ingl\u00e9s, italiano entre muchos otros, toda vez que cerca de 50 pa\u00edses conocen de cerca la calidad de los trabajos que se llevan a cabo en\u00a0<strong>RCTV<\/strong>.<\/h3>\n<p>[\/et_pb_text][\/et_pb_column][et_pb_column type=\u00bb3_5&#8243; _builder_version=\u00bb4.21.0&#8243; _module_preset=\u00bbdefault\u00bb global_colors_info=\u00bb{}\u00bb][et_pb_image src=\u00bbhttps:\/\/www.rctvinternational.com\/wp-content\/uploads\/2023\/08\/Expansion-1.png\u00bb title_text=\u00bbExpansion-1&#8243; _builder_version=\u00bb4.21.0&#8243; _module_preset=\u00bbdefault\u00bb custom_margin=\u00bb29px||||false|false\u00bb border_width_bottom=\u00bb5px\u00bb border_color_bottom=\u00bb#EDF000&#8243; global_colors_info=\u00bb{}\u00bb][\/et_pb_image][\/et_pb_column][\/et_pb_row][et_pb_row column_structure=\u00bb3_5,2_5&#8243; _builder_version=\u00bb4.21.0&#8243; width=\u00bb100%\u00bb max_width=\u00bb1478px\u00bb module_alignment=\u00bbleft\u00bb custom_padding=\u00bb0|0px|27px|0px|false|false\u00bb global_colors_info=\u00bb{}\u00bb][et_pb_column type=\u00bb3_5&#8243; _builder_version=\u00bb4.16&#8243; custom_padding=\u00bb|||\u00bb global_colors_info=\u00bb{}\u00bb custom_padding__hover=\u00bb|||\u00bb][et_pb_image src=\u00bbhttps:\/\/www.rctvinternational.com\/wp-content\/uploads\/2023\/08\/Globalizacion-RCTV-1.png\u00bb title_text=\u00bbGlobalizaci\u00f3n-RCTV-1&#8243; admin_label=\u00bbImagen\u00bb _builder_version=\u00bb4.21.0&#8243; _module_preset=\u00bbdefault\u00bb background_color=\u00bbRGBA(255,255,255,0)\u00bb background_image=\u00bbhttps:\/\/www.rctvinternational.com\/wp-content\/uploads\/2023\/08\/Origen-1.jpg\u00bb custom_margin=\u00bb168px||||false|false\u00bb border_width_bottom=\u00bb5px\u00bb border_color_bottom=\u00bb#EDF000&#8243; global_colors_info=\u00bb{}\u00bb][\/et_pb_image][\/et_pb_column][et_pb_column type=\u00bb2_5&#8243; admin_label=\u00bbColumna\u00bb _builder_version=\u00bb4.16&#8243; custom_padding=\u00bb|||\u00bb global_colors_info=\u00bb{}\u00bb custom_padding__hover=\u00bb|||\u00bb][et_pb_text _builder_version=\u00bb4.21.0&#8243; _module_preset=\u00bbdefault\u00bb text_text_color=\u00bb#FFFFFF\u00bb header_text_color=\u00bb#FFFFFF\u00bb max_width=\u00bb68%\u00bb module_alignment=\u00bbcenter\u00bb custom_margin=\u00bb50px|100px|||false|false\u00bb global_colors_info=\u00bb{}\u00bb]<\/p>\n<h1>GLOBALIZACI\u00d3N<\/h1>\n<p>[\/et_pb_text][et_pb_divider color=\u00bb#ffef47&#8243; divider_weight=\u00bb4px\u00bb _builder_version=\u00bb4.21.0&#8243; _module_preset=\u00bbdefault\u00bb width=\u00bb11%\u00bb max_width=\u00bb100%\u00bb custom_margin=\u00bb-37px|100px||85px|false|false\u00bb custom_padding=\u00bb0px||||false|false\u00bb global_colors_info=\u00bb{}\u00bb][\/et_pb_divider][et_pb_text _builder_version=\u00bb4.21.0&#8243; _module_preset=\u00bbdefault\u00bb text_text_color=\u00bb#FFFFFF\u00bb header_3_text_color=\u00bb#FFFFFF\u00bb text_orientation=\u00bbjustified\u00bb max_width=\u00bb68%\u00bb module_alignment=\u00bbcenter\u00bb custom_margin=\u00bb|100px|||false|false\u00bb global_colors_info=\u00bb{}\u00bb]<\/p>\n<h3 style=\"text-align: left;\"><b>RCTV International<\/b>, que mantiene lazos inquebrantables con\u00a0<b>RCTV<\/b>\u00a0la casa matriz, se ha consolidado como una empresa s\u00f3lida y robusta en sus m\u00e1s de cuatro d\u00e9cadas de fundaci\u00f3n. Esta experiencia le ha brindado el instinto para identificar perspectivas favorables para ubicar sus productos y aprovechar las ventajas en un mercado fuertemente competitivo.<\/h3>\n<h3 style=\"text-align: left;\"><\/h3>\n<h3 style=\"text-align: left;\">Asimismo, se mantiene unida a\u00a0<b>Sonogr\u00e1fica<\/b>, empresa l\u00edder en la producci\u00f3n y distribuci\u00f3n de m\u00fasica latina que lleva m\u00e1s de cuarenta a\u00f1os brindando un componente clave en nuestras producciones. Son m\u00e1s de 10.000 canciones de diversos g\u00e9neros, desde la salsa hasta el pop, pasando por el reggaet\u00f3n y el rock en el haber de esta distribuidora que integra desde sus inicios el\u00a0<b>Centro Corporativo 1BC<\/b>.<\/h3>\n<h3 style=\"text-align: left;\"><\/h3>\n<h3 style=\"text-align: left;\"><b>RCTV International<\/b>\u00a0se ha adaptado a las nuevas tendencias del consumo audiovisual, ofreciendo sus productos a trav\u00e9s de importantes plataformas OTT que le permiten llegar a millones de espectadores en todo el mundo. En estas siguen resonando \u00e9xitos como\u00a0<b>Mi gorda Bella<\/b>,\u00a0<b>Juana la Virgen<\/b>\u00a0y\u00a0<b>Almas en Pena<\/b>, nuestra primera serie producida para el formato de streaming.<\/h3>\n<h3 style=\"text-align: left;\"><\/h3>\n<h3 style=\"text-align: left;\">En la era de las comunicaciones, <b>RCTV International<\/b>\u00a0se mantiene al tanto de las nuevas tecnolog\u00edas para afrontar nuevos retos y continuar afianz\u00e1ndose en la preferencia de una teleaudiencia cada vez m\u00e1s exigente.<\/h3>\n<p>[\/et_pb_text][et_pb_image src=\u00bbhttps:\/\/www.rctvinternational.com\/wp-content\/uploads\/2023\/08\/Logos.png\u00bb title_text=\u00bbLogos\u00bb _builder_version=\u00bb4.21.0&#8243; _module_preset=\u00bbdefault\u00bb max_width=\u00bb80%\u00bb module_alignment=\u00bbcenter\u00bb custom_margin=\u00bb|100px|||false|false\u00bb global_colors_info=\u00bb{}\u00bb][\/et_pb_image][\/et_pb_column][\/et_pb_row][\/et_pb_section][et_pb_section fb_built=\u00bb1&#8243; admin_label=\u00bbFOOTER\u00bb _builder_version=\u00bb4.5.7&#8243; background_color=\u00bb#373737&#8243; min_height=\u00bb156px\u00bb custom_padding=\u00bb||10px|||\u00bb border_width_top=\u00bb10px\u00bb border_color_top=\u00bb#0071bc\u00bb global_module=\u00bb61&#8243; saved_tabs=\u00bball\u00bb locked=\u00bboff\u00bb collapsed=\u00bboff\u00bb global_colors_info=\u00bb{}\u00bb][et_pb_row column_structure=\u00bb2_3,1_3&#8243; _builder_version=\u00bb4.16&#8243; background_size=\u00bbinitial\u00bb background_position=\u00bbtop_left\u00bb background_repeat=\u00bbrepeat\u00bb custom_padding=\u00bb27px|0px|0|0px\u00bb global_colors_info=\u00bb{}\u00bb][et_pb_column type=\u00bb2_3&#8243; _builder_version=\u00bb4.16&#8243; custom_padding=\u00bb|||\u00bb global_colors_info=\u00bb{}\u00bb custom_padding__hover=\u00bb|||\u00bb][et_pb_text _builder_version=\u00bb4.16&#8243; text_font=\u00bbavenir|||on|||||\u00bb global_colors_info=\u00bb{}\u00bb]<\/p>\n<p style=\"text-align: center;\"><span style=\"color: #ffffff;\" data-darkreader-inline-color=\"\">Copyright\u00a0\u00a9\u00a0RCTV International All Rights Reserved Developed By\u00a0 <a href=\"http:\/\/www.rctvinternational.com\/en\/\"><img decoding=\"async\" loading=\"lazy\" class=\"wp-image-139 alignnone size-medium\" src=\"http:\/\/www.rctvinternational.com\/wp-content\/uploads\/2018\/08\/Analiticom-logo-Blanco-e1532532335952-300x59.png\" alt=\"\" width=\"97\" height=\"19\" \/><\/a><\/span><\/p>\n<p>[\/et_pb_text][\/et_pb_column][et_pb_column type=\u00bb1_3&#8243; _builder_version=\u00bb4.16&#8243; custom_padding=\u00bb|||\u00bb global_colors_info=\u00bb{}\u00bb custom_padding__hover=\u00bb|||\u00bb][et_pb_social_media_follow url_new_window=\u00bboff\u00bb _builder_version=\u00bb4.16&#8243; background_color=\u00bbrgba(124,218,36,0)\u00bb text_orientation=\u00bbcenter\u00bb global_colors_info=\u00bb{}\u00bb][\/et_pb_social_media_follow][\/et_pb_column][\/et_pb_row][\/et_pb_section]<\/p>","protected":false},"excerpt":{"rendered":"<p>ORIGENRCTV International Corporation, fundada en 1982 bajo el nombre de\u00a0Coral Pictures, es una compa\u00f1\u00eda venezolano estadounidense encargada de la comercializaci\u00f3n y distribuci\u00f3n de contenidos, principalmente de su empresa matriz\u00a0Radio Caracas Televisi\u00f3n, una de las primeras cadenas televisivas en se\u00f1al abierta creada en Suram\u00e9rica. RCTV International\u00a0comparte con\u00a0RCTV\u00a0de Venezuela, su legado y su historia que inicia de [&hellip;]<\/p>","protected":false},"author":8,"featured_media":0,"parent":0,"menu_order":0,"comment_status":"closed","ping_status":"closed","template":"","meta":{"_et_pb_use_builder":"on","_et_pb_old_content":"","_et_gb_content_width":""},"acf":[],"_links":{"self":[{"href":"https:\/\/www.rctvinternational.com\/en\/wp-json\/wp\/v2\/pages\/85"}],"collection":[{"href":"https:\/\/www.rctvinternational.com\/en\/wp-json\/wp\/v2\/pages"}],"about":[{"href":"https:\/\/www.rctvinternational.com\/en\/wp-json\/wp\/v2\/types\/page"}],"author":[{"embeddable":true,"href":"https:\/\/www.rctvinternational.com\/en\/wp-json\/wp\/v2\/users\/8"}],"replies":[{"embeddable":true,"href":"https:\/\/www.rctvinternational.com\/en\/wp-json\/wp\/v2\/comments?post=85"}],"version-history":[{"count":9,"href":"https:\/\/www.rctvinternational.com\/en\/wp-json\/wp\/v2\/pages\/85\/revisions"}],"predecessor-version":[{"id":235371,"href":"https:\/\/www.rctvinternational.com\/en\/wp-json\/wp\/v2\/pages\/85\/revisions\/235371"}],"wp:attachment":[{"href":"https:\/\/www.rctvinternational.com\/en\/wp-json\/wp\/v2\/media?parent=85"}],"curies":[{"name":"wp","href":"https:\/\/api.w.org\/{rel}","templated":true}]}}