{"id":228519,"date":"2019-11-01T14:22:50","date_gmt":"2019-11-01T14:22:50","guid":{"rendered":"http:\/\/beta.rctvintl.com\/?page_id=228519"},"modified":"2025-11-05T13:10:03","modified_gmt":"2025-11-05T13:10:03","slug":"servicios","status":"publish","type":"page","link":"https:\/\/www.rctvinternational.com\/en\/servicios\/","title":{"rendered":"SERVICIOS"},"content":{"rendered":"<p>[et_pb_section fb_built=\u00bb1&#8243; fullwidth=\u00bbon\u00bb _builder_version=\u00bb4.16&#8243; global_colors_info=\u00bb{}\u00bb][et_pb_fullwidth_image src=\u00bbhttp:\/\/www.rctvinternational.com\/wp-content\/uploads\/2020\/03\/Banner_Servicios_.jpg\u00bb title_text=\u00bbBanner_Servicios_\u00bb url=\u00bbhttp:\/\/rctvinternational.com\/wp-content\/uploads\/2019\/11\/CAT\u00c1LOGO-GENERAL-SERVICIOS-INTEGRALES-AUDIOVISUALES.pdf\u00bb url_new_window=\u00bbon\u00bb _builder_version=\u00bb4.19.5&#8243; global_colors_info=\u00bb{}\u00bb][\/et_pb_fullwidth_image][\/et_pb_section][et_pb_section fb_built=\u00bb1&#8243; _builder_version=\u00bb4.16&#8243; global_colors_info=\u00bb{}\u00bb][et_pb_row column_structure=\u00bb1_2,1_2&#8243; _builder_version=\u00bb4.16&#8243; background_size=\u00bbinitial\u00bb background_position=\u00bbtop_left\u00bb background_repeat=\u00bbrepeat\u00bb global_colors_info=\u00bb{}\u00bb][et_pb_column type=\u00bb1_2&#8243; _builder_version=\u00bb4.16&#8243; custom_padding=\u00bb|||\u00bb global_colors_info=\u00bb{}\u00bb custom_padding__hover=\u00bb|||\u00bb][et_pb_text _builder_version=\u00bb4.16&#8243; text_font=\u00bbAvenir||||||||\u00bb text_font_size=\u00bb30&#8243; text_orientation=\u00bbcenter\u00bb global_colors_info=\u00bb{}\u00bb]<\/p>\n<p style=\"text-align: center;\">Cat\u00e1logo General de Servicios<\/p>\n<p>[\/et_pb_text][et_pb_divider color=\u00bb#0071bc\u00bb divider_weight=\u00bb3px\u00bb _builder_version=\u00bb4.16&#8243; max_width=\u00bb24%\u00bb module_alignment=\u00bbcenter\u00bb height=\u00bb22px\u00bb custom_margin=\u00bb-10px|||\u00bb global_colors_info=\u00bb{}\u00bb]&nbsp;<br \/>\n[\/et_pb_divider][et_pb_text _builder_version=\u00bb4.16&#8243; global_colors_info=\u00bb{}\u00bb]<\/p>\n<p style=\"text-align: justify;\">En nuestro cat\u00e1logo de servicios podr\u00e1s obtener la informaci\u00f3n sobre los espacios disponibles para la pre producci\u00f3n, grabaci\u00f3n y post producci\u00f3n que puedes utilizar para proyectos de diferentes g\u00e9neros seriados, telenovelas, <em>talk shows<\/em>, musicales, noticieros, comerciales, video clips, ruedas de prensa, etc.<\/p>\n<p style=\"text-align: justify;\">M\u00e1s de 60 a\u00f1os de experiencia y los equipos para ayudarte a contar tus historias con la calidad y factura que requieren las audiencias actuales.<\/p>\n<p>[\/et_pb_text][et_pb_button button_url=\u00bbhttp:\/\/www.rctvinternational.com\/wp-content\/uploads\/2019\/11\/CAT\u00c1LOGO-GENERAL-SERVICIOS-INTEGRALES-AUDIOVISUALES.pdf\u00bb button_text=\u00bbVER CAT\u00c1LOGO (PDF)\u00bb button_alignment=\u00bbcenter\u00bb admin_label=\u00bbBot\u00f3n\u00bb _builder_version=\u00bb4.20.2&#8243; custom_button=\u00bbon\u00bb button_text_size=\u00bb14&#8243; button_text_color=\u00bb#ffffff\u00bb button_bg_color=\u00bb#0c71c3&#8243; button_border_width=\u00bb0&#8243; button_border_radius=\u00bb0&#8243; animation_style=\u00bbbounce\u00bb box_shadow_style=\u00bbpreset3&#8243; global_colors_info=\u00bb{}\u00bb][\/et_pb_button][\/et_pb_column][et_pb_column type=\u00bb1_2&#8243; _builder_version=\u00bb4.16&#8243; custom_padding=\u00bb|||\u00bb global_colors_info=\u00bb{}\u00bb custom_padding__hover=\u00bb|||\u00bb][et_pb_code _builder_version=\u00bb4.22.2&#8243; hover_enabled=\u00bb0&#8243; global_colors_info=\u00bb{}\u00bb sticky_enabled=\u00bb0&#8243;]<iframe loading=\"lazy\" title=\"vimeo-player\" src=\"https:\/\/player.vimeo.com\/video\/391584455?h=5816646307\" width=\"640\" height=\"360\" frameborder=\"0\" referrerpolicy=\"strict-origin-when-cross-origin\" allow=\"autoplay; fullscreen; picture-in-picture; clipboard-write; encrypted-media; web-share\"   allowfullscreen><\/iframe>[\/et_pb_code][\/et_pb_column][\/et_pb_row][\/et_pb_section][et_pb_section fb_built=\u00bb1&#8243; admin_label=\u00bbFOOTER\u00bb _builder_version=\u00bb4.5.7&#8243; background_color=\u00bb#373737&#8243; min_height=\u00bb156px\u00bb custom_padding=\u00bb||10px|||\u00bb border_width_top=\u00bb10px\u00bb border_color_top=\u00bb#0071bc\u00bb global_module=\u00bb61&#8243; saved_tabs=\u00bball\u00bb locked=\u00bboff\u00bb collapsed=\u00bboff\u00bb global_colors_info=\u00bb{}\u00bb][et_pb_row column_structure=\u00bb2_3,1_3&#8243; _builder_version=\u00bb4.16&#8243; background_size=\u00bbinitial\u00bb background_position=\u00bbtop_left\u00bb background_repeat=\u00bbrepeat\u00bb custom_padding=\u00bb27px|0px|0|0px\u00bb global_colors_info=\u00bb{}\u00bb][et_pb_column type=\u00bb2_3&#8243; _builder_version=\u00bb4.16&#8243; custom_padding=\u00bb|||\u00bb global_colors_info=\u00bb{}\u00bb custom_padding__hover=\u00bb|||\u00bb][et_pb_text _builder_version=\u00bb4.16&#8243; text_font=\u00bbavenir|||on|||||\u00bb global_colors_info=\u00bb{}\u00bb]<\/p>\n<p style=\"text-align: center;\"><span style=\"color: #ffffff;\" data-darkreader-inline-color=\"\">Copyright\u00a0\u00a9\u00a0RCTV International All Rights Reserved Developed By\u00a0 <a href=\"http:\/\/www.rctvinternational.com\/en\/\"><img decoding=\"async\" loading=\"lazy\" class=\"wp-image-139 alignnone size-medium\" src=\"http:\/\/www.rctvinternational.com\/wp-content\/uploads\/2018\/08\/Analiticom-logo-Blanco-e1532532335952-300x59.png\" alt=\"\" width=\"97\" height=\"19\" \/><\/a><\/span><\/p>\n<p>[\/et_pb_text][\/et_pb_column][et_pb_column type=\u00bb1_3&#8243; _builder_version=\u00bb4.16&#8243; custom_padding=\u00bb|||\u00bb global_colors_info=\u00bb{}\u00bb custom_padding__hover=\u00bb|||\u00bb][et_pb_social_media_follow url_new_window=\u00bboff\u00bb _builder_version=\u00bb4.16&#8243; background_color=\u00bbrgba(124,218,36,0)\u00bb text_orientation=\u00bbcenter\u00bb global_colors_info=\u00bb{}\u00bb][\/et_pb_social_media_follow][\/et_pb_column][\/et_pb_row][\/et_pb_section]<\/p>","protected":false},"excerpt":{"rendered":"<p>Cat\u00e1logo General de Servicios &nbsp; En nuestro cat\u00e1logo de servicios podr\u00e1s obtener la informaci\u00f3n sobre los espacios disponibles para la pre producci\u00f3n, grabaci\u00f3n y post producci\u00f3n que puedes utilizar para proyectos de diferentes g\u00e9neros seriados, telenovelas, talk shows, musicales, noticieros, comerciales, video clips, ruedas de prensa, etc. M\u00e1s de 60 a\u00f1os de experiencia y los [&hellip;]<\/p>","protected":false},"author":6,"featured_media":0,"parent":0,"menu_order":0,"comment_status":"closed","ping_status":"closed","template":"","meta":{"_et_pb_use_builder":"on","_et_pb_old_content":"","_et_gb_content_width":""},"acf":[],"_links":{"self":[{"href":"https:\/\/www.rctvinternational.com\/en\/wp-json\/wp\/v2\/pages\/228519"}],"collection":[{"href":"https:\/\/www.rctvinternational.com\/en\/wp-json\/wp\/v2\/pages"}],"about":[{"href":"https:\/\/www.rctvinternational.com\/en\/wp-json\/wp\/v2\/types\/page"}],"author":[{"embeddable":true,"href":"https:\/\/www.rctvinternational.com\/en\/wp-json\/wp\/v2\/users\/6"}],"replies":[{"embeddable":true,"href":"https:\/\/www.rctvinternational.com\/en\/wp-json\/wp\/v2\/comments?post=228519"}],"version-history":[{"count":10,"href":"https:\/\/www.rctvinternational.com\/en\/wp-json\/wp\/v2\/pages\/228519\/revisions"}],"predecessor-version":[{"id":237348,"href":"https:\/\/www.rctvinternational.com\/en\/wp-json\/wp\/v2\/pages\/228519\/revisions\/237348"}],"wp:attachment":[{"href":"https:\/\/www.rctvinternational.com\/en\/wp-json\/wp\/v2\/media?parent=228519"}],"curies":[{"name":"wp","href":"https:\/\/api.w.org\/{rel}","templated":true}]}}